{"id":191,"date":"2026-02-17T17:27:45","date_gmt":"2026-02-17T17:27:45","guid":{"rendered":"https:\/\/thomasaudio.se\/?post_type=product&#038;p=191"},"modified":"2026-03-07T08:55:11","modified_gmt":"2026-03-07T08:55:11","slug":"lars-danielsson-symphonized","status":"publish","type":"product","link":"https:\/\/thomasaudio.se\/?product=lars-danielsson-symphonized","title":{"rendered":"Lars Danielsson &#8211; Symphonized"},"content":{"rendered":"<p>Basisten Lars Danielsson blandar sin musik med en orkester och imponerande solister f\u00f6r filmiska ljudlandskap.<\/p>\n<p>Med sitt dubbelalbum &#8221;Symphonized&#8221; uppfyller Lars Danielsson en dr\u00f6m. Musiker ur G\u00f6teborgs Symfoniorkester var hans samtida vid konservatoriet. \u00c5r 2008 spelade han in sin egen musik med denna orkester f\u00f6r f\u00f6rsta g\u00e5ngen. \u00c5r 2017 fick orkesterns engelskt horn-spelare Bj\u00f6rn Bohlin v\u00e4lja en komposit\u00f6r att skriva ett verk f\u00f6r orkestern och han v\u00e4nde sig till Danielsson. 2018 spelade de konserten f\u00f6r engelskt horn och kontrabas live f\u00f6r f\u00f6rsta g\u00e5ngen och ett \u00e5r senare \u00e4gde inspelningen rum, denna g\u00e5ng med Carolina Grinne som solist p\u00e5 engelskt horn och oboe. <\/p>\n<p>Tv\u00e5 \u00e5r senare uppstod m\u00f6jligheten att spela in extramaterial p\u00e5 samma plats. Id\u00e9n om en &#8221;Greatest Hits&#8221; med stycken fr\u00e5n hans k\u00e4nda verk &#8221;Liberetto&#8221; i orkesterform f\u00f6ddes. En full orkester med g\u00e4stsolister var involverad med Peter Nordahl som dirigent.<br \/>\nDubbelalbumet kom ut 2023 och har visat sig vara en stor succ\u00e9.<\/p>\n<p>1 Liberetto<br \/>\n2 Passacaglia<br \/>\n3 Africa<br \/>\n4 Sacred Mind<br \/>\n5 Lviv<br \/>\n6 Nikita&#8217;s Dream<br \/>\n7 The Fifth Grade<br \/>\n8 Yes To You<br \/>\n9 I. Affettuoso<br \/>\n10 II. Elegi<br \/>\n11 Intermedium<br \/>\n12 III. Le Bagatelle<br \/>\n13 IV. Scherzo<\/p>\n","protected":false},"excerpt":{"rendered":"<p>Dubbel-Vinyl<br \/>\nDubbel-CD<\/p>\n","protected":false},"featured_media":192,"template":"","meta":[],"product_brand":[17],"product_cat":[16],"product_tag":[18,19,213,39,23],"class_list":{"0":"post-191","1":"product","2":"type-product","3":"status-publish","4":"has-post-thumbnail","6":"product_brand-act","7":"product_cat-album","8":"product_tag-cd","9":"product_tag-jazz","10":"product_tag-lars-danielsson","11":"product_tag-nutida-instrumentellt","12":"product_tag-vinyl","14":"first","15":"instock","16":"shipping-taxable","17":"purchasable","18":"product-type-variable"},"_links":{"self":[{"href":"https:\/\/thomasaudio.se\/index.php?rest_route=\/wp\/v2\/product\/191","targetHints":{"allow":["GET"]}}],"collection":[{"href":"https:\/\/thomasaudio.se\/index.php?rest_route=\/wp\/v2\/product"}],"about":[{"href":"https:\/\/thomasaudio.se\/index.php?rest_route=\/wp\/v2\/types\/product"}],"wp:featuredmedia":[{"embeddable":true,"href":"https:\/\/thomasaudio.se\/index.php?rest_route=\/wp\/v2\/media\/192"}],"wp:attachment":[{"href":"https:\/\/thomasaudio.se\/index.php?rest_route=%2Fwp%2Fv2%2Fmedia&parent=191"}],"wp:term":[{"taxonomy":"product_brand","embeddable":true,"href":"https:\/\/thomasaudio.se\/index.php?rest_route=%2Fwp%2Fv2%2Fproduct_brand&post=191"},{"taxonomy":"product_cat","embeddable":true,"href":"https:\/\/thomasaudio.se\/index.php?rest_route=%2Fwp%2Fv2%2Fproduct_cat&post=191"},{"taxonomy":"product_tag","embeddable":true,"href":"https:\/\/thomasaudio.se\/index.php?rest_route=%2Fwp%2Fv2%2Fproduct_tag&post=191"}],"curies":[{"name":"wp","href":"https:\/\/api.w.org\/{rel}","templated":true}]}}