{"id":172,"date":"2026-02-17T16:04:24","date_gmt":"2026-02-17T16:04:24","guid":{"rendered":"https:\/\/thomasaudio.se\/?post_type=product&#038;p=172"},"modified":"2026-03-07T08:56:32","modified_gmt":"2026-03-07T08:56:32","slug":"joel-lyssarides-georgios-prokopiou-arcs-rivers","status":"publish","type":"product","link":"https:\/\/thomasaudio.se\/?product=joel-lyssarides-georgios-prokopiou-arcs-rivers","title":{"rendered":"Joel Lyssarides &#038; Georgios Prokopiou &#8211; Arcs &#038; Rivers"},"content":{"rendered":"<p>Lyssarides och Prokopiou valde att kasta sitt n\u00e4t s\u00e5 brett som m\u00f6jligt. Efter en generalkonsert p\u00e5 ACT Art Collection i Berlin \u2013 d\u00e4r &#8217;Zafeirious Solo&#8217;, inkluderas p\u00e5 albumet \u2013 m\u00f6ttes de tv\u00e5 igen p\u00e5 samma plats f\u00f6r att spela in resten med inspelningsutrustning p\u00e5 plats. Joel s\u00e4ger s\u00e5 h\u00e4r: &#8221;..Till exempel ville vi inkludera f\u00f6rsiktigt spelade moment, mikrofonerade p\u00e5 n\u00e4ra h\u00e5ll. Vi ville ocks\u00e5 f\u00e5nga det fantastiska ljudet fr\u00e5n flygeln som ursprungligen valdes ut av stj\u00e4rnpianisten Alfred Brendel. <\/p>\n<p>\u00d6verlag var det dock mycket som var v\u00e4ldigt spontant. Hela albumet spelades in vid en session &#8211; ungef\u00e4r fyra timmar &#8211; i alla fall mestadels f\u00f6rsta-tagningar. Jag \u00e4r oftast perfektionist och spenderar dagar med att omarbeta och redigera musik i studion. Den h\u00e4r g\u00e5ngen ville jag dock att det skulle vara s\u00e5 direkt och i stunden som m\u00f6jligt&#8221;.<br \/>\nOch det har fungerat. &#8217;Arcs &#038; Rivers&#8217; \u00e4r som en skissbok med dialoger som \u2013 med tanke p\u00e5 att det \u00e4r ett f\u00f6rsta projekt \u2013 s\u00e4tter ribban f\u00f6r prestation mycket h\u00f6gt. B\u00e5de i de nya kompositionerna och i bearbetningarna av traditionellt material \u2013 som i &#8217;Kamilieriko Road&#8217; \u2013 har denna musik ett bl\u00e4ndande, magiskt ljud.<\/p>\n<p>1 Arcs<br \/>\n2 Anamnesis<br \/>\n3 A Night in Piraeus<br \/>\n4 Echoes<br \/>\n5 Rivers<br \/>\n6 Lyssarides Lament<br \/>\n7 Kamilieriko Road<br \/>\n8 Orange Moon<br \/>\n9 From East to West<br \/>\n10 Zafeirious Solo<\/p>\n","protected":false},"excerpt":{"rendered":"<p>Lyssarides och Prokopiou valde att kasta sitt n\u00e4t s\u00e5 brett som m\u00f6jligt. Efter en generalkonsert p\u00e5 ACT Art Collection i Berlin \u2013 d\u00e4r &#8217;Zafeirious Solo&#8217;, inkluderas p\u00e5 albumet \u2013 m\u00f6ttes de tv\u00e5 igen p\u00e5 samma plats f\u00f6r att spela in resten med inspelningsutrustning p\u00e5 plats. Joel s\u00e4ger s\u00e5 h\u00e4r: &#8221;..Till exempel ville vi inkludera f\u00f6rsiktigt&#8230;<\/p>\n","protected":false},"featured_media":177,"template":"","meta":[],"product_brand":[17],"product_cat":[16],"product_tag":[18,215,39,23],"class_list":{"0":"post-172","1":"product","2":"type-product","3":"status-publish","4":"has-post-thumbnail","6":"product_brand-act","7":"product_cat-album","8":"product_tag-cd","9":"product_tag-joel-lyssarides","10":"product_tag-nutida-instrumentellt","11":"product_tag-vinyl","13":"first","14":"instock","15":"shipping-taxable","16":"purchasable","17":"product-type-variable"},"_links":{"self":[{"href":"https:\/\/thomasaudio.se\/index.php?rest_route=\/wp\/v2\/product\/172","targetHints":{"allow":["GET"]}}],"collection":[{"href":"https:\/\/thomasaudio.se\/index.php?rest_route=\/wp\/v2\/product"}],"about":[{"href":"https:\/\/thomasaudio.se\/index.php?rest_route=\/wp\/v2\/types\/product"}],"wp:featuredmedia":[{"embeddable":true,"href":"https:\/\/thomasaudio.se\/index.php?rest_route=\/wp\/v2\/media\/177"}],"wp:attachment":[{"href":"https:\/\/thomasaudio.se\/index.php?rest_route=%2Fwp%2Fv2%2Fmedia&parent=172"}],"wp:term":[{"taxonomy":"product_brand","embeddable":true,"href":"https:\/\/thomasaudio.se\/index.php?rest_route=%2Fwp%2Fv2%2Fproduct_brand&post=172"},{"taxonomy":"product_cat","embeddable":true,"href":"https:\/\/thomasaudio.se\/index.php?rest_route=%2Fwp%2Fv2%2Fproduct_cat&post=172"},{"taxonomy":"product_tag","embeddable":true,"href":"https:\/\/thomasaudio.se\/index.php?rest_route=%2Fwp%2Fv2%2Fproduct_tag&post=172"}],"curies":[{"name":"wp","href":"https:\/\/api.w.org\/{rel}","templated":true}]}}