{"id":170,"date":"2026-02-17T15:45:12","date_gmt":"2026-02-17T15:45:12","guid":{"rendered":"https:\/\/thomasaudio.se\/?post_type=product&#038;p=170"},"modified":"2026-03-07T08:56:50","modified_gmt":"2026-03-07T08:56:50","slug":"andy-sheppard-quartet-romaria","status":"publish","type":"product","link":"https:\/\/thomasaudio.se\/?product=andy-sheppard-quartet-romaria","title":{"rendered":"Andy Sheppard Quartet &#8211; Romaria"},"content":{"rendered":"<p>Andy Sheppards kvartett forts\u00e4tter de musikaliska utforskningar som p\u00e5b\u00f6rjades med albumet &#8221;Surrounded By Sea&#8221;, ett album som T\u00e9l\u00e9rama prisade f\u00f6r sin &#8221;gripande frid.&#8221; Romaria best\u00e5r av kompositioner av Shep-pard f\u00f6rutom titelsp\u00e5ret av s\u00e5ngaren Renato Teixeira. Andy Sheppards saxofon och Eivind Aarsets gitarr och elektronik f\u00e5r en h\u00e4rlig rymd av den gener\u00f6sa akustiken i Luganos konserthall Auditorio Stelio Molo RSI. Det finns en fri atmosf\u00e4risk, ambient drift i musiken d\u00e4r Michel Benita och Seb Rochford \u00e4r fria att r\u00f6ra sig in och ut ur konventionella rytmsektionsroller. &#8221;Romaria&#8221; spelades in i april 2017 och producerades av Manfred Eicher.<\/p>\n<p>Andy Sheppard &#8211; saxofoner<br \/>\nEivind Aarset &#8211; gitarr<br \/>\nMichel Benita &#8211; kontrabas<br \/>\nSebastian Rochford &#8211; trummor<\/p>\n<p>1 And A Day&#8230;<br \/>\n2 Thirteen<br \/>\n3 Romaria<br \/>\n4 Pop<br \/>\n5 They Came Rrom The North<br \/>\n6 With Every Flower That Falls<br \/>\n7 All Becomes Again<br \/>\n8 Forever&#8230;<\/p>\n","protected":false},"excerpt":{"rendered":"<p>Andy Sheppards kvartett forts\u00e4tter de musikaliska utforskningar som p\u00e5b\u00f6rjades med albumet &#8221;Surrounded By Sea&#8221;, ett album som T\u00e9l\u00e9rama prisade f\u00f6r sin &#8221;gripande frid.&#8221; Romaria best\u00e5r av kompositioner av Shep-pard f\u00f6rutom titelsp\u00e5ret av s\u00e5ngaren Renato Teixeira. Andy Sheppards saxofon och Eivind Aarsets gitarr och elektronik f\u00e5r en h\u00e4rlig rymd av den gener\u00f6sa akustiken i Luganos konserthall&#8230;<\/p>\n","protected":false},"featured_media":207,"template":"","meta":[],"product_brand":[26],"product_cat":[16],"product_tag":[216,19,20,23],"class_list":{"0":"post-170","1":"product","2":"type-product","3":"status-publish","4":"has-post-thumbnail","6":"product_brand-ecm","7":"product_cat-album","8":"product_tag-andy-sheppard-quartet","9":"product_tag-jazz","10":"product_tag-upplevelsemusik","11":"product_tag-vinyl","13":"first","14":"instock","15":"shipping-taxable","16":"purchasable","17":"product-type-variable"},"_links":{"self":[{"href":"https:\/\/thomasaudio.se\/index.php?rest_route=\/wp\/v2\/product\/170","targetHints":{"allow":["GET"]}}],"collection":[{"href":"https:\/\/thomasaudio.se\/index.php?rest_route=\/wp\/v2\/product"}],"about":[{"href":"https:\/\/thomasaudio.se\/index.php?rest_route=\/wp\/v2\/types\/product"}],"wp:featuredmedia":[{"embeddable":true,"href":"https:\/\/thomasaudio.se\/index.php?rest_route=\/wp\/v2\/media\/207"}],"wp:attachment":[{"href":"https:\/\/thomasaudio.se\/index.php?rest_route=%2Fwp%2Fv2%2Fmedia&parent=170"}],"wp:term":[{"taxonomy":"product_brand","embeddable":true,"href":"https:\/\/thomasaudio.se\/index.php?rest_route=%2Fwp%2Fv2%2Fproduct_brand&post=170"},{"taxonomy":"product_cat","embeddable":true,"href":"https:\/\/thomasaudio.se\/index.php?rest_route=%2Fwp%2Fv2%2Fproduct_cat&post=170"},{"taxonomy":"product_tag","embeddable":true,"href":"https:\/\/thomasaudio.se\/index.php?rest_route=%2Fwp%2Fv2%2Fproduct_tag&post=170"}],"curies":[{"name":"wp","href":"https:\/\/api.w.org\/{rel}","templated":true}]}}