{"id":168,"date":"2026-02-17T15:01:26","date_gmt":"2026-02-17T15:01:26","guid":{"rendered":"https:\/\/thomasaudio.se\/?post_type=product&#038;p=168"},"modified":"2026-03-07T08:57:19","modified_gmt":"2026-03-07T08:57:19","slug":"svensson-esbjorn-home-s","status":"publish","type":"product","link":"https:\/\/thomasaudio.se\/?product=svensson-esbjorn-home-s","title":{"rendered":"Esbj\u00f6rn Svensson &#8211; HOME.S."},"content":{"rendered":"<p>Utgivningen av HOME.S., det enda existerande, tidigare outgivna soloalbumet av pianisten Esbj\u00f6rn Svensson, \u00e4r inget mindre \u00e4n en sensation. Inspelningarna gjordes i Svenssons svenska hem \u2013 bara veckor f\u00f6re hans tragiska d\u00f6d den 14 juni 2008, varefter de l\u00e5g ouppt\u00e4ckta p\u00e5 en h\u00e5rddisk i hans fru Eva Svenssons personliga arkiv i n\u00e4stan tio \u00e5r. HOME.S. best\u00e5r av nio pianol\u00e5tar, best\u00e5ende av en kombination av utskrivna fragment och Svenssons unika, melodiska improvisationsstil. Hj\u00e4rtligt, sj\u00e4lsfullt och djupt personligt. Ett &#8221;meddelande smugglat \u00f6ver gr\u00e4nsen, burit av k\u00e4rlek, rum, tid och o\u00e4ndlig skapande kraft.&#8221; (Eva Svensson)<\/p>\n","protected":false},"excerpt":{"rendered":"<p>Vit vinyl<\/p>\n","protected":false},"featured_media":169,"template":"","meta":[],"product_brand":[17],"product_cat":[16],"product_tag":[217,19,35,43,23],"class_list":{"0":"post-168","1":"product","2":"type-product","3":"status-publish","4":"has-post-thumbnail","6":"product_brand-act","7":"product_cat-album","8":"product_tag-esbjorn-svensson","9":"product_tag-jazz","10":"product_tag-kanslomusik","11":"product_tag-solopiano","12":"product_tag-vinyl","14":"first","15":"instock","16":"shipping-taxable","17":"purchasable","18":"product-type-simple"},"_links":{"self":[{"href":"https:\/\/thomasaudio.se\/index.php?rest_route=\/wp\/v2\/product\/168","targetHints":{"allow":["GET"]}}],"collection":[{"href":"https:\/\/thomasaudio.se\/index.php?rest_route=\/wp\/v2\/product"}],"about":[{"href":"https:\/\/thomasaudio.se\/index.php?rest_route=\/wp\/v2\/types\/product"}],"wp:featuredmedia":[{"embeddable":true,"href":"https:\/\/thomasaudio.se\/index.php?rest_route=\/wp\/v2\/media\/169"}],"wp:attachment":[{"href":"https:\/\/thomasaudio.se\/index.php?rest_route=%2Fwp%2Fv2%2Fmedia&parent=168"}],"wp:term":[{"taxonomy":"product_brand","embeddable":true,"href":"https:\/\/thomasaudio.se\/index.php?rest_route=%2Fwp%2Fv2%2Fproduct_brand&post=168"},{"taxonomy":"product_cat","embeddable":true,"href":"https:\/\/thomasaudio.se\/index.php?rest_route=%2Fwp%2Fv2%2Fproduct_cat&post=168"},{"taxonomy":"product_tag","embeddable":true,"href":"https:\/\/thomasaudio.se\/index.php?rest_route=%2Fwp%2Fv2%2Fproduct_tag&post=168"}],"curies":[{"name":"wp","href":"https:\/\/api.w.org\/{rel}","templated":true}]}}