{"id":163,"date":"2026-02-17T14:42:52","date_gmt":"2026-02-17T14:42:52","guid":{"rendered":"https:\/\/thomasaudio.se\/?post_type=product&#038;p=163"},"modified":"2026-03-07T08:57:38","modified_gmt":"2026-03-07T08:57:38","slug":"avishai-cohen-trumpet-quartet-ashes-to-gold","status":"publish","type":"product","link":"https:\/\/thomasaudio.se\/?product=avishai-cohen-trumpet-quartet-ashes-to-gold","title":{"rendered":"Avishai Cohen (trumpet) Quartet &#8211; Ashes to Gold"},"content":{"rendered":"<p>I flammande form svarar trumpetaren fr\u00e5n Tel Aviv p\u00e5 den turbulenta andan i en orolig tid och leder sitt dedikerade band genom en femdelad svit som sp\u00e4nner \u00f6ver hela k\u00e4nsloskalan, v\u00e4xlande hoppfull, f\u00f6rtvivlad, uppr\u00f6rd och djupt melankolisk. <\/p>\n<p>Den melodiska direktheten i avslutande &#8221;The Seventh&#8221;, <em>komponerad av Avishai Cohens ton\u00e5rsdotter Amalia<\/em>, erbjuder tr\u00f6stande kontrast till svitens intensitet. D\u00e4remellan riktar Cohen sin uppm\u00e4rksamhet mot den sp\u00f6klika Adagio assai fr\u00e5n Ravels G-dur-pianokonsert som l\u00e4nge varit en h\u00f6jdpunkt i kvartettens konserter. Ashes to Gold spelades in i november 2023 p\u00e5 Studios La Buissonne i s\u00f6dra Frankrike.<\/p>\n<p>1 Ashes to Gold, Part I<br \/>\n2 Ashes to Gold, Part II<br \/>\n3 Ashes to Gold, Part III<br \/>\n4 Ashes to Gold, Part IV<br \/>\n5 Ashes to Gold, Part V<br \/>\n6 Adagio assai (ur Ravel&#8217;s Pianokonsert i G maj)<br \/>\n7 The Seventh<\/p>\n","protected":false},"excerpt":{"rendered":"<p>I flammande form svarar trumpetaren fr\u00e5n Tel Aviv p\u00e5 den turbulenta andan i en orolig tid och leder sitt dedikerade band genom en femdelad svit som sp\u00e4nner \u00f6ver hela k\u00e4nsloskalan, v\u00e4xlande hoppfull, f\u00f6rtvivlad, uppr\u00f6rd och djupt melankolisk. Den melodiska direktheten i avslutande &#8221;The Seventh&#8221;, komponerad av Avishai Cohens ton\u00e5rsdotter Amalia, erbjuder tr\u00f6stande kontrast till svitens&#8230;<\/p>\n","protected":false},"featured_media":167,"template":"","meta":[],"product_brand":[26],"product_cat":[16],"product_tag":[218,18,19,23],"class_list":{"0":"post-163","1":"product","2":"type-product","3":"status-publish","4":"has-post-thumbnail","6":"product_brand-ecm","7":"product_cat-album","8":"product_tag-avishai-cohen-trumpet","9":"product_tag-cd","10":"product_tag-jazz","11":"product_tag-vinyl","13":"first","14":"instock","15":"shipping-taxable","16":"purchasable","17":"product-type-variable"},"_links":{"self":[{"href":"https:\/\/thomasaudio.se\/index.php?rest_route=\/wp\/v2\/product\/163","targetHints":{"allow":["GET"]}}],"collection":[{"href":"https:\/\/thomasaudio.se\/index.php?rest_route=\/wp\/v2\/product"}],"about":[{"href":"https:\/\/thomasaudio.se\/index.php?rest_route=\/wp\/v2\/types\/product"}],"wp:featuredmedia":[{"embeddable":true,"href":"https:\/\/thomasaudio.se\/index.php?rest_route=\/wp\/v2\/media\/167"}],"wp:attachment":[{"href":"https:\/\/thomasaudio.se\/index.php?rest_route=%2Fwp%2Fv2%2Fmedia&parent=163"}],"wp:term":[{"taxonomy":"product_brand","embeddable":true,"href":"https:\/\/thomasaudio.se\/index.php?rest_route=%2Fwp%2Fv2%2Fproduct_brand&post=163"},{"taxonomy":"product_cat","embeddable":true,"href":"https:\/\/thomasaudio.se\/index.php?rest_route=%2Fwp%2Fv2%2Fproduct_cat&post=163"},{"taxonomy":"product_tag","embeddable":true,"href":"https:\/\/thomasaudio.se\/index.php?rest_route=%2Fwp%2Fv2%2Fproduct_tag&post=163"}],"curies":[{"name":"wp","href":"https:\/\/api.w.org\/{rel}","templated":true}]}}