{"id":1621,"date":"2026-05-07T15:58:59","date_gmt":"2026-05-07T15:58:59","guid":{"rendered":"https:\/\/thomasaudio.se\/?post_type=product&#038;p=1621"},"modified":"2026-05-07T15:58:59","modified_gmt":"2026-05-07T15:58:59","slug":"marc-andre-hamelin-alkan-concerto-for-solo-piano","status":"publish","type":"product","link":"https:\/\/thomasaudio.se\/?product=marc-andre-hamelin-alkan-concerto-for-solo-piano","title":{"rendered":"Marc-Andr\u00e9 Hamelin &#8211; Alkan: Concerto for solo piano"},"content":{"rendered":"<p>Charles-Valentin Alkan var en av de st\u00f6rsta komponerande pianisterna med en stil, lika originell som Chopin eller Liszt, och en teknik som till och med Liszt erk\u00e4nde var den st\u00f6rsta han n\u00e5gonsin k\u00e4nt. Hans musik \u00e4r av \u00f6vertr\u00e4ffande sv\u00e5righetsgrad och f\u00f6ll i relativ anonymitet i en tid d\u00e5 publicerad musik ofta riktades till pianister som inte var klassiskt skolade. Men verkets storhet \u00e4r obestridlig\u2014men den kr\u00e4ver utan tvekan prestationer av outtr\u00f6ttlig briljans.<\/p>\n<p>Alkans konsert f\u00f6r solopiano \u00e4r en av de stora kompositionerna \u2013 ett episkt verk som kr\u00e4ver en aldrig tidigare sk\u00e5dad teknisk skicklighet och fysisk uth\u00e5llighet. Den \u00e4r utformad i en hisnande storslagen skala. Troisi\u00e8me recueil de chants \u00e4r en h\u00e4rlig s\u00e4llsynthet, r\u00e4ddad h\u00e4r fr\u00e5n gl\u00f6mska av v\u00e4rldspianisten Marc-Andr\u00e9 Hamelin, som med sin transcendentala teknik helt enkelt \u00e4r en av de idag fr\u00e4msta ut\u00f6varna av denna omv\u00e4lvande musik.<\/p>\n<p>1 Douze \u00c9tudes dans tous les tons mineurs Op 39<br \/>\nNo 8 Concerto for solo piano movement 1: Allegro assai<br \/>\nNo 9 Concerto for solo piano movement 2: Adagio<br \/>\nNo 10 Concerto for solo piano movement 3: Allegretto alla barbaresca<br \/>\n2 Troisi\u00e8me recueil de chants Op 65<\/p>\n","protected":false},"excerpt":{"rendered":"<p>Charles-Valentin Alkan var en av de st\u00f6rsta komponerande pianisterna med en stil, lika originell som Chopin eller Liszt, och en teknik som till och med Liszt erk\u00e4nde var den st\u00f6rsta han n\u00e5gonsin k\u00e4nt. Hans musik \u00e4r av \u00f6vertr\u00e4ffande sv\u00e5righetsgrad och f\u00f6ll i relativ anonymitet i en tid d\u00e5 publicerad musik ofta riktades till pianister som&#8230;<\/p>\n","protected":false},"featured_media":1622,"template":"","meta":[],"product_brand":[319],"product_cat":[16],"product_tag":[18,36,43],"class_list":{"0":"post-1621","1":"product","2":"type-product","3":"status-publish","4":"has-post-thumbnail","6":"product_brand-hyperion","7":"product_cat-album","8":"product_tag-cd","9":"product_tag-klassiskt","10":"product_tag-solopiano","12":"first","13":"instock","14":"shipping-taxable","15":"purchasable","16":"product-type-simple"},"_links":{"self":[{"href":"https:\/\/thomasaudio.se\/index.php?rest_route=\/wp\/v2\/product\/1621","targetHints":{"allow":["GET"]}}],"collection":[{"href":"https:\/\/thomasaudio.se\/index.php?rest_route=\/wp\/v2\/product"}],"about":[{"href":"https:\/\/thomasaudio.se\/index.php?rest_route=\/wp\/v2\/types\/product"}],"wp:featuredmedia":[{"embeddable":true,"href":"https:\/\/thomasaudio.se\/index.php?rest_route=\/wp\/v2\/media\/1622"}],"wp:attachment":[{"href":"https:\/\/thomasaudio.se\/index.php?rest_route=%2Fwp%2Fv2%2Fmedia&parent=1621"}],"wp:term":[{"taxonomy":"product_brand","embeddable":true,"href":"https:\/\/thomasaudio.se\/index.php?rest_route=%2Fwp%2Fv2%2Fproduct_brand&post=1621"},{"taxonomy":"product_cat","embeddable":true,"href":"https:\/\/thomasaudio.se\/index.php?rest_route=%2Fwp%2Fv2%2Fproduct_cat&post=1621"},{"taxonomy":"product_tag","embeddable":true,"href":"https:\/\/thomasaudio.se\/index.php?rest_route=%2Fwp%2Fv2%2Fproduct_tag&post=1621"}],"curies":[{"name":"wp","href":"https:\/\/api.w.org\/{rel}","templated":true}]}}