{"id":1618,"date":"2026-05-07T15:38:58","date_gmt":"2026-05-07T15:38:58","guid":{"rendered":"https:\/\/thomasaudio.se\/?post_type=product&#038;p=1618"},"modified":"2026-05-07T15:38:58","modified_gmt":"2026-05-07T15:38:58","slug":"marc-andre-hamelin-isaac-albeniz-iberia-other-late-piano-music","status":"publish","type":"product","link":"https:\/\/thomasaudio.se\/?product=marc-andre-hamelin-isaac-albeniz-iberia-other-late-piano-music","title":{"rendered":"Marc-Andr\u00e9 Hamelin &#8211; Isaac Alb\u00e9niz: Iberia &#038; other late piano music"},"content":{"rendered":"<p>De tolv styckena av Alb\u00e9niz Iberia \u00e4r inte bara komposit\u00f6rens st\u00f6rsta verk utan ocks\u00e5 det st\u00f6rsta pianoverket som kommit fr\u00e5n Spanien. Inspirerad av Ravels och Debussys musik omvandlade Alb\u00e9niz sin tidigare stil till ett spr\u00e5k som var mycket mer komplext \u2013 harmonisk och texturm\u00e4ssigt \u2013 och som som f\u00e5ngar Spaniens kulturella v\u00e4sen. \u00d6verfl\u00f6det i musikens inneh\u00e5ll skapar stora virtuosa utmaningar, s\u00e5 vem \u00e4r b\u00e4ttre p\u00e5 att inse sk\u00f6nheten bortom noterna \u00e4n Marc-Andr\u00e9 Hamelin.<\/p>\n<p>1 Liberia<br \/>\n2 La Vega<br \/>\n3 Yvonne en visite!<br \/>\n4 Espa\u00f1a. Souvenirs<br \/>\n5 Navarra<\/p>\n","protected":false},"excerpt":{"rendered":"<p>2CD<\/p>\n","protected":false},"featured_media":1619,"template":"","meta":[],"product_brand":[319],"product_cat":[16],"product_tag":[18,36,43],"class_list":{"0":"post-1618","1":"product","2":"type-product","3":"status-publish","4":"has-post-thumbnail","6":"product_brand-hyperion","7":"product_cat-album","8":"product_tag-cd","9":"product_tag-klassiskt","10":"product_tag-solopiano","12":"first","13":"instock","14":"shipping-taxable","15":"purchasable","16":"product-type-simple"},"_links":{"self":[{"href":"https:\/\/thomasaudio.se\/index.php?rest_route=\/wp\/v2\/product\/1618","targetHints":{"allow":["GET"]}}],"collection":[{"href":"https:\/\/thomasaudio.se\/index.php?rest_route=\/wp\/v2\/product"}],"about":[{"href":"https:\/\/thomasaudio.se\/index.php?rest_route=\/wp\/v2\/types\/product"}],"wp:featuredmedia":[{"embeddable":true,"href":"https:\/\/thomasaudio.se\/index.php?rest_route=\/wp\/v2\/media\/1619"}],"wp:attachment":[{"href":"https:\/\/thomasaudio.se\/index.php?rest_route=%2Fwp%2Fv2%2Fmedia&parent=1618"}],"wp:term":[{"taxonomy":"product_brand","embeddable":true,"href":"https:\/\/thomasaudio.se\/index.php?rest_route=%2Fwp%2Fv2%2Fproduct_brand&post=1618"},{"taxonomy":"product_cat","embeddable":true,"href":"https:\/\/thomasaudio.se\/index.php?rest_route=%2Fwp%2Fv2%2Fproduct_cat&post=1618"},{"taxonomy":"product_tag","embeddable":true,"href":"https:\/\/thomasaudio.se\/index.php?rest_route=%2Fwp%2Fv2%2Fproduct_tag&post=1618"}],"curies":[{"name":"wp","href":"https:\/\/api.w.org\/{rel}","templated":true}]}}