{"id":1610,"date":"2026-05-01T16:49:25","date_gmt":"2026-05-01T16:49:25","guid":{"rendered":"https:\/\/thomasaudio.se\/?post_type=product&#038;p=1610"},"modified":"2026-05-01T16:50:30","modified_gmt":"2026-05-01T16:50:30","slug":"warm-audio-premiere","status":"publish","type":"product","link":"https:\/\/thomasaudio.se\/?product=warm-audio-premiere","title":{"rendered":"Warm Audio Premiere"},"content":{"rendered":"<p>Warm Audio har samarbetat med Schweiziska Gotham. Gotham \u00e4r Europas topproducent av kablar och k\u00e4nda f\u00f6r sin extra h\u00f6ga kvalitet.<br \/>\nKabeln \u00e4r tillverkad med fem k\u00e4rnor ist\u00e4llet f\u00f6r tre. Kabeln har tv\u00e5 k\u00e4rnor vardera f\u00f6r de positiva och negativa benen samt en enda jord, vilket ger ytterligare skydd mot inre och yttre st\u00f6rningar i eln\u00e4tet.<br \/>\nDubbel-Reussen-sk\u00e4rmning g\u00e5r mycket l\u00e4ngre \u00e4n mer traditionella tekniker p\u00e5 tv\u00e5 s\u00e4tt: F\u00f6r det f\u00f6rsta \u00e4r kabeln lindad med inte en utan TV\u00c5 separata sk\u00f6ldar, den yttre sk\u00f6lden \u00e4r lindad i motsatt riktning mot den inre sk\u00f6lden. En extra tyst kabel.<br \/>\n1, 8 m.<\/p>\n","protected":false},"excerpt":{"rendered":"<p>Pris per par.<br \/>\n1,8 m<\/p>\n","protected":false},"featured_media":1611,"template":"","meta":[],"product_brand":[273],"product_cat":[56],"product_tag":[90,82],"class_list":{"0":"post-1610","1":"product","2":"type-product","3":"status-publish","4":"has-post-thumbnail","6":"product_brand-warm-audio","7":"product_cat-hifi","8":"product_tag-lagnivakabel","9":"product_tag-ljudkabel","11":"first","12":"instock","13":"shipping-taxable","14":"purchasable","15":"product-type-simple"},"_links":{"self":[{"href":"https:\/\/thomasaudio.se\/index.php?rest_route=\/wp\/v2\/product\/1610","targetHints":{"allow":["GET"]}}],"collection":[{"href":"https:\/\/thomasaudio.se\/index.php?rest_route=\/wp\/v2\/product"}],"about":[{"href":"https:\/\/thomasaudio.se\/index.php?rest_route=\/wp\/v2\/types\/product"}],"wp:featuredmedia":[{"embeddable":true,"href":"https:\/\/thomasaudio.se\/index.php?rest_route=\/wp\/v2\/media\/1611"}],"wp:attachment":[{"href":"https:\/\/thomasaudio.se\/index.php?rest_route=%2Fwp%2Fv2%2Fmedia&parent=1610"}],"wp:term":[{"taxonomy":"product_brand","embeddable":true,"href":"https:\/\/thomasaudio.se\/index.php?rest_route=%2Fwp%2Fv2%2Fproduct_brand&post=1610"},{"taxonomy":"product_cat","embeddable":true,"href":"https:\/\/thomasaudio.se\/index.php?rest_route=%2Fwp%2Fv2%2Fproduct_cat&post=1610"},{"taxonomy":"product_tag","embeddable":true,"href":"https:\/\/thomasaudio.se\/index.php?rest_route=%2Fwp%2Fv2%2Fproduct_tag&post=1610"}],"curies":[{"name":"wp","href":"https:\/\/api.w.org\/{rel}","templated":true}]}}