{"id":1608,"date":"2026-05-01T16:37:39","date_gmt":"2026-05-01T16:37:39","guid":{"rendered":"https:\/\/thomasaudio.se\/?post_type=product&#038;p=1608"},"modified":"2026-05-01T16:52:22","modified_gmt":"2026-05-01T16:52:22","slug":"warm-audio-pro","status":"publish","type":"product","link":"https:\/\/thomasaudio.se\/?product=warm-audio-pro","title":{"rendered":"Warm Audio Pro"},"content":{"rendered":"<p>Warm Audio har samarbetat med Schweiziska Gotham. Gotham \u00e4r Europas topproducent av kablar och k\u00e4nda f\u00f6r sin extra h\u00f6ga kvalitet.<\/p>\n","protected":false},"excerpt":{"rendered":"<p>Pris per par.<br \/>\n0,9 m<\/p>\n","protected":false},"featured_media":1609,"template":"","meta":[],"product_brand":[273],"product_cat":[56],"product_tag":[90,82],"class_list":{"0":"post-1608","1":"product","2":"type-product","3":"status-publish","4":"has-post-thumbnail","6":"product_brand-warm-audio","7":"product_cat-hifi","8":"product_tag-lagnivakabel","9":"product_tag-ljudkabel","11":"first","12":"instock","13":"shipping-taxable","14":"purchasable","15":"product-type-simple"},"_links":{"self":[{"href":"https:\/\/thomasaudio.se\/index.php?rest_route=\/wp\/v2\/product\/1608","targetHints":{"allow":["GET"]}}],"collection":[{"href":"https:\/\/thomasaudio.se\/index.php?rest_route=\/wp\/v2\/product"}],"about":[{"href":"https:\/\/thomasaudio.se\/index.php?rest_route=\/wp\/v2\/types\/product"}],"wp:featuredmedia":[{"embeddable":true,"href":"https:\/\/thomasaudio.se\/index.php?rest_route=\/wp\/v2\/media\/1609"}],"wp:attachment":[{"href":"https:\/\/thomasaudio.se\/index.php?rest_route=%2Fwp%2Fv2%2Fmedia&parent=1608"}],"wp:term":[{"taxonomy":"product_brand","embeddable":true,"href":"https:\/\/thomasaudio.se\/index.php?rest_route=%2Fwp%2Fv2%2Fproduct_brand&post=1608"},{"taxonomy":"product_cat","embeddable":true,"href":"https:\/\/thomasaudio.se\/index.php?rest_route=%2Fwp%2Fv2%2Fproduct_cat&post=1608"},{"taxonomy":"product_tag","embeddable":true,"href":"https:\/\/thomasaudio.se\/index.php?rest_route=%2Fwp%2Fv2%2Fproduct_tag&post=1608"}],"curies":[{"name":"wp","href":"https:\/\/api.w.org\/{rel}","templated":true}]}}