{"id":1562,"date":"2026-04-26T08:20:48","date_gmt":"2026-04-26T08:20:48","guid":{"rendered":"https:\/\/thomasaudio.se\/?post_type=product&#038;p=1562"},"modified":"2026-04-26T08:20:48","modified_gmt":"2026-04-26T08:20:48","slug":"knut-reiersrud-iver-kleive-himmelskip","status":"publish","type":"product","link":"https:\/\/thomasaudio.se\/?product=knut-reiersrud-iver-kleive-himmelskip","title":{"rendered":"Knut Reiersrud &#038; Iver Kleive &#8211; Himmelskip"},"content":{"rendered":"<p class=\"p1\"><span class=\"s1\">Efter framg\u00e5ngen med deras gemensamma album, Bl\u00e5 koral, \u00e4r denna CD ytterligare en framg\u00e5ng med en rad utm\u00e4rkelser.\u00a0 Inspelningen gjordes i Odense domkyrka. F\u00f6rutom orgel och gitarr g\u00e4star folkmusikern Povl Dissing p\u00e5 ett sp\u00e5r.<\/p>\n<p>1. Himmelskip\u00a0 \u00a0 \u00a0 \u00a0 \u00a0 \u00a0 \u00a0 \u00a0 \u00a0 \u00a0 \u00a0 \u00a0 \u00a0 \u00a0 \u00a0 \u00a0 \u00a0 \u00a0 \u00a0 \u00a0 \u00a0 \u00a0 \u00a0 5:40<\/span><\/p>\n<p class=\"p1\"><span class=\"s1\">2. Herre Gud, ditt dyre navn og \u00e6re\u00a0 \u00a0 \u00a0 \u00a0 \u00a04:15<\/span><\/p>\n<p class=\"p1\"><span class=\"s1\">3. Jesus Kristus er v\u00e5r frelse\u00a0 \u00a0 \u00a0 \u00a0 \u00a0 \u00a0 \u00a0 \u00a0 \u00a0 \u00a0 \u00a02:18<\/span><\/p>\n<p class=\"p1\"><span class=\"s1\">4. Kirken, den er et gammelt hus\u00a0 \u00a0 \u00a0 \u00a0 \u00a0 \u00a0 \u00a0 5:20<\/span><\/p>\n<p class=\"p1\"><span class=\"s1\">5. P\u00e5 det store hav meg siglar\u00a0 \u00a0 \u00a0 \u00a0 \u00a0 \u00a0 \u00a0 \u00a0 \u00a0 \u00a02:25<\/span><\/p>\n<p class=\"p1\"><span class=\"s1\">6. Et lite barn s\u00e5 lystelig\u00a0 \u00a0 \u00a0 \u00a0 \u00a0 \u00a0 \u00a0 \u00a0 \u00a0 \u00a0 \u00a0 \u00a0 \u00a0 \u00a0 \u00a03:30<\/span><\/p>\n<p class=\"p1\"><span class=\"s1\">7. I al sin glans nu str\u00e5ler solen\u00a0 \u00a0 \u00a0 \u00a0 \u00a0 \u00a0 \u00a0 \u00a0 \u00a0 7:20<\/span><\/p>\n<p class=\"p1\"><span class=\"s1\">8. Fagert er landet \u00a0\u00a0 \u00a0 \u00a0 \u00a0 \u00a0 \u00a0 \u00a0 \u00a0 \u00a0 \u00a0 \u00a0 \u00a0 \u00a0 \u00a0 \u00a0 \u00a0 \u00a0 \u00a0 \u00a03:05<\/span><\/p>\n<p class=\"p1\"><span class=\"s1\">9. Jesus, det eneste, helligste, reneste\u00a0 \u00a0 3:30<\/span><\/p>\n<p class=\"p1\"><span class=\"s1\">10. The ship is at the landing\u00a0 \u00a0 \u00a0 \u00a0 \u00a0 \u00a0 \u00a0 \u00a0 \u00a0 \u00a0 \u00a04:25<\/span><\/p>\n<p class=\"p1\"><span class=\"s1\">11. Om nogen ondt meg vil\u00a0 \u00a0 \u00a0 \u00a0 \u00a0 \u00a0 \u00a0 \u00a0 \u00a0 \u00a0 \u00a0 \u00a0 4:00<\/span><\/p>\n<p class=\"p1\"><span class=\"s1\">12. Landkjenning\u00a0 \u00a0\u00a0 \u00a0 \u00a0 \u00a0 \u00a0 \u00a0 \u00a0 \u00a0 \u00a0 \u00a0 \u00a0 \u00a0 \u00a0 \u00a0 \u00a0 \u00a0 \u00a0 \u00a0 \u00a0 4:30<\/span><\/p>\n","protected":false},"excerpt":{"rendered":"<p>Efter framg\u00e5ngen med deras gemensamma album, Bl\u00e5 koral, \u00e4r denna CD ytterligare en framg\u00e5ng med en rad utm\u00e4rkelser.\u00a0 Inspelningen gjordes i Odense domkyrka. F\u00f6rutom orgel och gitarr g\u00e4star folkmusikern Povl Dissing p\u00e5 ett sp\u00e5r. 1. Himmelskip\u00a0 \u00a0 \u00a0 \u00a0 \u00a0 \u00a0 \u00a0 \u00a0 \u00a0 \u00a0 \u00a0 \u00a0 \u00a0 \u00a0 \u00a0 \u00a0 \u00a0 \u00a0 \u00a0 \u00a0&#8230;<\/p>\n","protected":false},"featured_media":1563,"template":"","meta":[],"product_brand":[316],"product_cat":[16],"product_tag":[18,39],"class_list":{"0":"post-1562","1":"product","2":"type-product","3":"status-publish","4":"has-post-thumbnail","6":"product_brand-kkv","7":"product_cat-album","8":"product_tag-cd","9":"product_tag-nutida-instrumentellt","11":"first","12":"instock","13":"shipping-taxable","14":"purchasable","15":"product-type-simple"},"_links":{"self":[{"href":"https:\/\/thomasaudio.se\/index.php?rest_route=\/wp\/v2\/product\/1562","targetHints":{"allow":["GET"]}}],"collection":[{"href":"https:\/\/thomasaudio.se\/index.php?rest_route=\/wp\/v2\/product"}],"about":[{"href":"https:\/\/thomasaudio.se\/index.php?rest_route=\/wp\/v2\/types\/product"}],"wp:featuredmedia":[{"embeddable":true,"href":"https:\/\/thomasaudio.se\/index.php?rest_route=\/wp\/v2\/media\/1563"}],"wp:attachment":[{"href":"https:\/\/thomasaudio.se\/index.php?rest_route=%2Fwp%2Fv2%2Fmedia&parent=1562"}],"wp:term":[{"taxonomy":"product_brand","embeddable":true,"href":"https:\/\/thomasaudio.se\/index.php?rest_route=%2Fwp%2Fv2%2Fproduct_brand&post=1562"},{"taxonomy":"product_cat","embeddable":true,"href":"https:\/\/thomasaudio.se\/index.php?rest_route=%2Fwp%2Fv2%2Fproduct_cat&post=1562"},{"taxonomy":"product_tag","embeddable":true,"href":"https:\/\/thomasaudio.se\/index.php?rest_route=%2Fwp%2Fv2%2Fproduct_tag&post=1562"}],"curies":[{"name":"wp","href":"https:\/\/api.w.org\/{rel}","templated":true}]}}