{"id":1554,"date":"2026-04-26T07:40:39","date_gmt":"2026-04-26T07:40:39","guid":{"rendered":"https:\/\/thomasaudio.se\/?post_type=product&#038;p=1554"},"modified":"2026-04-26T08:46:18","modified_gmt":"2026-04-26T08:46:18","slug":"soft-city-such-a-nice-guy","status":"publish","type":"product","link":"https:\/\/thomasaudio.se\/?product=soft-city-such-a-nice-guy","title":{"rendered":"Soft City &#8211; Such a Nice Guy"},"content":{"rendered":"<p>\u00c4ntligen \u00e4r Soft City tillbaka! Med stabila l\u00e5tar, enast\u00e5ende musikalitet och ett h\u00e4rligt soulsound.<br \/>\nMed ett lekfullt samspel framst\u00e5r det Oslo-baserade bandet som b\u00e4ttre \u00e4n n\u00e5gonsin. H\u00e4r finns hederlig gammaldags blues och soul, varvat med funkiga inslag som flirtar med 60-talet och soulens storhetstid. Samtidigt har albumet tydliga element och referenser fr\u00e5n tidens breda musikaliska universum.<\/p>\n<p>Soft City har tidigare varit p\u00e5 en USA-turn\u00e9 och spelat 10 konserter i Mississippi och Tennessee i samband med International Blues Challenge. Bandets uttryck \u00e4r urbant och modernt men med en tydlig blues i k\u00e4rnan. tydliga riff, suggestiva rytmer, sj\u00e4lfulla melodilinjer och snygga solon k\u00e4nnetecknar Soft Citys uppfriskande soulmusik.<\/p>\n<p>Thea Paulsrud &#8211; s\u00e5ng<br \/>\nAsk Vatn Str\u00f8m &#8211; gitarrer<br \/>\nH\u00e5vard Ersland &#8211; Hamondorgel, keyboards<br \/>\nVegard Staum &#8211; trummor<br \/>\nJoachim M\u00f8rch Meyer &#8211; bas<\/p>\n","protected":false},"excerpt":{"rendered":"<p>\u00c4ntligen \u00e4r Soft City tillbaka! Med stabila l\u00e5tar, enast\u00e5ende musikalitet och ett h\u00e4rligt soulsound. Med ett lekfullt samspel framst\u00e5r det Oslo-baserade bandet som b\u00e4ttre \u00e4n n\u00e5gonsin. H\u00e4r finns hederlig gammaldags blues och soul, varvat med funkiga inslag som flirtar med 60-talet och soulens storhetstid. Samtidigt har albumet tydliga element och referenser fr\u00e5n tidens breda musikaliska&#8230;<\/p>\n","protected":false},"featured_media":1555,"template":"","meta":[],"product_brand":[316],"product_cat":[16],"product_tag":[169,23],"class_list":{"0":"post-1554","1":"product","2":"type-product","3":"status-publish","4":"has-post-thumbnail","6":"product_brand-kkv","7":"product_cat-album","8":"product_tag-pop-rock","9":"product_tag-vinyl","11":"first","12":"instock","13":"shipping-taxable","14":"purchasable","15":"product-type-simple"},"_links":{"self":[{"href":"https:\/\/thomasaudio.se\/index.php?rest_route=\/wp\/v2\/product\/1554","targetHints":{"allow":["GET"]}}],"collection":[{"href":"https:\/\/thomasaudio.se\/index.php?rest_route=\/wp\/v2\/product"}],"about":[{"href":"https:\/\/thomasaudio.se\/index.php?rest_route=\/wp\/v2\/types\/product"}],"wp:featuredmedia":[{"embeddable":true,"href":"https:\/\/thomasaudio.se\/index.php?rest_route=\/wp\/v2\/media\/1555"}],"wp:attachment":[{"href":"https:\/\/thomasaudio.se\/index.php?rest_route=%2Fwp%2Fv2%2Fmedia&parent=1554"}],"wp:term":[{"taxonomy":"product_brand","embeddable":true,"href":"https:\/\/thomasaudio.se\/index.php?rest_route=%2Fwp%2Fv2%2Fproduct_brand&post=1554"},{"taxonomy":"product_cat","embeddable":true,"href":"https:\/\/thomasaudio.se\/index.php?rest_route=%2Fwp%2Fv2%2Fproduct_cat&post=1554"},{"taxonomy":"product_tag","embeddable":true,"href":"https:\/\/thomasaudio.se\/index.php?rest_route=%2Fwp%2Fv2%2Fproduct_tag&post=1554"}],"curies":[{"name":"wp","href":"https:\/\/api.w.org\/{rel}","templated":true}]}}