{"id":1541,"date":"2026-04-25T17:03:32","date_gmt":"2026-04-25T17:03:32","guid":{"rendered":"https:\/\/thomasaudio.se\/?post_type=product&#038;p=1541"},"modified":"2026-04-25T17:04:26","modified_gmt":"2026-04-25T17:04:26","slug":"pontus-j-back-gospel-express","status":"publish","type":"product","link":"https:\/\/thomasaudio.se\/?product=pontus-j-back-gospel-express","title":{"rendered":"Pontus J. Back &#8211; Gospel Express"},"content":{"rendered":"<p>Redan som ung var Pontus ute p\u00e5 v\u00e4garna och turnerade. Under \u00e5ren har han spelat med band som Lynyrd Skynyrd, Whitesnake, Status Quo, Frankie Miller Band och Molly Hatchet. I februari 2007 tog livet en dramatisk v\u00e4ndning. Efter en period av alkohol- och drogmissbruk l\u00e5g han p\u00e5 sjukhus utan hopp om att \u00f6verleva. Det var d\u00e4r som han upplevde ett Guds mirakel. <\/p>\n<p>Han inte bara \u00f6verlevde mot alla odds utan blev samtidigt helt fri fr\u00e5n sitt m\u00e5ng\u00e5riga missbruk. D\u00e4r och d\u00e5 upplevde han en tydlig kallelse: att spela\u00a0 p\u00e5 skolor och i f\u00f6rsamlingar och ber\u00e4tta sin livshistoria och dela sitt budskap om en \u00e4lskande Gud som r\u00e4ddade hans liv och som erbjuder alla ett nytt liv i trygghet. Han fortsatte med det skickliga gitarrspelet och har nu klart sitt 20:e album.<\/p>\n<p>1 Gospel express<br \/>\n2 All of God<br \/>\n3 I want to be a better son<br \/>\n4 My Godly woman<br \/>\n5 I&#8217;m still here<br \/>\n6 Justified by grace<br \/>\n7 Talk is cheap<br \/>\n8 The flame that burns forever<br \/>\n9 Many will see<br \/>\n10 It&#8217;s ok to have a bad day<br \/>\n11 Renew my mind<br \/>\n12 Ordinary man<br \/>\n13 Alcohol is dangerous<\/p>\n","protected":false},"excerpt":{"rendered":"<p>Redan som ung var Pontus ute p\u00e5 v\u00e4garna och turnerade. Under \u00e5ren har han spelat med band som Lynyrd Skynyrd, Whitesnake, Status Quo, Frankie Miller Band och Molly Hatchet. I februari 2007 tog livet en dramatisk v\u00e4ndning. Efter en period av alkohol- och drogmissbruk l\u00e5g han p\u00e5 sjukhus utan hopp om att \u00f6verleva. Det var&#8230;<\/p>\n","protected":false},"featured_media":1542,"template":"","meta":[],"product_brand":[314],"product_cat":[16],"product_tag":[18,169],"class_list":{"0":"post-1541","1":"product","2":"type-product","3":"status-publish","4":"has-post-thumbnail","6":"product_brand-talking-music","7":"product_cat-album","8":"product_tag-cd","9":"product_tag-pop-rock","11":"first","12":"instock","13":"shipping-taxable","14":"purchasable","15":"product-type-simple"},"_links":{"self":[{"href":"https:\/\/thomasaudio.se\/index.php?rest_route=\/wp\/v2\/product\/1541","targetHints":{"allow":["GET"]}}],"collection":[{"href":"https:\/\/thomasaudio.se\/index.php?rest_route=\/wp\/v2\/product"}],"about":[{"href":"https:\/\/thomasaudio.se\/index.php?rest_route=\/wp\/v2\/types\/product"}],"wp:featuredmedia":[{"embeddable":true,"href":"https:\/\/thomasaudio.se\/index.php?rest_route=\/wp\/v2\/media\/1542"}],"wp:attachment":[{"href":"https:\/\/thomasaudio.se\/index.php?rest_route=%2Fwp%2Fv2%2Fmedia&parent=1541"}],"wp:term":[{"taxonomy":"product_brand","embeddable":true,"href":"https:\/\/thomasaudio.se\/index.php?rest_route=%2Fwp%2Fv2%2Fproduct_brand&post=1541"},{"taxonomy":"product_cat","embeddable":true,"href":"https:\/\/thomasaudio.se\/index.php?rest_route=%2Fwp%2Fv2%2Fproduct_cat&post=1541"},{"taxonomy":"product_tag","embeddable":true,"href":"https:\/\/thomasaudio.se\/index.php?rest_route=%2Fwp%2Fv2%2Fproduct_tag&post=1541"}],"curies":[{"name":"wp","href":"https:\/\/api.w.org\/{rel}","templated":true}]}}