{"id":154,"date":"2026-02-17T10:08:49","date_gmt":"2026-02-17T10:08:49","guid":{"rendered":"https:\/\/thomasaudio.se\/?post_type=product&#038;p=154"},"modified":"2026-03-04T14:48:53","modified_gmt":"2026-03-04T14:48:53","slug":"vox-clamantis-part-and-i-heard-a-voice","status":"publish","type":"product","link":"https:\/\/thomasaudio.se\/?product=vox-clamantis-part-and-i-heard-a-voice","title":{"rendered":"Vox Clamantis &#8211; P\u00e4rt: And  I Heard A Voice"},"content":{"rendered":"<p>Vox Clamantis &#8211; k\u00f6r<br \/>\nEne Salum\u00e4e &#8211; orgel<br \/>\nJaan-Eik Tulve &#8211; dirigent<\/p>\n<p>Den estniska vokalensemblen Vox Clamantis och deras ledare Jaan-Eik Tulve har etablerat sig bland de ledande tolkarna av Arvo P\u00e4rts musik under ett kvarts sekel av n\u00e4ra samarbete med komposit\u00f6ren \u2013 en relation som bygger p\u00e5 det n\u00e4stan ett halvt sekel l\u00e5nga konstn\u00e4rliga partnerskapet mellan P\u00e4rt och producenten Manfred Eicher. <\/p>\n<p>Om ensemblens inspelning &#8221;The Deer&#8217;s Cry&#8221; skrev BBC Music Magazine att &#8221;den konstn\u00e4rliga niv\u00e5 som kr\u00e4vs f\u00f6r att uppn\u00e5 den typ av levande, andande framtr\u00e4dande som Vox Clamantis ger h\u00e4r \u00e4r en s\u00e4llsynthet &#8230;<br \/>\nF\u00f6r denna gripande autentiska och suver\u00e4nt sjungna samling kan det nu vara den finaste enskilda introduktionen till detta album, inspelat i Haapsalu-katedralen i Estland och sl\u00e4ppt n\u00e4r Arvo P\u00e4rt fyller 90, som visar att samspelet mellan k\u00f6r och komposit\u00f6r, rotat i en gemensam k\u00e4nsla f\u00f6r b\u00e5de gammal gregoriansk s\u00e5ng och samtida musik, forts\u00e4tter att f\u00f6rdjupas.<\/p>\n","protected":false},"excerpt":{"rendered":"<p>Vox Clamantis &#8211; k\u00f6r Ene Salum\u00e4e &#8211; orgel Jaan-Eik Tulve &#8211; dirigent Den estniska vokalensemblen Vox Clamantis och deras ledare Jaan-Eik Tulve har etablerat sig bland de ledande tolkarna av Arvo P\u00e4rts musik under ett kvarts sekel av n\u00e4ra samarbete med komposit\u00f6ren \u2013 en relation som bygger p\u00e5 det n\u00e4stan ett halvt sekel l\u00e5nga konstn\u00e4rliga&#8230;<\/p>\n","protected":false},"featured_media":155,"template":"","meta":[],"product_brand":[26],"product_cat":[16],"product_tag":[18,36,37,23],"class_list":{"0":"post-154","1":"product","2":"type-product","3":"status-publish","4":"has-post-thumbnail","6":"product_brand-ecm","7":"product_cat-album","8":"product_tag-cd","9":"product_tag-klassiskt","10":"product_tag-kor","11":"product_tag-vinyl","13":"first","14":"instock","15":"shipping-taxable","16":"purchasable","17":"product-type-variable"},"_links":{"self":[{"href":"https:\/\/thomasaudio.se\/index.php?rest_route=\/wp\/v2\/product\/154","targetHints":{"allow":["GET"]}}],"collection":[{"href":"https:\/\/thomasaudio.se\/index.php?rest_route=\/wp\/v2\/product"}],"about":[{"href":"https:\/\/thomasaudio.se\/index.php?rest_route=\/wp\/v2\/types\/product"}],"wp:featuredmedia":[{"embeddable":true,"href":"https:\/\/thomasaudio.se\/index.php?rest_route=\/wp\/v2\/media\/155"}],"wp:attachment":[{"href":"https:\/\/thomasaudio.se\/index.php?rest_route=%2Fwp%2Fv2%2Fmedia&parent=154"}],"wp:term":[{"taxonomy":"product_brand","embeddable":true,"href":"https:\/\/thomasaudio.se\/index.php?rest_route=%2Fwp%2Fv2%2Fproduct_brand&post=154"},{"taxonomy":"product_cat","embeddable":true,"href":"https:\/\/thomasaudio.se\/index.php?rest_route=%2Fwp%2Fv2%2Fproduct_cat&post=154"},{"taxonomy":"product_tag","embeddable":true,"href":"https:\/\/thomasaudio.se\/index.php?rest_route=%2Fwp%2Fv2%2Fproduct_tag&post=154"}],"curies":[{"name":"wp","href":"https:\/\/api.w.org\/{rel}","templated":true}]}}