{"id":1530,"date":"2026-04-25T16:33:10","date_gmt":"2026-04-25T16:33:10","guid":{"rendered":"https:\/\/thomasaudio.se\/?post_type=product&#038;p=1530"},"modified":"2026-04-25T16:38:01","modified_gmt":"2026-04-25T16:38:01","slug":"shalosh-what-are-we-made-of","status":"publish","type":"product","link":"https:\/\/thomasaudio.se\/?product=shalosh-what-are-we-made-of","title":{"rendered":"Shalosh &#8211; What Are We Made Of?"},"content":{"rendered":"<p>Gadi Stern &#8211; piano<br \/>\nDavid Michaeli &#8211; kontrabas<br \/>\nMatan Assayag &#8211; trummor<\/p>\n<p>F\u00f6r deras sj\u00e4tte album v\u00e4nder trion sitt fokus in\u00e5t samtidigt som de utvidgar sitt sound.<br \/>\nMusiken speglar trions gemensamma historia, formad av \u00e5r av samarbete och omfattande v\u00e4rldsturn\u00e9er och h\u00e4mtar inspiration fr\u00e5n de influenser\u00a0 som gradvis format deras gemensamma musikaliska spr\u00e5k.<\/p>\n<p>Albumet kombinerar originalstycken med f\u00e4ngslande och \u00f6verraskande tolkningar av ikoniska rock- och popl\u00e5tar. Det r\u00f6r sig mellan groovebaserade partier, mer reflekterande \u00f6gonblick och sektioner med \u00f6kad intensitet. Jazz fungerar h\u00e4r mindre som en stilistisk ram \u00e4n deras tillv\u00e4gag\u00e5ngss\u00e4tt \u2014 \u00f6ppet, fysiskt och lyh\u00f6rt \u2014 som ger plats f\u00f6r element h\u00e4mtade fr\u00e5n rock, klassisk musik och popul\u00e4rmusik.<\/p>\n<p>Inspelat med fokus p\u00e5 omedelbarhet och interaktion speglar detta album de egenskaper som \u00e4r centrala f\u00f6r Shalosh&#8217;s liveframtr\u00e4danden. P\u00e5 konsert f\u00f6rblir materialet flexibelt och responsivt, format i realtid av den n\u00e4ra musikaliska sammanfl\u00e4tningen mellan de tre musikerna.<\/p>\n","protected":false},"excerpt":{"rendered":"<p>Gadi Stern &#8211; piano David Michaeli &#8211; kontrabas Matan Assayag &#8211; trummor F\u00f6r deras sj\u00e4tte album v\u00e4nder trion sitt fokus in\u00e5t samtidigt som de utvidgar sitt sound. Musiken speglar trions gemensamma historia, formad av \u00e5r av samarbete och omfattande v\u00e4rldsturn\u00e9er och h\u00e4mtar inspiration fr\u00e5n de influenser\u00a0 som gradvis format deras gemensamma musikaliska spr\u00e5k. Albumet kombinerar&#8230;<\/p>\n","protected":false},"featured_media":1536,"template":"","meta":[],"product_brand":[17],"product_cat":[16],"product_tag":[18,19,23],"class_list":{"0":"post-1530","1":"product","2":"type-product","3":"status-publish","4":"has-post-thumbnail","6":"product_brand-act","7":"product_cat-album","8":"product_tag-cd","9":"product_tag-jazz","10":"product_tag-vinyl","12":"first","13":"instock","14":"shipping-taxable","15":"purchasable","16":"product-type-variable"},"_links":{"self":[{"href":"https:\/\/thomasaudio.se\/index.php?rest_route=\/wp\/v2\/product\/1530","targetHints":{"allow":["GET"]}}],"collection":[{"href":"https:\/\/thomasaudio.se\/index.php?rest_route=\/wp\/v2\/product"}],"about":[{"href":"https:\/\/thomasaudio.se\/index.php?rest_route=\/wp\/v2\/types\/product"}],"wp:featuredmedia":[{"embeddable":true,"href":"https:\/\/thomasaudio.se\/index.php?rest_route=\/wp\/v2\/media\/1536"}],"wp:attachment":[{"href":"https:\/\/thomasaudio.se\/index.php?rest_route=%2Fwp%2Fv2%2Fmedia&parent=1530"}],"wp:term":[{"taxonomy":"product_brand","embeddable":true,"href":"https:\/\/thomasaudio.se\/index.php?rest_route=%2Fwp%2Fv2%2Fproduct_brand&post=1530"},{"taxonomy":"product_cat","embeddable":true,"href":"https:\/\/thomasaudio.se\/index.php?rest_route=%2Fwp%2Fv2%2Fproduct_cat&post=1530"},{"taxonomy":"product_tag","embeddable":true,"href":"https:\/\/thomasaudio.se\/index.php?rest_route=%2Fwp%2Fv2%2Fproduct_tag&post=1530"}],"curies":[{"name":"wp","href":"https:\/\/api.w.org\/{rel}","templated":true}]}}