{"id":1520,"date":"2026-04-25T15:12:36","date_gmt":"2026-04-25T15:12:36","guid":{"rendered":"https:\/\/thomasaudio.se\/?post_type=product&#038;p=1520"},"modified":"2026-04-25T16:44:50","modified_gmt":"2026-04-25T16:44:50","slug":"joel-lyssarides-late-on-earth","status":"publish","type":"product","link":"https:\/\/thomasaudio.se\/?product=joel-lyssarides-late-on-earth","title":{"rendered":"Joel Lyssarides &#8211; Late On Earth"},"content":{"rendered":"<p>Joel Lyssarides &#8211; piano<br \/>\nNiklas Fernqvist &#8211; kontrabas<br \/>\nRasmus Blixt &#8211; trummor<\/p>\n<p>F\u00f6r Joel Lyssarides g\u00e5r substans och djup alltid f\u00f6re bl\u00e4ndande koncept, k\u00e4nsla och uttryck framf\u00f6r ren virtuositet &#8211; virtuos som han \u00e4nd\u00e5 \u00e4r.<br \/>\nAtt skapa musik, s\u00e4ger han, \u00e4r som att leta efter sandkorn i \u00f6knen \u2014 en kontinuerlig resa av m\u00e5nga sm\u00e5 steg. Hans musik frodas p\u00e5 detaljer: de finaste nyanserna, subtila skiften i harmoni, groove och dynamik. Och p\u00e5 ett distinkt pianosound \u2014 kristallklart, men aldrig skarpt. Det faktum att Lyssarides musik nu har passerat 100 miljoner streams visar att denna tysta intensitet ber\u00f6r publik v\u00e4rlden \u00f6ver.<\/p>\n<p>Lyssarides tillh\u00f6r en generation europeiska jazzmusiker som f\u00f6r l\u00e4nge sedan l\u00e4mnat stilistiska gr\u00e4nser bakom sig. Han \u00e4r en eftertraktad samarbetspartner \u2013 f\u00f6r n\u00e4rvarande som pianist tillsammans med Nils Landgren, som en del av e.s.t.-hyllningsprojektet med Dan Berglund och Magnus \u00d6str\u00f6m, samt som komposit\u00f6r f\u00f6r popproduktioner och datorspelsmusik. \u00c4nd\u00e5 s\u00e5 \u00e4r pianotrio fortfarande k\u00e4rnan i hans arbete. Det \u00e4r den formation d\u00e4r hans musikaliska universum utvecklas mest direkt.<\/p>\n<p>Joel Lyssarides nya album Late on Earth har utvecklats i en ovanligt l\u00e5ng och intensiv process. Under mer \u00e4n fyra \u00e5r har musiken utvecklats i n\u00e4ra samverkan med producenten Andreas Brandis \u2013 en kreativ dialog som uppmuntrade Lyssarides att utforska nya v\u00e4gar. &#8221;Det var n\u00e4stan terapeutiskt. \u00c5 ena sidan vet Andreas vad som driver mig och vad jag kan g\u00f6ra musikaliskt, men jag delade ocks\u00e5 m\u00e5nga av mina tvivel med honom.<\/p>\n<p>Till slut best\u00e4mde vi allt tillsammans: valet av upps\u00e4ttning, vilken studio \u2013 i det h\u00e4r fallet legendariska Bauer Studios \u2013 vi best\u00e4mde till sist l\u00e5tarna, de sista versionerna. Det hj\u00e4lpte mig enormt, och jag tror att jag aldrig har f\u00e5ngat vem jag \u00e4r och vad jag k\u00e4nner s\u00e5 \u00e4rligt som detta p\u00e5 en inspelning.&#8221;<br \/>\nOch det finns ocks\u00e5 en tanke som f\u00e5r honom att le n\u00e4r han ber\u00e4ttar: &#8221;F\u00f6r f\u00f6rsta g\u00e5ngen har jag till och med stycken p\u00e5 ett album som g\u00e5r i dur!&#8221;<\/p>\n","protected":false},"excerpt":{"rendered":"<p>CD<br \/>\nVinyl<br \/>\nF\u00e4rgad vinyl<\/p>\n","protected":false},"featured_media":1539,"template":"","meta":[],"product_brand":[17],"product_cat":[16],"product_tag":[18,312,19,23],"class_list":{"0":"post-1520","1":"product","2":"type-product","3":"status-publish","4":"has-post-thumbnail","6":"product_brand-act","7":"product_cat-album","8":"product_tag-cd","9":"product_tag-fargad-vinyl","10":"product_tag-jazz","11":"product_tag-vinyl","13":"first","14":"instock","15":"shipping-taxable","16":"purchasable","17":"product-type-variable"},"_links":{"self":[{"href":"https:\/\/thomasaudio.se\/index.php?rest_route=\/wp\/v2\/product\/1520","targetHints":{"allow":["GET"]}}],"collection":[{"href":"https:\/\/thomasaudio.se\/index.php?rest_route=\/wp\/v2\/product"}],"about":[{"href":"https:\/\/thomasaudio.se\/index.php?rest_route=\/wp\/v2\/types\/product"}],"wp:featuredmedia":[{"embeddable":true,"href":"https:\/\/thomasaudio.se\/index.php?rest_route=\/wp\/v2\/media\/1539"}],"wp:attachment":[{"href":"https:\/\/thomasaudio.se\/index.php?rest_route=%2Fwp%2Fv2%2Fmedia&parent=1520"}],"wp:term":[{"taxonomy":"product_brand","embeddable":true,"href":"https:\/\/thomasaudio.se\/index.php?rest_route=%2Fwp%2Fv2%2Fproduct_brand&post=1520"},{"taxonomy":"product_cat","embeddable":true,"href":"https:\/\/thomasaudio.se\/index.php?rest_route=%2Fwp%2Fv2%2Fproduct_cat&post=1520"},{"taxonomy":"product_tag","embeddable":true,"href":"https:\/\/thomasaudio.se\/index.php?rest_route=%2Fwp%2Fv2%2Fproduct_tag&post=1520"}],"curies":[{"name":"wp","href":"https:\/\/api.w.org\/{rel}","templated":true}]}}