{"id":152,"date":"2026-02-17T09:01:03","date_gmt":"2026-02-17T09:01:03","guid":{"rendered":"https:\/\/thomasaudio.se\/?post_type=product&#038;p=152"},"modified":"2026-03-07T08:58:25","modified_gmt":"2026-03-07T08:58:25","slug":"karen-mantler-my-cat-arnold","status":"publish","type":"product","link":"https:\/\/thomasaudio.se\/?product=karen-mantler-my-cat-arnold","title":{"rendered":"Karen Mantler &#8211; My Cat Arnold"},"content":{"rendered":"<p>Karen Mantler &#8211; s\u00e5ng, Harmonica, Hamond B-3, Piano<br \/>\nEric Mingus &#8211; s\u00e5ng<br \/>\nJonathan Sanborn &#8211; Bas<br \/>\nEthan Winogrand &#8211; trummor<br \/>\nMarc Muller &#8211; gitarr<br \/>\nSteve Weisberg &#8211; Synthesizer<br \/>\nSteven Bernstein &#8211; Trumpet<br \/>\nPablo Calogero &#8211; Bariton Saxofon<\/p>\n<p>Det som g\u00f6r att det h\u00e4r albumet fr\u00e5n 1988 finns med i utbudet \u00e4r hur musikaliskt skickligt l\u00e5tarna \u00e4r arrangerade. Musikernas skicklighet \u00f6vergl\u00e4nser inte. Ist\u00e4llet spelar de enkelt men med en k\u00e4nsla som enbart kan visas genom stor erfarenhet.<br \/>\nLjudkvaliteten \u00e4r h\u00f6g med en dynamik som \u00f6ppnar upp ljudbilden p\u00e5 ett s\u00e4tt att man n\u00e4stan ser instrumenten i studion.<\/p>\n","protected":false},"excerpt":{"rendered":"<p>Karen Mantler &#8211; s\u00e5ng, Harmonica, Hamond B-3, Piano Eric Mingus &#8211; s\u00e5ng Jonathan Sanborn &#8211; Bas Ethan Winogrand &#8211; trummor Marc Muller &#8211; gitarr Steve Weisberg &#8211; Synthesizer Steven Bernstein &#8211; Trumpet Pablo Calogero &#8211; Bariton Saxofon Det som g\u00f6r att det h\u00e4r albumet fr\u00e5n 1988 finns med i utbudet \u00e4r hur musikaliskt skickligt l\u00e5tarna&#8230;<\/p>\n","protected":false},"featured_media":153,"template":"","meta":[],"product_brand":[26],"product_cat":[16],"product_tag":[19,221,23],"class_list":{"0":"post-152","1":"product","2":"type-product","3":"status-publish","4":"has-post-thumbnail","6":"product_brand-ecm","7":"product_cat-album","8":"product_tag-jazz","9":"product_tag-karen-mantler","10":"product_tag-vinyl","12":"first","13":"instock","14":"shipping-taxable","15":"purchasable","16":"product-type-simple"},"_links":{"self":[{"href":"https:\/\/thomasaudio.se\/index.php?rest_route=\/wp\/v2\/product\/152","targetHints":{"allow":["GET"]}}],"collection":[{"href":"https:\/\/thomasaudio.se\/index.php?rest_route=\/wp\/v2\/product"}],"about":[{"href":"https:\/\/thomasaudio.se\/index.php?rest_route=\/wp\/v2\/types\/product"}],"wp:featuredmedia":[{"embeddable":true,"href":"https:\/\/thomasaudio.se\/index.php?rest_route=\/wp\/v2\/media\/153"}],"wp:attachment":[{"href":"https:\/\/thomasaudio.se\/index.php?rest_route=%2Fwp%2Fv2%2Fmedia&parent=152"}],"wp:term":[{"taxonomy":"product_brand","embeddable":true,"href":"https:\/\/thomasaudio.se\/index.php?rest_route=%2Fwp%2Fv2%2Fproduct_brand&post=152"},{"taxonomy":"product_cat","embeddable":true,"href":"https:\/\/thomasaudio.se\/index.php?rest_route=%2Fwp%2Fv2%2Fproduct_cat&post=152"},{"taxonomy":"product_tag","embeddable":true,"href":"https:\/\/thomasaudio.se\/index.php?rest_route=%2Fwp%2Fv2%2Fproduct_tag&post=152"}],"curies":[{"name":"wp","href":"https:\/\/api.w.org\/{rel}","templated":true}]}}