{"id":1473,"date":"2026-04-24T15:49:54","date_gmt":"2026-04-24T15:49:54","guid":{"rendered":"https:\/\/thomasaudio.se\/?post_type=product&#038;p=1473"},"modified":"2026-04-24T16:16:14","modified_gmt":"2026-04-24T16:16:14","slug":"cantus-fryd","status":"publish","type":"product","link":"https:\/\/thomasaudio.se\/?product=cantus-fryd","title":{"rendered":"Cantus &#8211; Fryd"},"content":{"rendered":"<p>Inspelningen \u00e4r gjord i Lademoen kyrka.<br \/>\nLjudkvalitet: Morten Lindberg Lyd.<\/p>\n<p>Med Fryd bjuder Cantus in dig p\u00e5 en musikalisk, sammanh\u00e4ngande resa. Vi vill g\u00f6ra en hyllning till de norska m\u00f6drarna som varje \u00e5r frammanar jul f\u00f6r barnen genom alla slags julf\u00f6rberedelser. Samtidigt \u00e4r det en hyllning till den bibliska modern Maria som fick f\u00f6da Jesus genom ett Guds mirakel.<\/p>\n<p>Bibelns f\u00f6rfattare ber\u00e4ttar om hur Gud tr\u00e4der in i sin skapelse genom att bli m\u00e4nniska genom Maria, f\u00f6r att d\u00e4rigenom fr\u00e5nta Satan r\u00e4ttigheten att \u00e4ga m\u00e4nskligheten.<br \/>\nDet \u00e4r ett m\u00f6te mellan barnet i krubban och de entusiastiska barnen som l\u00e4ngtar efter en jul fylld av upplevelser och lycka. P\u00e5 s\u00e5 s\u00e4tt omfamnar musikens texter b\u00e5da v\u00e5ra m\u00f6drar och Jesu moder Maria \u2013 julens budskap som m\u00e5nga av oss s\u00e5 v\u00e4l k\u00e4nner till.<\/p>\n<p>Musiken presenteras b\u00e5de a cappella och ihop med instrument som kyrkorgel och cittra. Disc 1<\/p>\n<p>Disc 1<br \/>\nHybrid SACD<br \/>\nDSD multikanal och stereo<br \/>\nRedBook PCM: CD, MQA<\/p>\n<p>Disc 2<br \/>\nPure Audio Blu-ray<br \/>\n2.0 PCM 192\/24<br \/>\n5.1 DTS HDMA 192\/24<br \/>\n7.1.4 Auro-3D 96 kHz<br \/>\n7.1.4 Dolby Atmos 48 kHz<br \/>\nmShuttle: MQA + FLAC + MP3<\/p>\n<p>K\u00e4lla: DXD 352.8 kHz \/ 24 bit<\/p>\n","protected":false},"excerpt":{"rendered":"<p>Inspelningen \u00e4r gjord i Lademoen kyrka. Ljudkvalitet: Morten Lindberg Lyd. Med Fryd bjuder Cantus in dig p\u00e5 en musikalisk, sammanh\u00e4ngande resa. Vi vill g\u00f6ra en hyllning till de norska m\u00f6drarna som varje \u00e5r frammanar jul f\u00f6r barnen genom alla slags julf\u00f6rberedelser. Samtidigt \u00e4r det en hyllning till den bibliska modern Maria som fick f\u00f6da Jesus&#8230;<\/p>\n","protected":false},"featured_media":1474,"template":"","meta":[],"product_brand":[41],"product_cat":[16],"product_tag":[44,18,310,37,39,46],"class_list":{"0":"post-1473","1":"product","2":"type-product","3":"status-publish","4":"has-post-thumbnail","6":"product_brand-2l","7":"product_cat-album","8":"product_tag-bluray-audio","9":"product_tag-cd","10":"product_tag-dsd","11":"product_tag-kor","12":"product_tag-nutida-instrumentellt","13":"product_tag-sacd","15":"first","16":"instock","17":"shipping-taxable","18":"purchasable","19":"product-type-simple"},"_links":{"self":[{"href":"https:\/\/thomasaudio.se\/index.php?rest_route=\/wp\/v2\/product\/1473","targetHints":{"allow":["GET"]}}],"collection":[{"href":"https:\/\/thomasaudio.se\/index.php?rest_route=\/wp\/v2\/product"}],"about":[{"href":"https:\/\/thomasaudio.se\/index.php?rest_route=\/wp\/v2\/types\/product"}],"wp:featuredmedia":[{"embeddable":true,"href":"https:\/\/thomasaudio.se\/index.php?rest_route=\/wp\/v2\/media\/1474"}],"wp:attachment":[{"href":"https:\/\/thomasaudio.se\/index.php?rest_route=%2Fwp%2Fv2%2Fmedia&parent=1473"}],"wp:term":[{"taxonomy":"product_brand","embeddable":true,"href":"https:\/\/thomasaudio.se\/index.php?rest_route=%2Fwp%2Fv2%2Fproduct_brand&post=1473"},{"taxonomy":"product_cat","embeddable":true,"href":"https:\/\/thomasaudio.se\/index.php?rest_route=%2Fwp%2Fv2%2Fproduct_cat&post=1473"},{"taxonomy":"product_tag","embeddable":true,"href":"https:\/\/thomasaudio.se\/index.php?rest_route=%2Fwp%2Fv2%2Fproduct_tag&post=1473"}],"curies":[{"name":"wp","href":"https:\/\/api.w.org\/{rel}","templated":true}]}}