{"id":146,"date":"2026-02-17T07:34:13","date_gmt":"2026-02-17T07:34:13","guid":{"rendered":"https:\/\/thomasaudio.se\/?post_type=product&#038;p=146"},"modified":"2026-03-07T08:58:40","modified_gmt":"2026-03-07T08:58:40","slug":"viktoria-tolstoy-stealing-moments","status":"publish","type":"product","link":"https:\/\/thomasaudio.se\/?product=viktoria-tolstoy-stealing-moments","title":{"rendered":"Viktoria Tolstoy &#8211; Stealing Moments"},"content":{"rendered":"<p>&#8221;N\u00e4r du sjunger, g\u00e5r solen upp,&#8221; sa Pat Metheny en g\u00e5ng till Viktoria Tolstoj. Den r\u00f6da tr\u00e5den som f\u00f6renar alla sp\u00e5r p\u00e5 &#8221;Stealing Moments&#8221; \u00e4r hennes starka, kristallklara r\u00f6st, tillsammans med hennes temperament, d\u00e4r l\u00e4tthet och glittrande energi alltid oemotst\u00e5ndligt samexisterar. <\/p>\n<p>Viktoria Tolstojs debutalbum &#8221;Shining On You&#8221; fr\u00e5n 2004, kan idag ses som hennes b\u00f6rjan p\u00e5 den fortsatta framg\u00e5ngssagan som var tydlig f\u00f6r jazzr\u00f6ster fr\u00e5n Skandinavien. Musiken skrevs av Esbj\u00f6rn Svensson (e.s.t.) och producerades av Nils Landgren.<\/p>\n<p>Exakt 20 \u00e5r senare, i &#8221;Stealing Moments&#8221;, har Viktoria Tolstoj \u00e5terigen tagit upp id\u00e9n. Kompositionerna \u00e4r av en m\u00e4ngd nuvarande ACT-artister, m\u00e5nga av dem har varit involverade i &#8221;Shining on You&#8221;. Den inneh\u00e5ller &#8221;Hands Off&#8221;, ursprungligen en instrumental komposition av Esbj\u00f6rn Svensson d\u00e4r texten \u00e4r skriven av hans fru Eva. L\u00e5ngvariga v\u00e4nner och f\u00f6ljeslagare \u2013 Nils Landgren, Ida Sand, Wolfgang Haffner, C\u00e6cilie Norby, Lars Danielsson, Iiro Rantala och Jan Lundgren \u2013 har alla h\u00e4r skrivit ny musik specifikt med Tolstoj och hennes r\u00f6st i \u00e5tanke.<\/p>\n<p>Joel Lyssarides &#8211; piano &#038; keyboard<br \/>\nKrister Jonsson &#8211; gitarr<br \/>\nMattias Svensson &#8211; bas<br \/>\nRasmus Kihlberg &#8211; trummor &#038; percussion <\/p>\n<p>1 A Love Song<br \/>\n2 Good and Proper End<br \/>\n3 Wherever You&#8217;re Going<br \/>\n4 Hands Off<br \/>\n5 Summer Kind Of Love<br \/>\n6 I Don&#8217;t Wanna Lose You<br \/>\n7 License To Love<br \/>\n8 What Should I Do<br \/>\n9 Synchronicity<br \/>\n10 Stealing Moments<\/p>\n","protected":false},"excerpt":{"rendered":"<p>&#8221;N\u00e4r du sjunger, g\u00e5r solen upp,&#8221; sa Pat Metheny en g\u00e5ng till Viktoria Tolstoj. Den r\u00f6da tr\u00e5den som f\u00f6renar alla sp\u00e5r p\u00e5 &#8221;Stealing Moments&#8221; \u00e4r hennes starka, kristallklara r\u00f6st, tillsammans med hennes temperament, d\u00e4r l\u00e4tthet och glittrande energi alltid oemotst\u00e5ndligt samexisterar. Viktoria Tolstojs debutalbum &#8221;Shining On You&#8221; fr\u00e5n 2004, kan idag ses som hennes b\u00f6rjan&#8230;<\/p>\n","protected":false},"featured_media":147,"template":"","meta":[],"product_brand":[17],"product_cat":[16],"product_tag":[18,19,23],"class_list":{"0":"post-146","1":"product","2":"type-product","3":"status-publish","4":"has-post-thumbnail","6":"product_brand-act","7":"product_cat-album","8":"product_tag-cd","9":"product_tag-jazz","10":"product_tag-vinyl","12":"first","13":"instock","14":"shipping-taxable","15":"purchasable","16":"product-type-variable"},"_links":{"self":[{"href":"https:\/\/thomasaudio.se\/index.php?rest_route=\/wp\/v2\/product\/146","targetHints":{"allow":["GET"]}}],"collection":[{"href":"https:\/\/thomasaudio.se\/index.php?rest_route=\/wp\/v2\/product"}],"about":[{"href":"https:\/\/thomasaudio.se\/index.php?rest_route=\/wp\/v2\/types\/product"}],"wp:featuredmedia":[{"embeddable":true,"href":"https:\/\/thomasaudio.se\/index.php?rest_route=\/wp\/v2\/media\/147"}],"wp:attachment":[{"href":"https:\/\/thomasaudio.se\/index.php?rest_route=%2Fwp%2Fv2%2Fmedia&parent=146"}],"wp:term":[{"taxonomy":"product_brand","embeddable":true,"href":"https:\/\/thomasaudio.se\/index.php?rest_route=%2Fwp%2Fv2%2Fproduct_brand&post=146"},{"taxonomy":"product_cat","embeddable":true,"href":"https:\/\/thomasaudio.se\/index.php?rest_route=%2Fwp%2Fv2%2Fproduct_cat&post=146"},{"taxonomy":"product_tag","embeddable":true,"href":"https:\/\/thomasaudio.se\/index.php?rest_route=%2Fwp%2Fv2%2Fproduct_tag&post=146"}],"curies":[{"name":"wp","href":"https:\/\/api.w.org\/{rel}","templated":true}]}}