{"id":1434,"date":"2026-04-21T19:17:21","date_gmt":"2026-04-21T19:17:21","guid":{"rendered":"https:\/\/thomasaudio.se\/?post_type=product&#038;p=1434"},"modified":"2026-04-21T19:17:21","modified_gmt":"2026-04-21T19:17:21","slug":"tonar-trackurate-nalvag","status":"publish","type":"product","link":"https:\/\/thomasaudio.se\/?product=tonar-trackurate-nalvag","title":{"rendered":"Tonar Trackurate n\u00e5lv\u00e5g"},"content":{"rendered":"<p>Exakt vising<br \/>\nL\u00e4ttanv\u00e4nd.<br \/>\nEn tyngd medf\u00f6ljer f\u00f6r anv\u00e4ndning vid synkning.<br \/>\nEn manual beskriver hur den anv\u00e4nds.<br \/>\nL\u00e4derfodral.<\/p>\n","protected":false},"excerpt":{"rendered":"<p>Exakt vising L\u00e4ttanv\u00e4nd. En tyngd medf\u00f6ljer f\u00f6r anv\u00e4ndning vid synkning. En manual beskriver hur den anv\u00e4nds. L\u00e4derfodral.<\/p>\n","protected":false},"featured_media":1435,"template":"","meta":[],"product_brand":[132],"product_cat":[56],"product_tag":[60,305],"class_list":{"0":"post-1434","1":"product","2":"type-product","3":"status-publish","4":"has-post-thumbnail","6":"product_brand-tonar","7":"product_cat-hifi","8":"product_tag-kringutrustning","9":"product_tag-nalvag","11":"first","12":"instock","13":"shipping-taxable","14":"purchasable","15":"product-type-simple"},"_links":{"self":[{"href":"https:\/\/thomasaudio.se\/index.php?rest_route=\/wp\/v2\/product\/1434","targetHints":{"allow":["GET"]}}],"collection":[{"href":"https:\/\/thomasaudio.se\/index.php?rest_route=\/wp\/v2\/product"}],"about":[{"href":"https:\/\/thomasaudio.se\/index.php?rest_route=\/wp\/v2\/types\/product"}],"wp:featuredmedia":[{"embeddable":true,"href":"https:\/\/thomasaudio.se\/index.php?rest_route=\/wp\/v2\/media\/1435"}],"wp:attachment":[{"href":"https:\/\/thomasaudio.se\/index.php?rest_route=%2Fwp%2Fv2%2Fmedia&parent=1434"}],"wp:term":[{"taxonomy":"product_brand","embeddable":true,"href":"https:\/\/thomasaudio.se\/index.php?rest_route=%2Fwp%2Fv2%2Fproduct_brand&post=1434"},{"taxonomy":"product_cat","embeddable":true,"href":"https:\/\/thomasaudio.se\/index.php?rest_route=%2Fwp%2Fv2%2Fproduct_cat&post=1434"},{"taxonomy":"product_tag","embeddable":true,"href":"https:\/\/thomasaudio.se\/index.php?rest_route=%2Fwp%2Fv2%2Fproduct_tag&post=1434"}],"curies":[{"name":"wp","href":"https:\/\/api.w.org\/{rel}","templated":true}]}}