{"id":1427,"date":"2026-04-20T15:54:34","date_gmt":"2026-04-20T15:54:34","guid":{"rendered":"https:\/\/thomasaudio.se\/?post_type=product&#038;p=1427"},"modified":"2026-04-20T16:05:07","modified_gmt":"2026-04-20T16:05:07","slug":"gyda-valtysdottir-epicycle-ii","status":"publish","type":"product","link":"https:\/\/thomasaudio.se\/?product=gyda-valtysdottir-epicycle-ii","title":{"rendered":"Gy\u00f0a Valtysd\u00f3ttir &#8211; Epicycle II"},"content":{"rendered":"<p>Den isl\u00e4ndska cellisten, s\u00e5ngerskan och komposit\u00f6ren Gy\u00f0a Valtysd\u00f3ttir, grundare av bandet m\u00fam och vinnare av det prestigefyllda nordiska r\u00e5dets musikpris 2019, sl\u00e4pper Epicycle II. Honblev k\u00e4nd tillsammans med elektroniska experimentalister m\u00fam, den hyllade isl\u00e4ndska gruppen som ledde landets b\u00f6rdiga undergroundscen i b\u00f6rjan av 00-talet, och fick med r\u00e4tta internationellt erk\u00e4nnande.<\/p>\n<p>Hon l\u00e4mnade bandet f\u00f6r att studera till cellist; hon erh\u00f6ll en dubbla magisterexamen fr\u00e5n Musik Akademie, Basel, b\u00e5de som klassisk musiker och som fri improvisatorisk musiker. Sedan dess har hon rest med en f\u00e4rgstark palett av samarbetspartners som The Kronos Quartet, Josephine Foster, Damien Rice, Colin Stetson, J\u00f3nsi (Sigur Ros), Sk\u00fali Sverrisson, \u00d3l\u00f6f Arnalds, Ben Frost, Aaron &amp; Bryce Dessner (The National) och bildkonstn\u00e4ren Ragnar Kjartansson, bara f\u00f6r att n\u00e4mna n\u00e5gra f\u00e5.<\/p>\n<p>1 Unfold<br \/>\n2 Safe To Love<br \/>\n3 Mikros<br \/>\n4 Morphogenesis<br \/>\n5 Liquidity<br \/>\n6 Air To Breath<br \/>\n7 Evol Lamina<br \/>\n8 Octo<\/p>\n","protected":false},"excerpt":{"rendered":"<p>Den isl\u00e4ndska cellisten, s\u00e5ngerskan och komposit\u00f6ren Gy\u00f0a Valtysd\u00f3ttir, grundare av bandet m\u00fam och vinnare av det prestigefyllda nordiska r\u00e5dets musikpris 2019, sl\u00e4pper Epicycle II. Honblev k\u00e4nd tillsammans med elektroniska experimentalister m\u00fam, den hyllade isl\u00e4ndska gruppen som ledde landets b\u00f6rdiga undergroundscen i b\u00f6rjan av 00-talet, och fick med r\u00e4tta internationellt erk\u00e4nnande. Hon l\u00e4mnade bandet f\u00f6r att&#8230;<\/p>\n","protected":false},"featured_media":1429,"template":"","meta":[],"product_brand":[52],"product_cat":[16],"product_tag":[39,20,23],"class_list":{"0":"post-1427","1":"product","2":"type-product","3":"status-publish","4":"has-post-thumbnail","6":"product_brand-sono-luminus","7":"product_cat-album","8":"product_tag-nutida-instrumentellt","9":"product_tag-upplevelsemusik","10":"product_tag-vinyl","12":"first","13":"instock","14":"shipping-taxable","15":"purchasable","16":"product-type-simple"},"_links":{"self":[{"href":"https:\/\/thomasaudio.se\/index.php?rest_route=\/wp\/v2\/product\/1427","targetHints":{"allow":["GET"]}}],"collection":[{"href":"https:\/\/thomasaudio.se\/index.php?rest_route=\/wp\/v2\/product"}],"about":[{"href":"https:\/\/thomasaudio.se\/index.php?rest_route=\/wp\/v2\/types\/product"}],"wp:featuredmedia":[{"embeddable":true,"href":"https:\/\/thomasaudio.se\/index.php?rest_route=\/wp\/v2\/media\/1429"}],"wp:attachment":[{"href":"https:\/\/thomasaudio.se\/index.php?rest_route=%2Fwp%2Fv2%2Fmedia&parent=1427"}],"wp:term":[{"taxonomy":"product_brand","embeddable":true,"href":"https:\/\/thomasaudio.se\/index.php?rest_route=%2Fwp%2Fv2%2Fproduct_brand&post=1427"},{"taxonomy":"product_cat","embeddable":true,"href":"https:\/\/thomasaudio.se\/index.php?rest_route=%2Fwp%2Fv2%2Fproduct_cat&post=1427"},{"taxonomy":"product_tag","embeddable":true,"href":"https:\/\/thomasaudio.se\/index.php?rest_route=%2Fwp%2Fv2%2Fproduct_tag&post=1427"}],"curies":[{"name":"wp","href":"https:\/\/api.w.org\/{rel}","templated":true}]}}