{"id":1425,"date":"2026-04-20T15:34:18","date_gmt":"2026-04-20T15:34:18","guid":{"rendered":"https:\/\/thomasaudio.se\/?post_type=product&#038;p=1425"},"modified":"2026-04-20T15:34:48","modified_gmt":"2026-04-20T15:34:48","slug":"barokkbandid-brak","status":"publish","type":"product","link":"https:\/\/thomasaudio.se\/?product=barokkbandid-brak","title":{"rendered":"Barokkbandi\u00f0 Br\u00e1k &#8211; Two Sides"},"content":{"rendered":"<p>Antonio Vivaldi, Johan Joachim Agrell, Arcangelo Corelli, Alessandro Stradella, Giuseppe Sammartini, Finnur Karlsson, \u00der\u00e1inn Hj\u00e1lmarsson, Bergr\u00fan Sn\u00e6bj\u00f6rnsd\u00f3ttir, Kristinn Kristinsson.<\/p>\n<p>Barokkbandi\u00f0 Br\u00e1k grundades 2015 av de isl\u00e4ndska violinisterna Elfa R\u00fan Kristinsd\u00f3ttir, Gu\u00f0bj\u00f6rg Hl\u00edn Gu\u00f0mundsd\u00f3ttir och Laufey Jensd\u00f3ttir. Ensemblen best\u00e5r huvudsakligen av isl\u00e4ndska musiker som alla delar en passion f\u00f6r historiskt informerad framf\u00f6rande av ren\u00e4ssans- och barockmusik och str\u00e4var efter att f\u00f6ra musiken fr\u00e5n denna period till en bred publik b\u00e5de p\u00e5 Island och utomlands. Br\u00e1k s\u00f6ker nya koncept och samarbetar ofta med v\u00e4lk\u00e4nda s\u00e5ngare, dansare och instrumentalister fr\u00e5n hela Europa f\u00f6r att ut\u00f6ka m\u00f6jligheterna.<\/p>\n","protected":false},"excerpt":{"rendered":"<p>2CD<\/p>\n","protected":false},"featured_media":1426,"template":"","meta":[],"product_brand":[52],"product_cat":[16],"product_tag":[18,36,39],"class_list":{"0":"post-1425","1":"product","2":"type-product","3":"status-publish","4":"has-post-thumbnail","6":"product_brand-sono-luminus","7":"product_cat-album","8":"product_tag-cd","9":"product_tag-klassiskt","10":"product_tag-nutida-instrumentellt","12":"first","13":"instock","14":"shipping-taxable","15":"purchasable","16":"product-type-simple"},"_links":{"self":[{"href":"https:\/\/thomasaudio.se\/index.php?rest_route=\/wp\/v2\/product\/1425","targetHints":{"allow":["GET"]}}],"collection":[{"href":"https:\/\/thomasaudio.se\/index.php?rest_route=\/wp\/v2\/product"}],"about":[{"href":"https:\/\/thomasaudio.se\/index.php?rest_route=\/wp\/v2\/types\/product"}],"wp:featuredmedia":[{"embeddable":true,"href":"https:\/\/thomasaudio.se\/index.php?rest_route=\/wp\/v2\/media\/1426"}],"wp:attachment":[{"href":"https:\/\/thomasaudio.se\/index.php?rest_route=%2Fwp%2Fv2%2Fmedia&parent=1425"}],"wp:term":[{"taxonomy":"product_brand","embeddable":true,"href":"https:\/\/thomasaudio.se\/index.php?rest_route=%2Fwp%2Fv2%2Fproduct_brand&post=1425"},{"taxonomy":"product_cat","embeddable":true,"href":"https:\/\/thomasaudio.se\/index.php?rest_route=%2Fwp%2Fv2%2Fproduct_cat&post=1425"},{"taxonomy":"product_tag","embeddable":true,"href":"https:\/\/thomasaudio.se\/index.php?rest_route=%2Fwp%2Fv2%2Fproduct_tag&post=1425"}],"curies":[{"name":"wp","href":"https:\/\/api.w.org\/{rel}","templated":true}]}}