{"id":1423,"date":"2026-04-20T15:07:05","date_gmt":"2026-04-20T15:07:05","guid":{"rendered":"https:\/\/thomasaudio.se\/?post_type=product&#038;p=1423"},"modified":"2026-04-20T15:07:05","modified_gmt":"2026-04-20T15:07:05","slug":"ensemble-galilei-there-i-long-to-be","status":"publish","type":"product","link":"https:\/\/thomasaudio.se\/?product=ensemble-galilei-there-i-long-to-be","title":{"rendered":"Ensemble Galilei &#8211; There I Long to Be"},"content":{"rendered":"<p>Ensemble Galilei specialiserar sig p\u00e5 ett brett spektrum av musik f\u00f6r sin specifika instrumentering. De spelar ren\u00e4ssans- och barockmusik, antik och nyare keltisk musik samt irl\u00e4ndsk musik, inklusive n\u00e5gra verk som \u00e4r s\u00e4rskilt skrivna f\u00f6r dem.<br \/>\nEnsemble Galilei fick sitt namn efter Vincenzo Galilei (ca 1520\u20131592), en pionj\u00e4r inom den grekiskinspirerade r\u00f6relsen som skapade &#8221;opera in musica.&#8221; Han anses b\u00e5de ha f\u00f6renklat och \u00e5terf\u00f6rt passionen till musiken, och var ocks\u00e5 en ledande teoretiker under sin tid.<\/p>\n<p>Andemeningen, avsikten, ensemblen gemensamma k\u00e4nsla, solisten, den vackra r\u00f6sten, fingrarna p\u00e5 str\u00e4ngarna, luften n\u00e4r den kommer ut ur blockfl\u00f6jten, h\u00e4nderna p\u00e5 regulatorerna i uilleann-piporna, tipparen n\u00e4r den nuddar vid bodhr\u00e1nens huvud, hartsen p\u00e5 fiolens str\u00e5ke och den fj\u00e4derprydda \u00e4nden av tonen p\u00e5 en viola da gamba. Allt finns d\u00e4r. En inspelning av h\u00f6g kvalitet. Rummet, mikrodetaljerna, dynamiken&#8230;<\/p>\n","protected":false},"excerpt":{"rendered":"<p>Ensemble Galilei specialiserar sig p\u00e5 ett brett spektrum av musik f\u00f6r sin specifika instrumentering. De spelar ren\u00e4ssans- och barockmusik, antik och nyare keltisk musik samt irl\u00e4ndsk musik, inklusive n\u00e5gra verk som \u00e4r s\u00e4rskilt skrivna f\u00f6r dem. Ensemble Galilei fick sitt namn efter Vincenzo Galilei (ca 1520\u20131592), en pionj\u00e4r inom den grekiskinspirerade r\u00f6relsen som skapade &#8221;opera&#8230;<\/p>\n","protected":false},"featured_media":1424,"template":"","meta":[],"product_brand":[52],"product_cat":[16],"product_tag":[18,36],"class_list":{"0":"post-1423","1":"product","2":"type-product","3":"status-publish","4":"has-post-thumbnail","6":"product_brand-sono-luminus","7":"product_cat-album","8":"product_tag-cd","9":"product_tag-klassiskt","11":"first","12":"instock","13":"shipping-taxable","14":"purchasable","15":"product-type-simple"},"_links":{"self":[{"href":"https:\/\/thomasaudio.se\/index.php?rest_route=\/wp\/v2\/product\/1423","targetHints":{"allow":["GET"]}}],"collection":[{"href":"https:\/\/thomasaudio.se\/index.php?rest_route=\/wp\/v2\/product"}],"about":[{"href":"https:\/\/thomasaudio.se\/index.php?rest_route=\/wp\/v2\/types\/product"}],"wp:featuredmedia":[{"embeddable":true,"href":"https:\/\/thomasaudio.se\/index.php?rest_route=\/wp\/v2\/media\/1424"}],"wp:attachment":[{"href":"https:\/\/thomasaudio.se\/index.php?rest_route=%2Fwp%2Fv2%2Fmedia&parent=1423"}],"wp:term":[{"taxonomy":"product_brand","embeddable":true,"href":"https:\/\/thomasaudio.se\/index.php?rest_route=%2Fwp%2Fv2%2Fproduct_brand&post=1423"},{"taxonomy":"product_cat","embeddable":true,"href":"https:\/\/thomasaudio.se\/index.php?rest_route=%2Fwp%2Fv2%2Fproduct_cat&post=1423"},{"taxonomy":"product_tag","embeddable":true,"href":"https:\/\/thomasaudio.se\/index.php?rest_route=%2Fwp%2Fv2%2Fproduct_tag&post=1423"}],"curies":[{"name":"wp","href":"https:\/\/api.w.org\/{rel}","templated":true}]}}