{"id":1421,"date":"2026-04-20T06:47:25","date_gmt":"2026-04-20T06:47:25","guid":{"rendered":"https:\/\/thomasaudio.se\/?post_type=product&#038;p=1421"},"modified":"2026-04-25T11:59:10","modified_gmt":"2026-04-25T11:59:10","slug":"the-baltimore-consort-live-in-concert","status":"publish","type":"product","link":"https:\/\/thomasaudio.se\/butik\/album\/the-baltimore-consort-live-in-concert\/","title":{"rendered":"The Baltimore Consort &#8211; Live In Concert"},"content":{"rendered":"<p>Denna underbara och l\u00e4nge efterl\u00e4ngtade LIVE-inspelning av den popul\u00e4ra musikgruppen The Baltimore Consort spelades in i First Scots Presbyterian Church i Charleston, South Carolina under Piccolo Spoleto Festival i juni 2007.<br \/>\nOmgivna av historiens sp\u00f6ken fr\u00e5n skotska presbyterianer k\u00e4nde musikerna och deras publik en andlig koppling till det f\u00f6rflutna. De uppskattade ocks\u00e5 den mycket livliga sekvensen av melodier som fans av The Baltimore Consort k\u00e4nner s\u00e5 v\u00e4l!<\/p>\n<p>F\u00f6r f\u00f6rsta g\u00e5ngen spelar den beg\u00e5vade unga sopranen Danielle Svonavec in med dem, och efter ett 17-\u00e5rigt uppeh\u00e5ll \u00e5terkommer Mindy Rosenfeld, vars fl\u00f6jtspel prydde deras framg\u00e5ngsrika, f\u00f6rsta tid<\/p>\n","protected":false},"excerpt":{"rendered":"<p>Denna underbara och l\u00e4nge efterl\u00e4ngtade LIVE-inspelning av den popul\u00e4ra musikgruppen The Baltimore Consort spelades in i First Scots Presbyterian Church i Charleston, South Carolina under Piccolo Spoleto Festival i juni 2007. Omgivna av historiens sp\u00f6ken fr\u00e5n skotska presbyterianer k\u00e4nde musikerna och deras publik en andlig koppling till det f\u00f6rflutna. De uppskattade ocks\u00e5 den mycket livliga&#8230;<\/p>\n","protected":false},"featured_media":1422,"template":"","meta":[],"product_brand":[304],"product_cat":[16],"product_tag":[311,18,36],"class_list":{"0":"post-1421","1":"product","2":"type-product","3":"status-publish","4":"has-post-thumbnail","6":"product_brand-dorian","7":"product_cat-album","8":"product_tag-album","9":"product_tag-cd","10":"product_tag-klassiskt","12":"first","13":"instock","14":"shipping-taxable","15":"purchasable","16":"product-type-simple"},"_links":{"self":[{"href":"https:\/\/thomasaudio.se\/wp-json\/wp\/v2\/product\/1421","targetHints":{"allow":["GET"]}}],"collection":[{"href":"https:\/\/thomasaudio.se\/wp-json\/wp\/v2\/product"}],"about":[{"href":"https:\/\/thomasaudio.se\/wp-json\/wp\/v2\/types\/product"}],"wp:featuredmedia":[{"embeddable":true,"href":"https:\/\/thomasaudio.se\/wp-json\/wp\/v2\/media\/1422"}],"wp:attachment":[{"href":"https:\/\/thomasaudio.se\/wp-json\/wp\/v2\/media?parent=1421"}],"wp:term":[{"taxonomy":"product_brand","embeddable":true,"href":"https:\/\/thomasaudio.se\/wp-json\/wp\/v2\/product_brand?post=1421"},{"taxonomy":"product_cat","embeddable":true,"href":"https:\/\/thomasaudio.se\/wp-json\/wp\/v2\/product_cat?post=1421"},{"taxonomy":"product_tag","embeddable":true,"href":"https:\/\/thomasaudio.se\/wp-json\/wp\/v2\/product_tag?post=1421"}],"curies":[{"name":"wp","href":"https:\/\/api.w.org\/{rel}","templated":true}]}}