{"id":142,"date":"2026-02-17T07:12:46","date_gmt":"2026-02-17T07:12:46","guid":{"rendered":"https:\/\/thomasaudio.se\/?post_type=product&#038;p=142"},"modified":"2026-03-07T08:59:00","modified_gmt":"2026-03-07T08:59:00","slug":"garreth-broke-life-through-loss","status":"publish","type":"product","link":"https:\/\/thomasaudio.se\/?product=garreth-broke-life-through-loss","title":{"rendered":"Garreth Broke &#8211; Life through loss"},"content":{"rendered":"<p>&#8221;Life Through Loss&#8221; \u00e4r det nya albumet av pianisten och komposit\u00f6ren Garreth Broke. Musiken \u00e4r varsam och k\u00e4nslofull, djupt p\u00e5verkad av hans personliga erfarenhet av sorg och hans arbete i sitt arbete som sorgef\u00f6ljeslagare. Albumet har nyanser som erbjuder en egen utforskning av sorg i all dess komplexitet \u2013 men omfamnar b\u00e5de sm\u00e4rta och hopp. &#8221;Life Through Loss&#8221; st\u00e5r som en empativ och insiktsfull hyllning till alla som har upplevt sorg, och bjuder in lyssnare att finna tr\u00f6st och mening.<\/p>\n<p>1 Just Another Day (Without You)<br \/>\n2 What We Shared (Playing Amelie)<br \/>\n3 Concrete Bunks<br \/>\n4 Never Enough Time<br \/>\n5 Beautiful Ache<br \/>\n6 Mourn<br \/>\n7 The Big Wave<br \/>\n8 Lifted<br \/>\n9 (Don&#8217;t) Change<br \/>\n10 What Matters<br \/>\n11 Bittersweet<br \/>\n12 Photograph<br \/>\n13 You&#8217;re in Everything I Do<br \/>\n14 Life Finds a Way<\/p>\n","protected":false},"excerpt":{"rendered":"<p>&#8221;Life Through Loss&#8221; \u00e4r det nya albumet av pianisten och komposit\u00f6ren Garreth Broke. Musiken \u00e4r varsam och k\u00e4nslofull, djupt p\u00e5verkad av hans personliga erfarenhet av sorg och hans arbete i sitt arbete som sorgef\u00f6ljeslagare. Albumet har nyanser som erbjuder en egen utforskning av sorg i all dess komplexitet \u2013 men omfamnar b\u00e5de sm\u00e4rta och hopp&#8230;.<\/p>\n","protected":false},"featured_media":143,"template":"","meta":[],"product_brand":[29],"product_cat":[16],"product_tag":[223,35,43,23],"class_list":{"0":"post-142","1":"product","2":"type-product","3":"status-publish","4":"has-post-thumbnail","6":"product_brand-neue-meister-musik","7":"product_cat-album","8":"product_tag-garreth-broke","9":"product_tag-kanslomusik","10":"product_tag-solopiano","11":"product_tag-vinyl","13":"first","14":"instock","15":"shipping-taxable","16":"purchasable","17":"product-type-variable"},"_links":{"self":[{"href":"https:\/\/thomasaudio.se\/index.php?rest_route=\/wp\/v2\/product\/142","targetHints":{"allow":["GET"]}}],"collection":[{"href":"https:\/\/thomasaudio.se\/index.php?rest_route=\/wp\/v2\/product"}],"about":[{"href":"https:\/\/thomasaudio.se\/index.php?rest_route=\/wp\/v2\/types\/product"}],"wp:featuredmedia":[{"embeddable":true,"href":"https:\/\/thomasaudio.se\/index.php?rest_route=\/wp\/v2\/media\/143"}],"wp:attachment":[{"href":"https:\/\/thomasaudio.se\/index.php?rest_route=%2Fwp%2Fv2%2Fmedia&parent=142"}],"wp:term":[{"taxonomy":"product_brand","embeddable":true,"href":"https:\/\/thomasaudio.se\/index.php?rest_route=%2Fwp%2Fv2%2Fproduct_brand&post=142"},{"taxonomy":"product_cat","embeddable":true,"href":"https:\/\/thomasaudio.se\/index.php?rest_route=%2Fwp%2Fv2%2Fproduct_cat&post=142"},{"taxonomy":"product_tag","embeddable":true,"href":"https:\/\/thomasaudio.se\/index.php?rest_route=%2Fwp%2Fv2%2Fproduct_tag&post=142"}],"curies":[{"name":"wp","href":"https:\/\/api.w.org\/{rel}","templated":true}]}}