{"id":1418,"date":"2026-04-20T06:38:29","date_gmt":"2026-04-20T06:38:29","guid":{"rendered":"https:\/\/thomasaudio.se\/?post_type=product&#038;p=1418"},"modified":"2026-04-25T12:28:55","modified_gmt":"2026-04-25T12:28:55","slug":"ensemble-corund-tomas-luis-de-victoria-tenebrae-responsories","status":"publish","type":"product","link":"https:\/\/thomasaudio.se\/?product=ensemble-corund-tomas-luis-de-victoria-tenebrae-responsories","title":{"rendered":"Ensemble Corund &#8211; Tom\u00e1s Luis de Victoria: Tenebrae Responsories"},"content":{"rendered":"<p>Tom\u00e1s Luis de Victoria, f\u00f6rfattare till den ber\u00f6mda motetten &#8221;O magnum mysterium&#8221;. Han anses vara den st\u00f6rsta av alla iberiska tons\u00e4ttare. Hans mycket uttrycksfulla k\u00f6rmusik fr\u00e5n slutet av 1500-talet. De sjungs h\u00e4r med stor intensitet av kammark\u00f6ren Ensemble Corund, dirigerad av Stephen Smith. Musiken spelas in i St. Matthew&#8217;s Church i Luzern, Schweiz.<\/p>\n<p>Den fantastiska och h\u00e4nf\u00f6rande musikaliska k\u00e4nslan som Ensemble Corund bem\u00e4strar till fullo ber\u00f6r som en stilla smekning. Den framst\u00e5ende schweiziska ensemblen kommer fr\u00e5n olika bakgrunder, men delar \u00e4nd\u00e5 en k\u00e4rlek till sitt repertoar med en str\u00e4van efter ett homogent men \u00e4nd\u00e5 levande ljud.<\/p>\n","protected":false},"excerpt":{"rendered":"<p>Tom\u00e1s Luis de Victoria, f\u00f6rfattare till den ber\u00f6mda motetten &#8221;O magnum mysterium&#8221;. Han anses vara den st\u00f6rsta av alla iberiska tons\u00e4ttare. Hans mycket uttrycksfulla k\u00f6rmusik fr\u00e5n slutet av 1500-talet. De sjungs h\u00e4r med stor intensitet av kammark\u00f6ren Ensemble Corund, dirigerad av Stephen Smith. Musiken spelas in i St. Matthew&#8217;s Church i Luzern, Schweiz. Den fantastiska&#8230;<\/p>\n","protected":false},"featured_media":1419,"template":"","meta":[],"product_brand":[304],"product_cat":[16],"product_tag":[70,18,36],"class_list":{"0":"post-1418","1":"product","2":"type-product","3":"status-publish","4":"has-post-thumbnail","6":"product_brand-dorian","7":"product_cat-album","8":"product_tag-a-capella","9":"product_tag-cd","10":"product_tag-klassiskt","12":"first","13":"instock","14":"shipping-taxable","15":"purchasable","16":"product-type-simple"},"_links":{"self":[{"href":"https:\/\/thomasaudio.se\/index.php?rest_route=\/wp\/v2\/product\/1418","targetHints":{"allow":["GET"]}}],"collection":[{"href":"https:\/\/thomasaudio.se\/index.php?rest_route=\/wp\/v2\/product"}],"about":[{"href":"https:\/\/thomasaudio.se\/index.php?rest_route=\/wp\/v2\/types\/product"}],"wp:featuredmedia":[{"embeddable":true,"href":"https:\/\/thomasaudio.se\/index.php?rest_route=\/wp\/v2\/media\/1419"}],"wp:attachment":[{"href":"https:\/\/thomasaudio.se\/index.php?rest_route=%2Fwp%2Fv2%2Fmedia&parent=1418"}],"wp:term":[{"taxonomy":"product_brand","embeddable":true,"href":"https:\/\/thomasaudio.se\/index.php?rest_route=%2Fwp%2Fv2%2Fproduct_brand&post=1418"},{"taxonomy":"product_cat","embeddable":true,"href":"https:\/\/thomasaudio.se\/index.php?rest_route=%2Fwp%2Fv2%2Fproduct_cat&post=1418"},{"taxonomy":"product_tag","embeddable":true,"href":"https:\/\/thomasaudio.se\/index.php?rest_route=%2Fwp%2Fv2%2Fproduct_tag&post=1418"}],"curies":[{"name":"wp","href":"https:\/\/api.w.org\/{rel}","templated":true}]}}