{"id":1412,"date":"2026-04-19T18:37:02","date_gmt":"2026-04-19T18:37:02","guid":{"rendered":"https:\/\/thomasaudio.se\/?post_type=product&#038;p=1412"},"modified":"2026-04-19T18:37:02","modified_gmt":"2026-04-19T18:37:02","slug":"hannah-collins-resonance-lines","status":"publish","type":"product","link":"https:\/\/thomasaudio.se\/?product=hannah-collins-resonance-lines","title":{"rendered":"Hannah Collins &#8211; Resonance Lines"},"content":{"rendered":"<p>Verken p\u00e5 albumet delar en nostalgisk anda f\u00f6r det flyktiga. Varje stycke g\u00f6r tydliga referenser till musik fr\u00e5n det f\u00f6rflutna och belyser d\u00e4rmed de kreativa samarbetspartnernas unika personligheter och hur de anv\u00e4nde sina personligheter f\u00f6r att forma element fr\u00e5n sina gemensamma musikaliska historier till nya, personligt relevanta former.<\/p>\n<p>Kaija Saariahos Dreaming Chaconne \u00e4r en variation p\u00e5 ett av de tidigaste k\u00e4nda celloverken, Giuseppe Colombis Chiacona fr\u00e5n 1670. Caroline Shaws in manus tuas \u00e4r baserad p\u00e5 en motett fr\u00e5n 1500-talet av Thomas Tallis och \u00e4r avsedd att f\u00e5nga k\u00e4nslan av ett enda \u00f6gonblick av att h\u00f6ra motetten i det s\u00e4rskilda och anm\u00e4rkningsv\u00e4rda rummet Christ Church i New Haven, Connecticut.<\/p>\n<p>1 Chiacona<br \/>\n2 Dreaming Chaconne<br \/>\n3 In manus tuas<br \/>\n4 Suite for Cello, Op. 72<br \/>\n5 Canto Primo: Sostenuto e largamente<br \/>\n6 Canto secondo: Sostenuto<br \/>\n7 Canto terzo: Sostenuto<br \/>\n8 Cadenza (with or without Haydn)<br \/>\n9 Suite for Cello, Op. 72<\/p>\n","protected":false},"excerpt":{"rendered":"<p>Verken p\u00e5 albumet delar en nostalgisk anda f\u00f6r det flyktiga. Varje stycke g\u00f6r tydliga referenser till musik fr\u00e5n det f\u00f6rflutna och belyser d\u00e4rmed de kreativa samarbetspartnernas unika personligheter och hur de anv\u00e4nde sina personligheter f\u00f6r att forma element fr\u00e5n sina gemensamma musikaliska historier till nya, personligt relevanta former. Kaija Saariahos Dreaming Chaconne \u00e4r en variation&#8230;<\/p>\n","protected":false},"featured_media":1413,"template":"","meta":[],"product_brand":[52],"product_cat":[16],"product_tag":[18,36],"class_list":{"0":"post-1412","1":"product","2":"type-product","3":"status-publish","4":"has-post-thumbnail","6":"product_brand-sono-luminus","7":"product_cat-album","8":"product_tag-cd","9":"product_tag-klassiskt","11":"first","12":"instock","13":"shipping-taxable","14":"purchasable","15":"product-type-simple"},"_links":{"self":[{"href":"https:\/\/thomasaudio.se\/index.php?rest_route=\/wp\/v2\/product\/1412","targetHints":{"allow":["GET"]}}],"collection":[{"href":"https:\/\/thomasaudio.se\/index.php?rest_route=\/wp\/v2\/product"}],"about":[{"href":"https:\/\/thomasaudio.se\/index.php?rest_route=\/wp\/v2\/types\/product"}],"wp:featuredmedia":[{"embeddable":true,"href":"https:\/\/thomasaudio.se\/index.php?rest_route=\/wp\/v2\/media\/1413"}],"wp:attachment":[{"href":"https:\/\/thomasaudio.se\/index.php?rest_route=%2Fwp%2Fv2%2Fmedia&parent=1412"}],"wp:term":[{"taxonomy":"product_brand","embeddable":true,"href":"https:\/\/thomasaudio.se\/index.php?rest_route=%2Fwp%2Fv2%2Fproduct_brand&post=1412"},{"taxonomy":"product_cat","embeddable":true,"href":"https:\/\/thomasaudio.se\/index.php?rest_route=%2Fwp%2Fv2%2Fproduct_cat&post=1412"},{"taxonomy":"product_tag","embeddable":true,"href":"https:\/\/thomasaudio.se\/index.php?rest_route=%2Fwp%2Fv2%2Fproduct_tag&post=1412"}],"curies":[{"name":"wp","href":"https:\/\/api.w.org\/{rel}","templated":true}]}}