{"id":1409,"date":"2026-04-19T14:11:11","date_gmt":"2026-04-19T14:11:11","guid":{"rendered":"https:\/\/thomasaudio.se\/?post_type=product&#038;p=1409"},"modified":"2026-04-19T14:12:22","modified_gmt":"2026-04-19T14:12:22","slug":"1409","status":"publish","type":"product","link":"https:\/\/thomasaudio.se\/?product=1409","title":{"rendered":"Dresdener Philharmonie &#038; Staatsopernchor &#8211; Verdi: La Traviata"},"content":{"rendered":"<p>Orkester &#8211; Dresdener Philharmonie<br \/>\nK\u00f6r &#8211; S\u00e4chsischer Staatsopernchor<br \/>\nDirigent &#8211; Daniel Oren<\/p>\n<p>En stj\u00e4rnsp\u00e4ckad ensemble inklusive Ren\u00e9 Barbera som Alfredo, Lester Lynch som Germont och v\u00e4rldsstj\u00e4rnsopranen Lisette Oropesa som Violetta. Verdis opera fr\u00e5n 1853 var revolutionerande i den meningen att den presenterade ett \u00e4mne f\u00f6r sin egen tid, snarare \u00e4n de vanliga historiskt avl\u00e4gsna ber\u00e4ttelserna. Intressant nog k\u00e4nns denna tragiska ber\u00e4ttelse om en kvinna som offrar sin k\u00e4rlek f\u00f6r att r\u00e4dda sin \u00e4lskades familjs \u00e4ra fortfarande lika fr\u00e4sch och aktuell som n\u00e5gonsin, vilket f\u00f6rklarar dess obevekliga popularitet. <\/p>\n<p>La Travatia \u00e4r en o\u00e4ndlig str\u00f6m av minnesv\u00e4rda melodier med ett gripande dramatiskt tempo, samt en ber\u00e4ttelse som \u00e4r b\u00e5de hj\u00e4rtsk\u00e4rande och provocerande. Huvudsopranrollen skiftar gradvis fr\u00e5n koloraturvirtuositet till en mer lyrisk, dramatisk idiom n\u00e4r tragedin fortskrider, och denna f\u00f6rest\u00e4llning visar hennes fina k\u00e4nsla f\u00f6r b\u00e5da stilarna.<\/p>\n","protected":false},"excerpt":{"rendered":"<p>Orkester &#8211; Dresdener Philharmonie K\u00f6r &#8211; S\u00e4chsischer Staatsopernchor Dirigent &#8211; Daniel Oren En stj\u00e4rnsp\u00e4ckad ensemble inklusive Ren\u00e9 Barbera som Alfredo, Lester Lynch som Germont och v\u00e4rldsstj\u00e4rnsopranen Lisette Oropesa som Violetta. Verdis opera fr\u00e5n 1853 var revolutionerande i den meningen att den presenterade ett \u00e4mne f\u00f6r sin egen tid, snarare \u00e4n de vanliga historiskt avl\u00e4gsna ber\u00e4ttelserna&#8230;.<\/p>\n","protected":false},"featured_media":1410,"template":"","meta":[],"product_brand":[38],"product_cat":[16],"product_tag":[36,297,122],"class_list":{"0":"post-1409","1":"product","2":"type-product","3":"status-publish","4":"has-post-thumbnail","6":"product_brand-pentatone","7":"product_cat-album","8":"product_tag-klassiskt","9":"product_tag-opera","10":"product_tag-sacd-hybrid","12":"first","13":"instock","14":"shipping-taxable","15":"purchasable","16":"product-type-simple"},"_links":{"self":[{"href":"https:\/\/thomasaudio.se\/index.php?rest_route=\/wp\/v2\/product\/1409","targetHints":{"allow":["GET"]}}],"collection":[{"href":"https:\/\/thomasaudio.se\/index.php?rest_route=\/wp\/v2\/product"}],"about":[{"href":"https:\/\/thomasaudio.se\/index.php?rest_route=\/wp\/v2\/types\/product"}],"wp:featuredmedia":[{"embeddable":true,"href":"https:\/\/thomasaudio.se\/index.php?rest_route=\/wp\/v2\/media\/1410"}],"wp:attachment":[{"href":"https:\/\/thomasaudio.se\/index.php?rest_route=%2Fwp%2Fv2%2Fmedia&parent=1409"}],"wp:term":[{"taxonomy":"product_brand","embeddable":true,"href":"https:\/\/thomasaudio.se\/index.php?rest_route=%2Fwp%2Fv2%2Fproduct_brand&post=1409"},{"taxonomy":"product_cat","embeddable":true,"href":"https:\/\/thomasaudio.se\/index.php?rest_route=%2Fwp%2Fv2%2Fproduct_cat&post=1409"},{"taxonomy":"product_tag","embeddable":true,"href":"https:\/\/thomasaudio.se\/index.php?rest_route=%2Fwp%2Fv2%2Fproduct_tag&post=1409"}],"curies":[{"name":"wp","href":"https:\/\/api.w.org\/{rel}","templated":true}]}}