{"id":1407,"date":"2026-04-19T14:05:41","date_gmt":"2026-04-19T14:05:41","guid":{"rendered":"https:\/\/thomasaudio.se\/?post_type=product&#038;p=1407"},"modified":"2026-04-25T12:00:53","modified_gmt":"2026-04-25T12:00:53","slug":"scharoun-ensemble-berlin-schubert-oktett-in-f-major-d-803","status":"publish","type":"product","link":"https:\/\/thomasaudio.se\/?product=scharoun-ensemble-berlin-schubert-oktett-in-f-major-d-803","title":{"rendered":"Scharoun Ensemble Berlin  &#8211; Schubert: Oktett in F-major, D 803"},"content":{"rendered":"<p>Schuberts oktett i F-dur, D 803, st\u00e5r som en av kammarmusikens kronverk \u2013 en expansiv, symfonisk vision destillerad i \u00e5tta instrument. F\u00f6r Scharoun Ensemble Berlin ligger detta m\u00e4sterverk i sj\u00e4lva hj\u00e4rtat av deras konstn\u00e4rliga identitet.<\/p>\n<p>Ensemblen grundades 1983 av medlemmar fr\u00e5n Berlinfilharmonikerna och har f\u00e5tt sitt namn efter Hans Scharoun, arkitekten bakom Berlinfilharmonin, vars Kammermusiksaal har varit deras musikaliska hem sedan deras allra f\u00f6rsta offentliga framtr\u00e4dande \u2013 och platsen f\u00f6r denna inspelning.<\/p>\n<p>Formad av decennier av djup v\u00e4nskap avsl\u00f6jar oktetten Schuberts hela k\u00e4nslospektra: Lycka och livsgl\u00e4dje, \u00f6mhet och nostalgi, r\u00e4dsla och trotsig styrka, allt som utspelar sig \u00f6ver vad violinisten Rachel Schmidt kallar en underbar timme av musik som skildrar ett helt liv.<\/p>\n<p>Med sin intima koppling till plats, tradition och levande musikalisk kontinuitet erbjuder denna inspelning en definitiv och djupt personlig skildring av ett av de mest \u00e4lskade verken i kammarmusikrepertoaren. inspelningskvaliteten \u00e4r h\u00f6g med alla instrumenten i tydlig n\u00e4rhet i en luftig ljudbild.<\/p>\n","protected":false},"excerpt":{"rendered":"<p>Schuberts oktett i F-dur, D 803, st\u00e5r som en av kammarmusikens kronverk \u2013 en expansiv, symfonisk vision destillerad i \u00e5tta instrument. F\u00f6r Scharoun Ensemble Berlin ligger detta m\u00e4sterverk i sj\u00e4lva hj\u00e4rtat av deras konstn\u00e4rliga identitet. Ensemblen grundades 1983 av medlemmar fr\u00e5n Berlinfilharmonikerna och har f\u00e5tt sitt namn efter Hans Scharoun, arkitekten bakom Berlinfilharmonin, vars Kammermusiksaal&#8230;<\/p>\n","protected":false},"featured_media":1408,"template":"","meta":[],"product_brand":[38],"product_cat":[16],"product_tag":[18,36],"class_list":{"0":"post-1407","1":"product","2":"type-product","3":"status-publish","4":"has-post-thumbnail","6":"product_brand-pentatone","7":"product_cat-album","8":"product_tag-cd","9":"product_tag-klassiskt","11":"first","12":"instock","13":"shipping-taxable","14":"purchasable","15":"product-type-simple"},"_links":{"self":[{"href":"https:\/\/thomasaudio.se\/index.php?rest_route=\/wp\/v2\/product\/1407","targetHints":{"allow":["GET"]}}],"collection":[{"href":"https:\/\/thomasaudio.se\/index.php?rest_route=\/wp\/v2\/product"}],"about":[{"href":"https:\/\/thomasaudio.se\/index.php?rest_route=\/wp\/v2\/types\/product"}],"wp:featuredmedia":[{"embeddable":true,"href":"https:\/\/thomasaudio.se\/index.php?rest_route=\/wp\/v2\/media\/1408"}],"wp:attachment":[{"href":"https:\/\/thomasaudio.se\/index.php?rest_route=%2Fwp%2Fv2%2Fmedia&parent=1407"}],"wp:term":[{"taxonomy":"product_brand","embeddable":true,"href":"https:\/\/thomasaudio.se\/index.php?rest_route=%2Fwp%2Fv2%2Fproduct_brand&post=1407"},{"taxonomy":"product_cat","embeddable":true,"href":"https:\/\/thomasaudio.se\/index.php?rest_route=%2Fwp%2Fv2%2Fproduct_cat&post=1407"},{"taxonomy":"product_tag","embeddable":true,"href":"https:\/\/thomasaudio.se\/index.php?rest_route=%2Fwp%2Fv2%2Fproduct_tag&post=1407"}],"curies":[{"name":"wp","href":"https:\/\/api.w.org\/{rel}","templated":true}]}}