{"id":1405,"date":"2026-04-19T13:34:52","date_gmt":"2026-04-19T13:34:52","guid":{"rendered":"https:\/\/thomasaudio.se\/?post_type=product&#038;p=1405"},"modified":"2026-04-19T13:34:53","modified_gmt":"2026-04-19T13:34:53","slug":"netherlands-radio-philharmonic-orchestra-rachmaninoff-the-bells-symphonic-dances","status":"publish","type":"product","link":"https:\/\/thomasaudio.se\/?product=netherlands-radio-philharmonic-orchestra-rachmaninoff-the-bells-symphonic-dances","title":{"rendered":"Netherlands Radio Philharmonic Orchestra &#8211; Rachmaninoff: The Bells &#038; Symphonic Dances"},"content":{"rendered":"<p>Internationellt hyllad f\u00f6r sina k\u00e4nslom\u00e4ssigt laddade framtr\u00e4danden, tekniska beh\u00e4rskning och tolkningsdjup har Canellakis blivit en av de mest eftertraktade dirigenterna i sin generation.<\/p>\n<p>Nederl\u00e4ndska Radiofilharmonikerna och Nederl\u00e4ndska Radiok\u00f6ren med ledning under chefsdirigent Karina Canellakis tar sig an The Bells &#038; Symphonic Dances i en kraftfull och djupt uttrycksfull tolkning.<br \/>\nI The Bells f\u00f6ljer str\u00e5lande k\u00f6rtexturer och rikt f\u00e4rgad orkestrering fr\u00e5n naivistiskt skimmer och lyrisk v\u00e4rme till hotfullt \u00f6verv\u00e4ldigande dramatik till en slutlig vision av fridfull transcendens. De framst\u00e5ende solisterna \u2013 Dmytro Popov, Kristina Mkhitaryan och Alexander Vinogradov \u2013 tillf\u00f6r en briljans med emotionellt djup medan k\u00f6ren lyfter texten med \u00f6ppen klarhet. <\/p>\n<p>I Symphonic Dances finns rytmisk vitalitet och jordn\u00e4ra driv vika f\u00f6r stunder av nostalgi kulminerar i en dj\u00e4rv och upplyftande final som f\u00e5ngar komposit\u00f6rens omissk\u00e4nnliga karakt\u00e4r i hans stora orkesterverk.<\/p>\n","protected":false},"excerpt":{"rendered":"<p>Albumet sl\u00e4pps 12\/6 2026<\/p>\n","protected":false},"featured_media":1406,"template":"","meta":[],"product_brand":[38],"product_cat":[16],"product_tag":[18,36],"class_list":{"0":"post-1405","1":"product","2":"type-product","3":"status-publish","4":"has-post-thumbnail","6":"product_brand-pentatone","7":"product_cat-album","8":"product_tag-cd","9":"product_tag-klassiskt","11":"first","12":"instock","13":"shipping-taxable","14":"purchasable","15":"product-type-simple"},"_links":{"self":[{"href":"https:\/\/thomasaudio.se\/index.php?rest_route=\/wp\/v2\/product\/1405","targetHints":{"allow":["GET"]}}],"collection":[{"href":"https:\/\/thomasaudio.se\/index.php?rest_route=\/wp\/v2\/product"}],"about":[{"href":"https:\/\/thomasaudio.se\/index.php?rest_route=\/wp\/v2\/types\/product"}],"wp:featuredmedia":[{"embeddable":true,"href":"https:\/\/thomasaudio.se\/index.php?rest_route=\/wp\/v2\/media\/1406"}],"wp:attachment":[{"href":"https:\/\/thomasaudio.se\/index.php?rest_route=%2Fwp%2Fv2%2Fmedia&parent=1405"}],"wp:term":[{"taxonomy":"product_brand","embeddable":true,"href":"https:\/\/thomasaudio.se\/index.php?rest_route=%2Fwp%2Fv2%2Fproduct_brand&post=1405"},{"taxonomy":"product_cat","embeddable":true,"href":"https:\/\/thomasaudio.se\/index.php?rest_route=%2Fwp%2Fv2%2Fproduct_cat&post=1405"},{"taxonomy":"product_tag","embeddable":true,"href":"https:\/\/thomasaudio.se\/index.php?rest_route=%2Fwp%2Fv2%2Fproduct_tag&post=1405"}],"curies":[{"name":"wp","href":"https:\/\/api.w.org\/{rel}","templated":true}]}}