{"id":140,"date":"2026-02-17T06:54:26","date_gmt":"2026-02-17T06:54:26","guid":{"rendered":"https:\/\/thomasaudio.se\/?post_type=product&#038;p=140"},"modified":"2026-03-07T08:59:17","modified_gmt":"2026-03-07T08:59:17","slug":"wolfgang-muthspiel-where-the-river-goes","status":"publish","type":"product","link":"https:\/\/thomasaudio.se\/?product=wolfgang-muthspiel-where-the-river-goes","title":{"rendered":"Wolfgang Muthspiel &#8211; Where the river goes"},"content":{"rendered":"<p>Den \u00f6sterrikiske gitarristen g\u00e5r in i studion med Brad Mehldau, Ambrose Akinmusire och Larry Grenadier, alla tunga namn och den erfarne Eric Harland p\u00e5 trummor. En ensemble med en s\u00e4rskild, distinkt identitet genom deras lyh\u00f6rdhet inf\u00f6r varandra. Albumet, inspelat i Studios La Buissonne i februari 2018 och producerat av Manfred Eicher, inneh\u00e5ller musik av Wolfgang Muthspiel och en av l\u00e5tarna av Brad Mehldau.<\/p>\n<p>Wolfgang Muthspiel &#8211; gitarr<br \/>\nAmbrose Akinmusire &#8211; trumpet<br \/>\nBrad Mehldau &#8211; piano<br \/>\nLarry Grenadier &#8211; kontrabas<br \/>\nEric Harland &#8211; trummor<\/p>\n<p>1 Where The River Goes<br \/>\n2 For Django<br \/>\n3 Panorama<br \/>\n4 Descendants<br \/>\n5 Clearing<br \/>\n6 One Day My Prince Was Gone<br \/>\n7 Blueshead<br \/>\n8 Buenos Aires<\/p>\n","protected":false},"excerpt":{"rendered":"<p>Den \u00f6sterrikiske gitarristen g\u00e5r in i studion med Brad Mehldau, Ambrose Akinmusire och Larry Grenadier, alla tunga namn och den erfarne Eric Harland p\u00e5 trummor. En ensemble med en s\u00e4rskild, distinkt identitet genom deras lyh\u00f6rdhet inf\u00f6r varandra. Albumet, inspelat i Studios La Buissonne i februari 2018 och producerat av Manfred Eicher, inneh\u00e5ller musik av Wolfgang&#8230;<\/p>\n","protected":false},"featured_media":141,"template":"","meta":[],"product_brand":[26],"product_cat":[16],"product_tag":[19,23,195],"class_list":{"0":"post-140","1":"product","2":"type-product","3":"status-publish","4":"has-post-thumbnail","6":"product_brand-ecm","7":"product_cat-album","8":"product_tag-jazz","9":"product_tag-vinyl","10":"product_tag-wolfgang-muthspiel","12":"first","13":"instock","14":"shipping-taxable","15":"purchasable","16":"product-type-simple"},"_links":{"self":[{"href":"https:\/\/thomasaudio.se\/index.php?rest_route=\/wp\/v2\/product\/140","targetHints":{"allow":["GET"]}}],"collection":[{"href":"https:\/\/thomasaudio.se\/index.php?rest_route=\/wp\/v2\/product"}],"about":[{"href":"https:\/\/thomasaudio.se\/index.php?rest_route=\/wp\/v2\/types\/product"}],"wp:featuredmedia":[{"embeddable":true,"href":"https:\/\/thomasaudio.se\/index.php?rest_route=\/wp\/v2\/media\/141"}],"wp:attachment":[{"href":"https:\/\/thomasaudio.se\/index.php?rest_route=%2Fwp%2Fv2%2Fmedia&parent=140"}],"wp:term":[{"taxonomy":"product_brand","embeddable":true,"href":"https:\/\/thomasaudio.se\/index.php?rest_route=%2Fwp%2Fv2%2Fproduct_brand&post=140"},{"taxonomy":"product_cat","embeddable":true,"href":"https:\/\/thomasaudio.se\/index.php?rest_route=%2Fwp%2Fv2%2Fproduct_cat&post=140"},{"taxonomy":"product_tag","embeddable":true,"href":"https:\/\/thomasaudio.se\/index.php?rest_route=%2Fwp%2Fv2%2Fproduct_tag&post=140"}],"curies":[{"name":"wp","href":"https:\/\/api.w.org\/{rel}","templated":true}]}}