{"id":1395,"date":"2026-04-19T08:10:39","date_gmt":"2026-04-19T08:10:39","guid":{"rendered":"https:\/\/thomasaudio.se\/?post_type=product&#038;p=1395"},"modified":"2026-04-19T08:10:40","modified_gmt":"2026-04-19T08:10:40","slug":"lars-danielsson-liberetto-echomyr","status":"publish","type":"product","link":"https:\/\/thomasaudio.se\/?product=lars-danielsson-liberetto-echomyr","title":{"rendered":"Lars Danielsson &#8211; Liberetto: Echomyr"},"content":{"rendered":"<p>Lars Danielsson &#8211; kontrabas, cello, gimbri, piano (10), elgitarr<br \/>\nGregory Privat &#8211; piano<br \/>\nJohn Parricelli &#8211; elgitarr<br \/>\nMagnus \u00d6str\u00f6m &#8211; trummor och percussion<\/p>\n<p>G\u00e4ster i studion:<br \/>\nArve Henriksen &#8211; trumpet<br \/>\nMagnus Lindgren &#8211; fl\u00f6jt<br \/>\nCarolina Grinne &#8211; engelskt horn<\/p>\n<p>Basisten och komposit\u00f6ren <strong>Lars Danielsson<\/strong> \u00e5terv\u00e4nder med det senaste kapitlet i sin hyllade Liberetto-serie, ett projekt som inleddes 2012 och som har f\u00e4ngslat publiken med sin blandning av jazz, klassiska och folkliga influenser. Fr\u00e5n intima solostunder till spontana f\u00f6rstatagningar och lyriskt ensemblespel. Djupt personliga verk som full\u00e4ndas i det lyh\u00f6rda samspelet i inspelningsstudion.<\/p>\n<p>1 Pre<br \/>\n2 Allan<br \/>\n3 Supreme<br \/>\n4 Gl\u00f2r<br \/>\n5 Sensitiva<br \/>\n6 Ascending<br \/>\n7 Himlen \u00d6ver Dig<br \/>\n8 Echomyr<br \/>\n9 Presto<br \/>\n10 Something She Said<\/p>\n","protected":false},"excerpt":{"rendered":"<p>Lars Danielsson &#8211; kontrabas, cello, gimbri, piano (10), elgitarr Gregory Privat &#8211; piano John Parricelli &#8211; elgitarr Magnus \u00d6str\u00f6m &#8211; trummor och percussion G\u00e4ster i studion: Arve Henriksen &#8211; trumpet Magnus Lindgren &#8211; fl\u00f6jt Carolina Grinne &#8211; engelskt horn Basisten och komposit\u00f6ren Lars Danielsson \u00e5terv\u00e4nder med det senaste kapitlet i sin hyllade Liberetto-serie, ett projekt&#8230;<\/p>\n","protected":false},"featured_media":1396,"template":"","meta":[],"product_brand":[17],"product_cat":[16],"product_tag":[18,19,23],"class_list":{"0":"post-1395","1":"product","2":"type-product","3":"status-publish","4":"has-post-thumbnail","6":"product_brand-act","7":"product_cat-album","8":"product_tag-cd","9":"product_tag-jazz","10":"product_tag-vinyl","12":"first","13":"instock","14":"shipping-taxable","15":"purchasable","16":"product-type-variable"},"_links":{"self":[{"href":"https:\/\/thomasaudio.se\/index.php?rest_route=\/wp\/v2\/product\/1395","targetHints":{"allow":["GET"]}}],"collection":[{"href":"https:\/\/thomasaudio.se\/index.php?rest_route=\/wp\/v2\/product"}],"about":[{"href":"https:\/\/thomasaudio.se\/index.php?rest_route=\/wp\/v2\/types\/product"}],"wp:featuredmedia":[{"embeddable":true,"href":"https:\/\/thomasaudio.se\/index.php?rest_route=\/wp\/v2\/media\/1396"}],"wp:attachment":[{"href":"https:\/\/thomasaudio.se\/index.php?rest_route=%2Fwp%2Fv2%2Fmedia&parent=1395"}],"wp:term":[{"taxonomy":"product_brand","embeddable":true,"href":"https:\/\/thomasaudio.se\/index.php?rest_route=%2Fwp%2Fv2%2Fproduct_brand&post=1395"},{"taxonomy":"product_cat","embeddable":true,"href":"https:\/\/thomasaudio.se\/index.php?rest_route=%2Fwp%2Fv2%2Fproduct_cat&post=1395"},{"taxonomy":"product_tag","embeddable":true,"href":"https:\/\/thomasaudio.se\/index.php?rest_route=%2Fwp%2Fv2%2Fproduct_tag&post=1395"}],"curies":[{"name":"wp","href":"https:\/\/api.w.org\/{rel}","templated":true}]}}