{"id":1392,"date":"2026-04-19T07:58:50","date_gmt":"2026-04-19T07:58:50","guid":{"rendered":"https:\/\/thomasaudio.se\/?post_type=product&#038;p=1392"},"modified":"2026-04-25T12:01:35","modified_gmt":"2026-04-25T12:01:35","slug":"allmanna-sangen-extending-the-range","status":"publish","type":"product","link":"https:\/\/thomasaudio.se\/?product=allmanna-sangen-extending-the-range","title":{"rendered":"Allm\u00e4nna S\u00e5ngen &#038; Extending the Range"},"content":{"rendered":"<p>Str\u00e5kar &#8211; Malva Quartet<br \/>\nDirigent &#8211; Maria Goundorina<br \/>\nStyrkan \u00e4r den h\u00f6ga ljudkvaliteten. En stor k\u00f6r och str\u00e5kar i en kyrkas fina akustik. Musikreportoaren best\u00e5r av verk enbart av kvinnliga tons\u00e4ttare &#8211; inte l\u00e4ttlyssnad, snarare utmanande. Men om man nu inte \u00e4r ute efter vacker, f\u00f6ljsam musik och g\u00e4rna vill utmanas s\u00e5 \u00e4r detta album en fulltr\u00e4ff.<\/p>\n<p>Extending the Range \u00e4r nominerat till en Grammy.<\/p>\n<p>1 Jakt p\u00e5 f\u00e5gel &#8211; Britta Bystr\u00f6m<br \/>\n2 Limu limu lima &#8211; Anna-Karin Klockar<br \/>\n3 You Breathe &#8211; Julia Wolfe<br \/>\n4 Ljusf\u00e4lten &#8211; Karin Rehnqvist<br \/>\n5 Strum &#8211; Jessie Montgomery<br \/>\n6 En s\u00e5dan kv\u00e4ll &#8211; Erika Hammarberg<br \/>\n7 Till fots fick jag g\u00e5 genom solsystemen &#8211; Andrea Tarrodi<br \/>\nAlaska Spring<br \/>\n8 I. April &#8211; Libby Larsen<br \/>\n9 II. Extending the Range &#8211; Libby Larsen<br \/>\n10 III. Fiddlehead- Libby Larsen<br \/>\n11 IV. Juncos &#8211; Libby Larsen<br \/>\n12 V. Walking the Marsh &#8211; Libby Larsen<\/p>\n","protected":false},"excerpt":{"rendered":"<p>Nutida musik av<br \/>\nkvinnliga tons\u00e4ttare.<\/p>\n","protected":false},"featured_media":1393,"template":"","meta":[],"product_brand":[238],"product_cat":[16],"product_tag":[18,36,37],"class_list":{"0":"post-1392","1":"product","2":"type-product","3":"status-publish","4":"has-post-thumbnail","6":"product_brand-swedish-society","7":"product_cat-album","8":"product_tag-cd","9":"product_tag-klassiskt","10":"product_tag-kor","12":"first","13":"instock","14":"shipping-taxable","15":"purchasable","16":"product-type-simple"},"_links":{"self":[{"href":"https:\/\/thomasaudio.se\/index.php?rest_route=\/wp\/v2\/product\/1392","targetHints":{"allow":["GET"]}}],"collection":[{"href":"https:\/\/thomasaudio.se\/index.php?rest_route=\/wp\/v2\/product"}],"about":[{"href":"https:\/\/thomasaudio.se\/index.php?rest_route=\/wp\/v2\/types\/product"}],"wp:featuredmedia":[{"embeddable":true,"href":"https:\/\/thomasaudio.se\/index.php?rest_route=\/wp\/v2\/media\/1393"}],"wp:attachment":[{"href":"https:\/\/thomasaudio.se\/index.php?rest_route=%2Fwp%2Fv2%2Fmedia&parent=1392"}],"wp:term":[{"taxonomy":"product_brand","embeddable":true,"href":"https:\/\/thomasaudio.se\/index.php?rest_route=%2Fwp%2Fv2%2Fproduct_brand&post=1392"},{"taxonomy":"product_cat","embeddable":true,"href":"https:\/\/thomasaudio.se\/index.php?rest_route=%2Fwp%2Fv2%2Fproduct_cat&post=1392"},{"taxonomy":"product_tag","embeddable":true,"href":"https:\/\/thomasaudio.se\/index.php?rest_route=%2Fwp%2Fv2%2Fproduct_tag&post=1392"}],"curies":[{"name":"wp","href":"https:\/\/api.w.org\/{rel}","templated":true}]}}