{"id":138,"date":"2026-02-17T06:36:13","date_gmt":"2026-02-17T06:36:13","guid":{"rendered":"https:\/\/thomasaudio.se\/?post_type=product&#038;p=138"},"modified":"2026-03-07T08:59:52","modified_gmt":"2026-03-07T08:59:52","slug":"e-c-t-good-morning-sister-soho","status":"publish","type":"product","link":"https:\/\/thomasaudio.se\/?product=e-c-t-good-morning-sister-soho","title":{"rendered":"e.c.t. &#8211; Good morning sister Soho"},"content":{"rendered":"<p>P\u00e5 albumet &#8221;Good Morning Susie Soho&#8221; blandar Esbj\u00f6rn Svensson Trio snygga, komplexa grooves med jazz-, pop- och funkinfluenser och skapar ett unikt sound som tilltalar alla musik\u00e4lskare.<\/p>\n<p>Esbj\u00f6rn Svensson &#8211; piano<br \/>\nDan Berglund &#8211; kontrabas<br \/>\nMagnus \u00d6str\u00f6m &#8211; trummor<\/p>\n<p>I jazzens v\u00e4rld \u00e4r &#8211; eller var i alla fall d\u00e5, jazz endast en gengre med f\u00f6rv\u00e4ntningar.&#8221;Vetare&#8221; vakade p\u00e5 hur musikerna uttryckte sig och avvikare betraktades med misst\u00e4nksamhet. T\u00e4nket var att inte vara kommersiell &#8211; att spela musik med kommersiell vinning. D\u00e5 f\u00f6rlorar du de h\u00e5rda fansen. <\/p>\n<p>S\u00e5 var det inte med Esbj\u00f6rn Svensson Trio. De har s\u00e5lt tre g\u00e5nger s\u00e5 m\u00e5nga album som jazzmusiker normalt g\u00f6r, men lyckades \u00e4nd\u00e5 h\u00e5lla sig p\u00e5 god fot hos jazzentusiasterna <strong>och<\/strong> kritikerna. Trion gjorde \u00f6ver hundra f\u00f6rest\u00e4llningar varje \u00e5r f\u00f6r en mycket varierad publik. <\/p>\n<p>1 Somewhere Else Before<br \/>\n2 Do The Jangle<br \/>\n3 Serenity<br \/>\n4 The Wraith<br \/>\n5 Last Letter From Lithuania<\/p>\n<p>1 Good Morning Susie Soho<br \/>\n2 Providence<br \/>\n3 Pavane &#8221;Thoughts Of A Septuagenarian&#8221;<br \/>\n4 Spam-Boo-Limbo<br \/>\n5 The Face Of Love<br \/>\n6 Reminiscence Of A Soul<\/p>\n","protected":false},"excerpt":{"rendered":"<p>Dubbelalbum<\/p>\n","protected":false},"featured_media":139,"template":"","meta":[],"product_brand":[17],"product_cat":[16],"product_tag":[224,197,19,23],"class_list":{"0":"post-138","1":"product","2":"type-product","3":"status-publish","4":"has-post-thumbnail","6":"product_brand-act","7":"product_cat-album","8":"product_tag-e-c-t","9":"product_tag-esbjorn-svensson-trio","10":"product_tag-jazz","11":"product_tag-vinyl","13":"first","14":"instock","15":"shipping-taxable","16":"purchasable","17":"product-type-simple"},"_links":{"self":[{"href":"https:\/\/thomasaudio.se\/index.php?rest_route=\/wp\/v2\/product\/138","targetHints":{"allow":["GET"]}}],"collection":[{"href":"https:\/\/thomasaudio.se\/index.php?rest_route=\/wp\/v2\/product"}],"about":[{"href":"https:\/\/thomasaudio.se\/index.php?rest_route=\/wp\/v2\/types\/product"}],"wp:featuredmedia":[{"embeddable":true,"href":"https:\/\/thomasaudio.se\/index.php?rest_route=\/wp\/v2\/media\/139"}],"wp:attachment":[{"href":"https:\/\/thomasaudio.se\/index.php?rest_route=%2Fwp%2Fv2%2Fmedia&parent=138"}],"wp:term":[{"taxonomy":"product_brand","embeddable":true,"href":"https:\/\/thomasaudio.se\/index.php?rest_route=%2Fwp%2Fv2%2Fproduct_brand&post=138"},{"taxonomy":"product_cat","embeddable":true,"href":"https:\/\/thomasaudio.se\/index.php?rest_route=%2Fwp%2Fv2%2Fproduct_cat&post=138"},{"taxonomy":"product_tag","embeddable":true,"href":"https:\/\/thomasaudio.se\/index.php?rest_route=%2Fwp%2Fv2%2Fproduct_tag&post=138"}],"curies":[{"name":"wp","href":"https:\/\/api.w.org\/{rel}","templated":true}]}}