{"id":1379,"date":"2026-04-18T08:06:46","date_gmt":"2026-04-18T08:06:46","guid":{"rendered":"https:\/\/thomasaudio.se\/?post_type=product&#038;p=1379"},"modified":"2026-04-18T08:09:31","modified_gmt":"2026-04-18T08:09:31","slug":"the-australian-ballet-chatchaturian-spartacus","status":"publish","type":"product","link":"https:\/\/thomasaudio.se\/butik\/album\/the-australian-ballet-chatchaturian-spartacus\/","title":{"rendered":"The Australian Ballet &#8211; Chatchaturian: Spartacus"},"content":{"rendered":"<p>Steven Heathcote (Spartacus)<br \/>\nLisa Pavane (Flavia)<br \/>\nGreg Horseman (Crassus)<br \/>\nAdam Marchant (Gad)<br \/>\nRobert Marshall (Oenomaus)<br \/>\nStephen Morgante (Crixus)<\/p>\n<p>Spartacus \u00e4r en slav som f\u00f6rdes till Rom f\u00f6r att strida som gladiator. Han manar alla slavar till uppror mot sina f\u00f6rtryckare.<br \/>\nKoreografin \u00e4r byggd av L\u00e1szl\u00f3 Seregi som visar en kraftfull och gripande produktion. En spektakul\u00e4r f\u00f6rest\u00e4llning\u00a0 av The Australian Ballet. En episk ber\u00e4ttelse om k\u00e4rlek, hj\u00e4ltemod och d\u00f6d. Musiken av komposit\u00f6ren Chachaturians h\u00f6r till de mest omtyckta.<\/p>\n<div class=\"mb-2\">Stereo PCM<\/div>\n<div class=\"mb-2\">4:3<\/div>\n","protected":false},"excerpt":{"rendered":"<p>DVD<\/p>\n","protected":false},"featured_media":1380,"template":"","meta":[],"product_brand":[298],"product_cat":[16],"product_tag":[299,292,36],"class_list":{"0":"post-1379","1":"product","2":"type-product","3":"status-publish","4":"has-post-thumbnail","6":"product_brand-opus-arte","7":"product_cat-album","8":"product_tag-balett","9":"product_tag-dvd","10":"product_tag-klassiskt","12":"first","13":"instock","14":"shipping-taxable","15":"purchasable","16":"product-type-simple"},"_links":{"self":[{"href":"https:\/\/thomasaudio.se\/wp-json\/wp\/v2\/product\/1379","targetHints":{"allow":["GET"]}}],"collection":[{"href":"https:\/\/thomasaudio.se\/wp-json\/wp\/v2\/product"}],"about":[{"href":"https:\/\/thomasaudio.se\/wp-json\/wp\/v2\/types\/product"}],"wp:featuredmedia":[{"embeddable":true,"href":"https:\/\/thomasaudio.se\/wp-json\/wp\/v2\/media\/1380"}],"wp:attachment":[{"href":"https:\/\/thomasaudio.se\/wp-json\/wp\/v2\/media?parent=1379"}],"wp:term":[{"taxonomy":"product_brand","embeddable":true,"href":"https:\/\/thomasaudio.se\/wp-json\/wp\/v2\/product_brand?post=1379"},{"taxonomy":"product_cat","embeddable":true,"href":"https:\/\/thomasaudio.se\/wp-json\/wp\/v2\/product_cat?post=1379"},{"taxonomy":"product_tag","embeddable":true,"href":"https:\/\/thomasaudio.se\/wp-json\/wp\/v2\/product_tag?post=1379"}],"curies":[{"name":"wp","href":"https:\/\/api.w.org\/{rel}","templated":true}]}}