{"id":1375,"date":"2026-04-18T07:51:02","date_gmt":"2026-04-18T07:51:02","guid":{"rendered":"https:\/\/thomasaudio.se\/?post_type=product&#038;p=1375"},"modified":"2026-04-18T08:08:09","modified_gmt":"2026-04-18T08:08:09","slug":"paris-national-opera-ballet-jewels","status":"publish","type":"product","link":"https:\/\/thomasaudio.se\/?product=paris-national-opera-ballet-jewels","title":{"rendered":"Paris National Opera \/ Ballet &#8211; Jewels"},"content":{"rendered":"<p>&#8221;&#8230;A gem of dazzling brilliance!&#8221;<br \/>\n\/ The Independent Magazine<\/p>\n<p>Aur\u00e9lie Dupont; Marie-Agn\u00e8s Gillot; Agn\u00e8s Letestu; Clairemarie Osta; Laetitia Pujol; Jean-Guillaume Bart; Mathieu Ganio<\/p>\n<p>George Balanchine och Parisoperan hade alltid en s\u00e4rskild relation efter att Jacques Rouch\u00e9, d\u00e5varande administrat\u00f6r, erbj\u00f6d den unge koreografen sin plats som balettm\u00e4stare.<br \/>\nBalanchine tackade d\u00e5 nej till det jobbet men skapade flera baletter f\u00f6r Parisoperans balettkompani och fans regelbundet p\u00e5 Palais Garnier f\u00f6r att medverka i uppbyggnaden av hans verk. Efter hans d\u00f6d anl\u00e4nde en s\u00e4llsynt och v\u00e4rdefull balett till Parisoperan: &#8217;Jewels&#8217;.<br \/>\nEn balett som framf\u00f6rdes av New York City Ballet. Denna lockande, abstrakta balettform d\u00e4r varje stycke glittrar med briljans.<\/p>\n<p>Couturier, scenm\u00e5lare och multihantverkare Christian Lacroix skapade de praktfulla kostymer och scenografier som tillsammans med dansarnas enast\u00e5ende prestationer och Paul Connellys k\u00e4nsliga musikaliska ledning, resulterar i ett praktfull, glittrande uppf\u00f6rande.<\/p>\n<p>DVD<br \/>\nDTS 5.1, PCM Stereo<\/p>\n<p>BLU-RAY<br \/>\nGenre: Ballet<br \/>\n2.0, 5.0 PCM<\/p>\n<p>Subtitles: EN, FR, DE, ES, IT<\/p>\n","protected":false},"excerpt":{"rendered":"<p>Opus Arte: en av de st\u00f6rsta producenterna av opera och balett med livef\u00f6rest\u00e4llningar av h\u00f6g bild- och ljudkvalitet.<br \/>\n<a href=\"https:\/\/youtu.be\/V7Bjn3vpdOE?si=HFPcbMXXsC8dN3na\" target=\"_blank\" rel=\"noopener\">Hint<\/a><\/p>\n","protected":false},"featured_media":1377,"template":"","meta":[],"product_brand":[298],"product_cat":[56],"product_tag":[299,300,292,36],"class_list":{"0":"post-1375","1":"product","2":"type-product","3":"status-publish","4":"has-post-thumbnail","6":"product_brand-opus-arte","7":"product_cat-hifi","8":"product_tag-balett","9":"product_tag-bluray-video","10":"product_tag-dvd","11":"product_tag-klassiskt","13":"first","14":"instock","15":"shipping-taxable","16":"purchasable","17":"product-type-simple"},"_links":{"self":[{"href":"https:\/\/thomasaudio.se\/index.php?rest_route=\/wp\/v2\/product\/1375","targetHints":{"allow":["GET"]}}],"collection":[{"href":"https:\/\/thomasaudio.se\/index.php?rest_route=\/wp\/v2\/product"}],"about":[{"href":"https:\/\/thomasaudio.se\/index.php?rest_route=\/wp\/v2\/types\/product"}],"wp:featuredmedia":[{"embeddable":true,"href":"https:\/\/thomasaudio.se\/index.php?rest_route=\/wp\/v2\/media\/1377"}],"wp:attachment":[{"href":"https:\/\/thomasaudio.se\/index.php?rest_route=%2Fwp%2Fv2%2Fmedia&parent=1375"}],"wp:term":[{"taxonomy":"product_brand","embeddable":true,"href":"https:\/\/thomasaudio.se\/index.php?rest_route=%2Fwp%2Fv2%2Fproduct_brand&post=1375"},{"taxonomy":"product_cat","embeddable":true,"href":"https:\/\/thomasaudio.se\/index.php?rest_route=%2Fwp%2Fv2%2Fproduct_cat&post=1375"},{"taxonomy":"product_tag","embeddable":true,"href":"https:\/\/thomasaudio.se\/index.php?rest_route=%2Fwp%2Fv2%2Fproduct_tag&post=1375"}],"curies":[{"name":"wp","href":"https:\/\/api.w.org\/{rel}","templated":true}]}}