{"id":1372,"date":"2026-04-17T07:06:26","date_gmt":"2026-04-17T07:06:26","guid":{"rendered":"https:\/\/thomasaudio.se\/?post_type=product&#038;p=1372"},"modified":"2026-04-18T15:02:27","modified_gmt":"2026-04-18T15:02:27","slug":"barbara-hannigan-concert-documentary","status":"publish","type":"product","link":"https:\/\/thomasaudio.se\/?product=barbara-hannigan-concert-documentary","title":{"rendered":"Barbara Hannigan &#8211; Concert &#038; Documentary"},"content":{"rendered":"<p>Konsert och dokument\u00e4r med musik av Rossini, Mozart, Faur\u00e9 och Ligeti.<br \/>\nMahler Chamber Orchestra\/Barbara Hannigan, sopran och dirigent.<\/p>\n<p>Barbara Hannigan, f\u00f6dd i Nova Scotia men bosatt i Amsterdam, har f\u00f6rv\u00e5nat publiken \u00f6verallt med sina tour de force-framtr\u00e4danden av Gy\u00f6rgy Ligetis &#8217;Mysteries of the Macabre&#8217; d\u00e4r hon, kl\u00e4dd som huvudkarakt\u00e4r i en blank svart minikjol och stilettst\u00f6vlar, samtidigt sjunger och dirigerar detta dj\u00e4vulskt sv\u00e5ra partitur. Klassisk musik har aldrig sett n\u00e5got liknande och denna nya DVD f\u00e5ngar detta fenomen briljant.<\/p>\n<p>Ms. Hannigan \u00e4r p\u00e5 alla s\u00e4tt en extraordin\u00e4r musikbeg\u00e5vning. Som sopran specialiserar hon sig p\u00e5 samtida verk och har kommit att f\u00f6rknippas med omfattande s\u00e5dana av Berg, Ligeti, Dutilleux, Lindberg, Unsuk Chin och George Benjamin men hon har ocks\u00e5 f\u00e5tt str\u00e5lande recensioner f\u00f6r sina framtr\u00e4danden som Donna Anna i Mozarts &#8217;Don Giovanni&#8217;. I Kanada har hon uruppf\u00f6rt flera &#8217;s\u00e5poperor&#8217; av Toronto-bon Alexina Louie och hon har tagit kanadensisk musik till Europas stora operascener, exempelvis som solist i Claude Viviers &#8217;Lonely Child &#8217;med Simon Rattle och Wienerfilharmonikerna.<\/p>\n<p>P\u00e5 denna DVD tar hon denna dubbla roll med det utm\u00e4rkta Mahler Chamber Orchestra i en konsert inspelad live vid Luzernfestivalen 2014. Vid ett tillf\u00e4lle under evenemanget hoppar en bekant gestalt upp p\u00e5 scenen och ropar &#8221;Vad i helvete p\u00e5g\u00e5r h\u00e4r?&#8221; Simon Rattle, dessutom.<\/p>\n<p>Obs! Man kan f\u00e5 uppleva henne sjunga Ligetis &#8217;Mysteries of the Macabre&#8217; i ett utdrag ur operan &#8217;Le Grand Macabre&#8217; med Simon Rattle och Berlinfilharmonikerna p\u00e5 YouTube; \u00e4ven om detta \u00e4r en fantastisk prestation fungerar stycket f\u00f6rv\u00e5nansv\u00e4rt v\u00e4l med Hannigan som b\u00e5de solist och dirigent.<\/p>\n<p>Total tid:<br \/>\n71:38 Konsert<br \/>\n51:17 Dokument\u00e4r<\/p>\n<p>DTS<br \/>\nPCM Stereo<br \/>\nDolby Dig 5.1, 2.0<\/p>\n<p><iframe loading=\"lazy\" title=\"LIGETI Mysteries of the Macabre Hannigan GSO\" src=\"https:\/\/www.youtube.com\/embed\/ireZYjEkpac\" width=\"881\" height=\"495\" frameborder=\"0\" allowfullscreen=\"allowfullscreen\"><\/iframe><\/p>\n","protected":false},"excerpt":{"rendered":"<p>DVD<br \/>\nLusierne Festival<\/p>\n","protected":false},"featured_media":1373,"template":"","meta":[],"product_brand":[296],"product_cat":[16],"product_tag":[303,292,36,297],"class_list":{"0":"post-1372","1":"product","2":"type-product","3":"status-publish","4":"has-post-thumbnail","6":"product_brand-accentus-music","7":"product_cat-album","8":"product_tag-dokumentar","9":"product_tag-dvd","10":"product_tag-klassiskt","11":"product_tag-opera","13":"first","14":"instock","15":"shipping-taxable","16":"purchasable","17":"product-type-simple"},"_links":{"self":[{"href":"https:\/\/thomasaudio.se\/index.php?rest_route=\/wp\/v2\/product\/1372","targetHints":{"allow":["GET"]}}],"collection":[{"href":"https:\/\/thomasaudio.se\/index.php?rest_route=\/wp\/v2\/product"}],"about":[{"href":"https:\/\/thomasaudio.se\/index.php?rest_route=\/wp\/v2\/types\/product"}],"wp:featuredmedia":[{"embeddable":true,"href":"https:\/\/thomasaudio.se\/index.php?rest_route=\/wp\/v2\/media\/1373"}],"wp:attachment":[{"href":"https:\/\/thomasaudio.se\/index.php?rest_route=%2Fwp%2Fv2%2Fmedia&parent=1372"}],"wp:term":[{"taxonomy":"product_brand","embeddable":true,"href":"https:\/\/thomasaudio.se\/index.php?rest_route=%2Fwp%2Fv2%2Fproduct_brand&post=1372"},{"taxonomy":"product_cat","embeddable":true,"href":"https:\/\/thomasaudio.se\/index.php?rest_route=%2Fwp%2Fv2%2Fproduct_cat&post=1372"},{"taxonomy":"product_tag","embeddable":true,"href":"https:\/\/thomasaudio.se\/index.php?rest_route=%2Fwp%2Fv2%2Fproduct_tag&post=1372"}],"curies":[{"name":"wp","href":"https:\/\/api.w.org\/{rel}","templated":true}]}}