{"id":1370,"date":"2026-04-17T06:31:10","date_gmt":"2026-04-17T06:31:10","guid":{"rendered":"https:\/\/thomasaudio.se\/?post_type=product&#038;p=1370"},"modified":"2026-04-18T08:22:14","modified_gmt":"2026-04-18T08:22:14","slug":"clannad-christ-church-cathedral-concert","status":"publish","type":"product","link":"https:\/\/thomasaudio.se\/?product=clannad-christ-church-cathedral-concert","title":{"rendered":"Clannad &#8211; Christ Church Cathedral Concert"},"content":{"rendered":"<p>Moya Brennan: &#8221;N\u00e4r vi blev ombedda att upptr\u00e4da i Christ Church Cathedral ville vi s\u00e4tta ihop en verkligt unik f\u00f6rest\u00e4llning som skulle kunna komplettera den spektakul\u00e4ra omgivningenoch akustiken. Det var f\u00f6rsta g\u00e5ngen p\u00e5 m\u00e5nga \u00e5r som vi spelade i en s\u00e5 intim milj\u00f6 och n\u00e4r vi valde programmet gick vi tillbaka till tidigaste dagar i v\u00e5ra fyrtio \u00e5r som band, vi b\u00f6rjade till och med spelningen med den f\u00f6rsta l\u00e5ten Clannad gjorde tillsammans.&#8221;<\/p>\n<p>&#8221;Showen \u00e4r n\u00e4stan som en historia om bandet,&#8221; till\u00e4gger Ciaran, &#8221; med start bara vi fem p\u00e5 scenen, som det var i b\u00f6rjan, och gradvis med n\u00e5gra underbara musiker och mycket speciella g\u00e4ster. Katedralens arkitektur visade sig bli den perfekta milj\u00f6n och allt k\u00e4ndes v\u00e4ldigt speciellt.&#8221;<\/p>\n<p>Efter den h\u00e4r kv\u00e4llen gav gruppen sig ut p\u00e5 en europaturn\u00e9 f\u00f6r att fira sitt 40-\u00e5rsjubileum.<\/p>\n<p>Det \u00e4r verkligen fascinerande att t\u00e4nka p\u00e5 att det som idag anses vara keltisk musik f\u00f6rst kallades &#8221;Clannad-musik&#8221;. Det finns kanske inget st\u00f6rre bevis p\u00e5 denna banbrytande grupps p\u00e5verkan.<\/p>\n","protected":false},"excerpt":{"rendered":"<p>DVD<\/p>\n","protected":false},"featured_media":1371,"template":"","meta":[],"product_brand":[294],"product_cat":[16],"product_tag":[292,295],"class_list":{"0":"post-1370","1":"product","2":"type-product","3":"status-publish","4":"has-post-thumbnail","6":"product_brand-arc-music","7":"product_cat-album","8":"product_tag-dvd","9":"product_tag-keltisk-musik","11":"first","12":"instock","13":"shipping-taxable","14":"purchasable","15":"product-type-simple"},"_links":{"self":[{"href":"https:\/\/thomasaudio.se\/index.php?rest_route=\/wp\/v2\/product\/1370","targetHints":{"allow":["GET"]}}],"collection":[{"href":"https:\/\/thomasaudio.se\/index.php?rest_route=\/wp\/v2\/product"}],"about":[{"href":"https:\/\/thomasaudio.se\/index.php?rest_route=\/wp\/v2\/types\/product"}],"wp:featuredmedia":[{"embeddable":true,"href":"https:\/\/thomasaudio.se\/index.php?rest_route=\/wp\/v2\/media\/1371"}],"wp:attachment":[{"href":"https:\/\/thomasaudio.se\/index.php?rest_route=%2Fwp%2Fv2%2Fmedia&parent=1370"}],"wp:term":[{"taxonomy":"product_brand","embeddable":true,"href":"https:\/\/thomasaudio.se\/index.php?rest_route=%2Fwp%2Fv2%2Fproduct_brand&post=1370"},{"taxonomy":"product_cat","embeddable":true,"href":"https:\/\/thomasaudio.se\/index.php?rest_route=%2Fwp%2Fv2%2Fproduct_cat&post=1370"},{"taxonomy":"product_tag","embeddable":true,"href":"https:\/\/thomasaudio.se\/index.php?rest_route=%2Fwp%2Fv2%2Fproduct_tag&post=1370"}],"curies":[{"name":"wp","href":"https:\/\/api.w.org\/{rel}","templated":true}]}}