{"id":1368,"date":"2026-04-17T06:19:13","date_gmt":"2026-04-17T06:19:13","guid":{"rendered":"https:\/\/thomasaudio.se\/?post_type=product&#038;p=1368"},"modified":"2026-04-25T08:38:03","modified_gmt":"2026-04-25T08:38:03","slug":"astor-piazzolla-in-portrait","status":"publish","type":"product","link":"https:\/\/thomasaudio.se\/?product=astor-piazzolla-in-portrait","title":{"rendered":"Astor Piazzolla in Portrait"},"content":{"rendered":"<div class=\"right-title\" data-v-1f9171d9=\"\"><\/div>\n<div id=\"right-desc\" class=\"desc-overhide\" data-v-1f9171d9=\"\">Ett intressant reportage fr\u00e5n BBC om tangokungen Astor Piazzolla.<br \/>\nMusikaliska inslag med Piazzolla och hans olika gruppkonstellationer finns\u00a0 med i reportaget, dels framf\u00f6r andra artister hans musik; Daniel Barenboim, Yo-Yo Ma, Gary Burton och Kronoskvartetten Piazzollas musik. En v\u00e4lgjord presentation av den ikoniske tons\u00e4ttaren, som \u00e4r k\u00e4nd f\u00f6r sin musik som str\u00e4cker sig \u00f6ver ett flertal genrer.<\/div>\n","protected":false},"excerpt":{"rendered":"<p>DVD<\/p>\n","protected":false},"featured_media":1369,"template":"","meta":[],"product_brand":[298],"product_cat":[16],"product_tag":[292,293],"class_list":{"0":"post-1368","1":"product","2":"type-product","3":"status-publish","4":"has-post-thumbnail","6":"product_brand-opus-arte","7":"product_cat-album","8":"product_tag-dvd","9":"product_tag-reportage","11":"first","12":"instock","13":"shipping-taxable","14":"purchasable","15":"product-type-simple"},"_links":{"self":[{"href":"https:\/\/thomasaudio.se\/index.php?rest_route=\/wp\/v2\/product\/1368","targetHints":{"allow":["GET"]}}],"collection":[{"href":"https:\/\/thomasaudio.se\/index.php?rest_route=\/wp\/v2\/product"}],"about":[{"href":"https:\/\/thomasaudio.se\/index.php?rest_route=\/wp\/v2\/types\/product"}],"wp:featuredmedia":[{"embeddable":true,"href":"https:\/\/thomasaudio.se\/index.php?rest_route=\/wp\/v2\/media\/1369"}],"wp:attachment":[{"href":"https:\/\/thomasaudio.se\/index.php?rest_route=%2Fwp%2Fv2%2Fmedia&parent=1368"}],"wp:term":[{"taxonomy":"product_brand","embeddable":true,"href":"https:\/\/thomasaudio.se\/index.php?rest_route=%2Fwp%2Fv2%2Fproduct_brand&post=1368"},{"taxonomy":"product_cat","embeddable":true,"href":"https:\/\/thomasaudio.se\/index.php?rest_route=%2Fwp%2Fv2%2Fproduct_cat&post=1368"},{"taxonomy":"product_tag","embeddable":true,"href":"https:\/\/thomasaudio.se\/index.php?rest_route=%2Fwp%2Fv2%2Fproduct_tag&post=1368"}],"curies":[{"name":"wp","href":"https:\/\/api.w.org\/{rel}","templated":true}]}}