{"id":134,"date":"2026-02-16T21:05:54","date_gmt":"2026-02-16T21:05:54","guid":{"rendered":"https:\/\/thomasaudio.se\/?post_type=product&#038;p=134"},"modified":"2026-03-07T09:00:17","modified_gmt":"2026-03-07T09:00:17","slug":"magnus-ostrom-dan-berglund-e-s-t-30","status":"publish","type":"product","link":"https:\/\/thomasaudio.se\/?product=magnus-ostrom-dan-berglund-e-s-t-30","title":{"rendered":"Magnus \u00d6str\u00f6m &#038; Dan Berglund &#8211; e.s.t. 30"},"content":{"rendered":"<p>K\u00e4rleken best\u00e5r&#8230; 1993 bildade tre unga musiker fr\u00e5n Sverige, Esbj\u00f6rn Svensson, Dan Berglund och Magnus \u00d6str\u00f6m, bandet e.s.t. Svensson och \u00d6str\u00f6m hade k\u00e4nt varandra \u00e4nda sedan deras f\u00f6rsta steg in i musiken som barn. Ingen av dem kunde ha f\u00f6rutsett att e.s.t. skulle bli v\u00e4rldens mest inflytelserika band inom europeisk jazz. Och n\u00e4r bandet bildades trodde de nog inte heller att de var s\u00e4rskilt &#8217;jazz&#8217;; allt de ville var att spela musiken som f\u00f6renade deras passioner: rock, pop, klassiskt, folkmusik, improvisation.<br \/>\nUnder de f\u00f6ljande 15 \u00e5ren spelade e.s.t. tusentals konserter v\u00e4rlden \u00f6ver, sl\u00e4ppte tio studioalbum och flera liveinspelningar, vann priser och guldskivor. Vi vet alla hur ber\u00e4ttelsen slutar.<\/p>\n<p>Magnus \u00d6str\u00f6m &#038; Dan Berglund har med sig<br \/>\nJoel Lyssarides &#8211; piano<br \/>\nMagnus Lindgren &#8211; Saxofon<br \/>\nVerneri Pohjola &#8211; trumpet<br \/>\nUlf Wakenius &#8211; gitarr<\/p>\n<p>1 From Gagarin\u2019s Point of View<br \/>\n2 Seven Days of Falling<br \/>\n3 Eighthundred Streets by Feet<br \/>\n4 Tuesday Wonderland<br \/>\n5 Elevation of Love<br \/>\n6 Believe, Beleft, Below<\/p>\n","protected":false},"excerpt":{"rendered":"<p>K\u00e4rleken best\u00e5r&#8230; 1993 bildade tre unga musiker fr\u00e5n Sverige, Esbj\u00f6rn Svensson, Dan Berglund och Magnus \u00d6str\u00f6m, bandet e.s.t. Svensson och \u00d6str\u00f6m hade k\u00e4nt varandra \u00e4nda sedan deras f\u00f6rsta steg in i musiken som barn. Ingen av dem kunde ha f\u00f6rutsett att e.s.t. skulle bli v\u00e4rldens mest inflytelserika band inom europeisk jazz. Och n\u00e4r bandet bildades&#8230;<\/p>\n","protected":false},"featured_media":135,"template":"","meta":[],"product_brand":[17],"product_cat":[16],"product_tag":[18,225,19,198,23],"class_list":{"0":"post-134","1":"product","2":"type-product","3":"status-publish","4":"has-post-thumbnail","6":"product_brand-act","7":"product_cat-album","8":"product_tag-cd","9":"product_tag-dan-berglund","10":"product_tag-jazz","11":"product_tag-magnus-ostrom","12":"product_tag-vinyl","14":"first","15":"instock","16":"shipping-taxable","17":"purchasable","18":"product-type-variable"},"_links":{"self":[{"href":"https:\/\/thomasaudio.se\/index.php?rest_route=\/wp\/v2\/product\/134","targetHints":{"allow":["GET"]}}],"collection":[{"href":"https:\/\/thomasaudio.se\/index.php?rest_route=\/wp\/v2\/product"}],"about":[{"href":"https:\/\/thomasaudio.se\/index.php?rest_route=\/wp\/v2\/types\/product"}],"wp:featuredmedia":[{"embeddable":true,"href":"https:\/\/thomasaudio.se\/index.php?rest_route=\/wp\/v2\/media\/135"}],"wp:attachment":[{"href":"https:\/\/thomasaudio.se\/index.php?rest_route=%2Fwp%2Fv2%2Fmedia&parent=134"}],"wp:term":[{"taxonomy":"product_brand","embeddable":true,"href":"https:\/\/thomasaudio.se\/index.php?rest_route=%2Fwp%2Fv2%2Fproduct_brand&post=134"},{"taxonomy":"product_cat","embeddable":true,"href":"https:\/\/thomasaudio.se\/index.php?rest_route=%2Fwp%2Fv2%2Fproduct_cat&post=134"},{"taxonomy":"product_tag","embeddable":true,"href":"https:\/\/thomasaudio.se\/index.php?rest_route=%2Fwp%2Fv2%2Fproduct_tag&post=134"}],"curies":[{"name":"wp","href":"https:\/\/api.w.org\/{rel}","templated":true}]}}