{"id":1334,"date":"2026-04-15T19:05:39","date_gmt":"2026-04-15T19:05:39","guid":{"rendered":"https:\/\/thomasaudio.se\/?post_type=product&#038;p=1334"},"modified":"2026-04-25T12:03:12","modified_gmt":"2026-04-25T12:03:12","slug":"ncf-clear-line-stromrenare","status":"publish","type":"product","link":"https:\/\/thomasaudio.se\/?product=ncf-clear-line-stromrenare","title":{"rendered":"NCF Clear Line str\u00f6mrenare"},"content":{"rendered":"<p>Furutechs Nano Crystal\u00b2 Formula, (NCF) har under de senaste \u00e5ren gett upphov till ett flertal innovativa produkter. NCF har tv\u00e5 huvudegenskaper, det alstrar negativa joner samtidigt som det \u00f6verf\u00f6r v\u00e4rmeenergi till l\u00e5ngt infrar\u00f6tt ljus. Tillsammans medkeramiska partiklar i nanostorlek och kolpulver blir NCF-kristallerna det optimala d\u00e4mpmaterialet b\u00e5de mekaniskt och elektriskt.<br \/>\nNCF \u00e4r utvecklat av Furutech och finns endast i produkter fr\u00e5n Furutech.<\/p>\n","protected":false},"excerpt":{"rendered":"<p>Furutechs Nano Crystal\u00b2 Formula (NCF)<br \/>\n<a href=\"https:\/\/svalander.se\/?ma=get_product_file&amp;id=276839\" target=\"_blank\" rel=\"noopener\">Manual p\u00e5 engelska<\/a><\/p>\n","protected":false},"featured_media":1335,"template":"","meta":[],"product_brand":[285],"product_cat":[56],"product_tag":[60,67],"class_list":{"0":"post-1334","1":"product","2":"type-product","3":"status-publish","4":"has-post-thumbnail","6":"product_brand-furutech","7":"product_cat-hifi","8":"product_tag-kringutrustning","9":"product_tag-ljudforbattring","11":"first","12":"instock","13":"shipping-taxable","14":"purchasable","15":"product-type-simple"},"_links":{"self":[{"href":"https:\/\/thomasaudio.se\/index.php?rest_route=\/wp\/v2\/product\/1334","targetHints":{"allow":["GET"]}}],"collection":[{"href":"https:\/\/thomasaudio.se\/index.php?rest_route=\/wp\/v2\/product"}],"about":[{"href":"https:\/\/thomasaudio.se\/index.php?rest_route=\/wp\/v2\/types\/product"}],"wp:featuredmedia":[{"embeddable":true,"href":"https:\/\/thomasaudio.se\/index.php?rest_route=\/wp\/v2\/media\/1335"}],"wp:attachment":[{"href":"https:\/\/thomasaudio.se\/index.php?rest_route=%2Fwp%2Fv2%2Fmedia&parent=1334"}],"wp:term":[{"taxonomy":"product_brand","embeddable":true,"href":"https:\/\/thomasaudio.se\/index.php?rest_route=%2Fwp%2Fv2%2Fproduct_brand&post=1334"},{"taxonomy":"product_cat","embeddable":true,"href":"https:\/\/thomasaudio.se\/index.php?rest_route=%2Fwp%2Fv2%2Fproduct_cat&post=1334"},{"taxonomy":"product_tag","embeddable":true,"href":"https:\/\/thomasaudio.se\/index.php?rest_route=%2Fwp%2Fv2%2Fproduct_tag&post=1334"}],"curies":[{"name":"wp","href":"https:\/\/api.w.org\/{rel}","templated":true}]}}