{"id":1311,"date":"2026-04-12T08:31:16","date_gmt":"2026-04-12T08:31:16","guid":{"rendered":"https:\/\/thomasaudio.se\/?post_type=product&#038;p=1311"},"modified":"2026-04-25T12:03:47","modified_gmt":"2026-04-25T12:03:47","slug":"fezz-luna-mini-evolution-integrerad-forstarkare","status":"publish","type":"product","link":"https:\/\/thomasaudio.se\/?product=fezz-luna-mini-evolution-integrerad-forstarkare","title":{"rendered":"Fezz Luna Mini Evolution integrerad f\u00f6rst\u00e4rkare"},"content":{"rendered":"<p>Luna Mini \u00e4r en f\u00f6rfinad, integrerad klass-A r\u00f6rf\u00f6rst\u00e4rkare, skapad f\u00f6r dem som s\u00f6ker en ren, engagerande ljudupplevelse.<\/p>\n<p>Drivs av tv\u00e5 EL34-utg\u00e5ngsr\u00f6r och 12AX7-drivr\u00f6r, levererar den 10 watt per kanal med anm\u00e4rkningsv\u00e4rd musikalitet. Luna Mini s\u00e4kerst\u00e4ller en naturligt \u00f6ppen och detaljrik ljudbild med ett rikt och engagerande mellanregister som ger liv \u00e5t s\u00e5ng och akustiska instrument.<\/p>\n<p>Kompakt till storleken men med en kompromissl\u00f6s i prestanda f\u00f6rkroppsligar Luna Mini essensen av r\u00f6rdrift. Dessutom \u00e4r f\u00f6rst\u00e4rkaren utrustad med en plats f\u00f6r extrautrustning, vilket g\u00f6r att du enkelt kan ut\u00f6ka dess funktionalitet med moduler som DAC, Phono eller Bluetooth.<\/p>\n<p>2x 10 Watt, Class-A, 2 40 Watt Class-A\/B<br \/>\n4 Ohm \/ 8 Ohm<br \/>\nTHD: &lt;2,5 %<br \/>\nFrekvensomf\u00e5ng inkl l\u00e5gbas ner i 16 Hz resterande frekvensomf\u00e5ng str\u00e4cker sig utanf\u00f6r det h\u00f6rbara.<br \/>\nDimensions:<br \/>\n285 x 417 (with spk terminals &amp; knobs) x 220 mm (with tube cage)<br \/>\nAutomatisk Bias<br \/>\n15 kg<br \/>\nExtra tillbeh\u00f6r:<a href=\"https:\/\/thomasaudio.se\/wp-admin\/post.php?post=1291&amp;action=edit\" target=\"_blank\" rel=\"noopener\"> XLR, DAC, Bluetooth, Phono-amp MM<\/a><\/p>\n","protected":false},"excerpt":{"rendered":"<p>Luna Mini \u00e4r en f\u00f6rfinad, integrerad klass-A r\u00f6rf\u00f6rst\u00e4rkare, skapad f\u00f6r dem som s\u00f6ker en ren, engagerande ljudupplevelse. Drivs av tv\u00e5 EL34-utg\u00e5ngsr\u00f6r och 12AX7-drivr\u00f6r, levererar den 10 watt per kanal med anm\u00e4rkningsv\u00e4rd musikalitet. Luna Mini s\u00e4kerst\u00e4ller en naturligt \u00f6ppen och detaljrik ljudbild med ett rikt och engagerande mellanregister som ger liv \u00e5t s\u00e5ng och akustiska instrument&#8230;.<\/p>\n","protected":false},"featured_media":1222,"template":"","meta":[],"product_brand":[274],"product_cat":[56],"product_tag":[79,276],"class_list":{"0":"post-1311","1":"product","2":"type-product","3":"status-publish","4":"has-post-thumbnail","6":"product_brand-fezz","7":"product_cat-hifi","8":"product_tag-forstarkare","9":"product_tag-integrerad","11":"first","12":"instock","13":"shipping-taxable","14":"purchasable","15":"product-type-variable"},"_links":{"self":[{"href":"https:\/\/thomasaudio.se\/index.php?rest_route=\/wp\/v2\/product\/1311","targetHints":{"allow":["GET"]}}],"collection":[{"href":"https:\/\/thomasaudio.se\/index.php?rest_route=\/wp\/v2\/product"}],"about":[{"href":"https:\/\/thomasaudio.se\/index.php?rest_route=\/wp\/v2\/types\/product"}],"wp:featuredmedia":[{"embeddable":true,"href":"https:\/\/thomasaudio.se\/index.php?rest_route=\/wp\/v2\/media\/1222"}],"wp:attachment":[{"href":"https:\/\/thomasaudio.se\/index.php?rest_route=%2Fwp%2Fv2%2Fmedia&parent=1311"}],"wp:term":[{"taxonomy":"product_brand","embeddable":true,"href":"https:\/\/thomasaudio.se\/index.php?rest_route=%2Fwp%2Fv2%2Fproduct_brand&post=1311"},{"taxonomy":"product_cat","embeddable":true,"href":"https:\/\/thomasaudio.se\/index.php?rest_route=%2Fwp%2Fv2%2Fproduct_cat&post=1311"},{"taxonomy":"product_tag","embeddable":true,"href":"https:\/\/thomasaudio.se\/index.php?rest_route=%2Fwp%2Fv2%2Fproduct_tag&post=1311"}],"curies":[{"name":"wp","href":"https:\/\/api.w.org\/{rel}","templated":true}]}}