{"id":1301,"date":"2026-04-12T06:15:11","date_gmt":"2026-04-12T06:15:11","guid":{"rendered":"https:\/\/thomasaudio.se\/?post_type=product&#038;p=1301"},"modified":"2026-04-25T12:03:59","modified_gmt":"2026-04-25T12:03:59","slug":"fezz-gratia-prestige-mk2-evolution-riaa-forstarkare","status":"publish","type":"product","link":"https:\/\/thomasaudio.se\/?product=fezz-gratia-prestige-mk2-evolution-riaa-forstarkare","title":{"rendered":"Fezz Gratia Prestige Mk2 Evolution RIAA-f\u00f6rst\u00e4rkare"},"content":{"rendered":"<p>Denna omdesignade modell har en signalf\u00f6rst\u00e4rkning gjord i tv\u00e5 separata steg, helt baserat p\u00e5 den h\u00f6gkvalitativa OP-ampen och de v\u00e4lljudande trioderna 12AU7. Den inkluderar ocks\u00e5 en speciell str\u00f6mhantering av en ringk\u00e4rnetransformator fr\u00e5n den exklusiva tillverkaren Audio Toroidy, vilket s\u00e4kerst\u00e4ller en ljudprestanda p\u00e5 referensniv\u00e5.<\/p>\n<p>En viktig uppgradering \u00e4r justeringen av kapacitansen f\u00f6r MM-pickuper och impedansen f\u00f6r MC-pickuper, vilket ger en f\u00f6rfinad anpassning f\u00f6r ljud\u00e5tergivningen.<br \/>\nDe l\u00e4ttillg\u00e4ngliga trioderna sitter placerade under en skjutpanel av glas p\u00e5 toppen. Ljudkvaliteten ligger p\u00e5 olika h\u00f6g niv\u00e5 beroende p\u00e5 tillverkare. Det ger dig h\u00e4r m\u00f6jlighet att l\u00e4tt byta ut och j\u00e4mf\u00f6ra.<\/p>\n<p>Trioder 12AU7<br \/>\nSupreme Audio Grade ringk\u00e4rnetransformator<br \/>\nSubsoniskt filter<br \/>\nStereo \/ Mono via switch<br \/>\nGain : MM 42 dB och +6 dB via switch\/ MC: 60 dB<br \/>\nIng\u00e5ngsk\u00e4nslighet MM: 4 mV\/MC: 0,5 mV<br \/>\nMC: 1 k, 470, 220, 100 Ohm<br \/>\nMM: 0, 47, 100, 220 pF<br \/>\nTHD: &lt;0,1%<br \/>\nSNR: MM &gt; 90 dB \/ MC &gt;86 dB<br \/>\nCrosstalk MM &gt;88 dB \/ MC &gt;82 dB<\/p>\n","protected":false},"excerpt":{"rendered":"<p>Denna omdesignade modell har en signalf\u00f6rst\u00e4rkning gjord i tv\u00e5 separata steg, helt baserat p\u00e5 den h\u00f6gkvalitativa OP-ampen och de v\u00e4lljudande trioderna 12AU7. Den inkluderar ocks\u00e5 en speciell str\u00f6mhantering av en ringk\u00e4rnetransformator fr\u00e5n den exklusiva tillverkaren Audio Toroidy, vilket s\u00e4kerst\u00e4ller en ljudprestanda p\u00e5 referensniv\u00e5. En viktig uppgradering \u00e4r justeringen av kapacitansen f\u00f6r MM-pickuper och impedansen f\u00f6r&#8230;<\/p>\n","protected":false},"featured_media":1302,"template":"","meta":[],"product_brand":[274],"product_cat":[56],"product_tag":[79,75],"class_list":{"0":"post-1301","1":"product","2":"type-product","3":"status-publish","4":"has-post-thumbnail","6":"product_brand-fezz","7":"product_cat-hifi","8":"product_tag-forstarkare","9":"product_tag-skivspelarforstarkare","11":"first","12":"instock","13":"shipping-taxable","14":"purchasable","15":"product-type-variable"},"_links":{"self":[{"href":"https:\/\/thomasaudio.se\/index.php?rest_route=\/wp\/v2\/product\/1301","targetHints":{"allow":["GET"]}}],"collection":[{"href":"https:\/\/thomasaudio.se\/index.php?rest_route=\/wp\/v2\/product"}],"about":[{"href":"https:\/\/thomasaudio.se\/index.php?rest_route=\/wp\/v2\/types\/product"}],"wp:featuredmedia":[{"embeddable":true,"href":"https:\/\/thomasaudio.se\/index.php?rest_route=\/wp\/v2\/media\/1302"}],"wp:attachment":[{"href":"https:\/\/thomasaudio.se\/index.php?rest_route=%2Fwp%2Fv2%2Fmedia&parent=1301"}],"wp:term":[{"taxonomy":"product_brand","embeddable":true,"href":"https:\/\/thomasaudio.se\/index.php?rest_route=%2Fwp%2Fv2%2Fproduct_brand&post=1301"},{"taxonomy":"product_cat","embeddable":true,"href":"https:\/\/thomasaudio.se\/index.php?rest_route=%2Fwp%2Fv2%2Fproduct_cat&post=1301"},{"taxonomy":"product_tag","embeddable":true,"href":"https:\/\/thomasaudio.se\/index.php?rest_route=%2Fwp%2Fv2%2Fproduct_tag&post=1301"}],"curies":[{"name":"wp","href":"https:\/\/api.w.org\/{rel}","templated":true}]}}