{"id":130,"date":"2026-02-16T20:37:40","date_gmt":"2026-02-16T20:37:40","guid":{"rendered":"https:\/\/thomasaudio.se\/?post_type=product&#038;p=130"},"modified":"2026-03-07T09:00:39","modified_gmt":"2026-03-07T09:00:39","slug":"joel-lyssarides-a-better-place-signerat-exemplar","status":"publish","type":"product","link":"https:\/\/thomasaudio.se\/?product=joel-lyssarides-a-better-place-signerat-exemplar","title":{"rendered":"Joel Lyssarides &#8211; A better place (signerat exemplar)"},"content":{"rendered":"<p>&#8221;Joels kompositioner \u00e4r sm\u00e5 m\u00e4sterverk som han framf\u00f6r med en virtuositet och tajming jag inte h\u00f6rt p\u00e5 l\u00e4nge i Sverige, om ens n\u00e5gonsin.&#8221;, skrev Johan Norberg om pianisten Joel Lyssarides debutalbum, &#8221;Dreamer&#8221;, som nu har \u00f6ver ett antal miljoner streams p\u00e5 Spotify.<\/p>\n<p>Uppf\u00f6ljaren blev &#8221;A Better Place&#8221;, en plats med tanken p\u00e5 Esbj\u00f6rn Svensson, Bill Evans och Keith Jarrett och med k\u00e4nslan fr\u00e5n Bach och Rachmaninov. S\u00e5 h\u00e4r s\u00e4ger Joel: &#8221;Processen kring det h\u00e4r albumet skiljde sig avsev\u00e4rt fr\u00e5n arbetet med min det albumet d\u00e5 jag kunde v\u00e4lja bland l\u00e5tar som jag haft \u00e5r p\u00e5 mig att skriva. Nu skrevs musiken under loppet av timmar under n\u00e5gra kv\u00e4llar. Det finns en magi i \u00f6gonblicket n\u00e4r man improviserar som jag alltid upplevt varit sv\u00e5r att \u00e5terskapa i efterhand. Nu \u00e4r merparten improvisation just i skarpt l\u00e4ge, inte n\u00f6dv\u00e4ndigtvis vid skrivbordet d\u00e4r tiden \u00e4r obegr\u00e4nsad.&#8221;<\/p>\n<p>1 Vilse<br \/>\n2 Circling<br \/>\n3 Walking Tune<br \/>\n4 Still<br \/>\n5 Eon<br \/>\n6 Wu Tao-Tzu<br \/>\n7 Fado<br \/>\n8 Denial<br \/>\n9 Meditation<br \/>\n10 Free at Last<br \/>\n11 A Better Place<\/p>\n","protected":false},"excerpt":{"rendered":"<p>&#8221;Joels kompositioner \u00e4r sm\u00e5 m\u00e4sterverk som han framf\u00f6r med en virtuositet och tajming jag inte h\u00f6rt p\u00e5 l\u00e4nge i Sverige, om ens n\u00e5gonsin.&#8221;, skrev Johan Norberg om pianisten Joel Lyssarides debutalbum, &#8221;Dreamer&#8221;, som nu har \u00f6ver ett antal miljoner streams p\u00e5 Spotify. Uppf\u00f6ljaren blev &#8221;A Better Place&#8221;, en plats med tanken p\u00e5 Esbj\u00f6rn Svensson, Bill&#8230;<\/p>\n","protected":false},"featured_media":131,"template":"","meta":[],"product_brand":[32],"product_cat":[16],"product_tag":[18,19,215,39,23],"class_list":{"0":"post-130","1":"product","2":"type-product","3":"status-publish","4":"has-post-thumbnail","6":"product_brand-prophone","7":"product_cat-album","8":"product_tag-cd","9":"product_tag-jazz","10":"product_tag-joel-lyssarides","11":"product_tag-nutida-instrumentellt","12":"product_tag-vinyl","14":"first","15":"instock","16":"shipping-taxable","17":"purchasable","18":"product-type-variable"},"_links":{"self":[{"href":"https:\/\/thomasaudio.se\/index.php?rest_route=\/wp\/v2\/product\/130","targetHints":{"allow":["GET"]}}],"collection":[{"href":"https:\/\/thomasaudio.se\/index.php?rest_route=\/wp\/v2\/product"}],"about":[{"href":"https:\/\/thomasaudio.se\/index.php?rest_route=\/wp\/v2\/types\/product"}],"wp:featuredmedia":[{"embeddable":true,"href":"https:\/\/thomasaudio.se\/index.php?rest_route=\/wp\/v2\/media\/131"}],"wp:attachment":[{"href":"https:\/\/thomasaudio.se\/index.php?rest_route=%2Fwp%2Fv2%2Fmedia&parent=130"}],"wp:term":[{"taxonomy":"product_brand","embeddable":true,"href":"https:\/\/thomasaudio.se\/index.php?rest_route=%2Fwp%2Fv2%2Fproduct_brand&post=130"},{"taxonomy":"product_cat","embeddable":true,"href":"https:\/\/thomasaudio.se\/index.php?rest_route=%2Fwp%2Fv2%2Fproduct_cat&post=130"},{"taxonomy":"product_tag","embeddable":true,"href":"https:\/\/thomasaudio.se\/index.php?rest_route=%2Fwp%2Fv2%2Fproduct_tag&post=130"}],"curies":[{"name":"wp","href":"https:\/\/api.w.org\/{rel}","templated":true}]}}