{"id":1291,"date":"2026-04-11T16:53:01","date_gmt":"2026-04-11T16:53:01","guid":{"rendered":"https:\/\/thomasaudio.se\/?post_type=product&#038;p=1291"},"modified":"2026-04-30T09:27:21","modified_gmt":"2026-04-30T09:27:21","slug":"fezz-extra-tillbehor","status":"publish","type":"product","link":"https:\/\/thomasaudio.se\/?product=fezz-extra-tillbehor","title":{"rendered":"Fezz extra tillbeh\u00f6r"},"content":{"rendered":"<p>Enkel montering!<br \/>\nPassar in i en profil p\u00e5 alla Fezz r\u00f6rf\u00f6rst\u00e4rkare. Skruva loss locket som finns p\u00e5 baksidan, f\u00e4st den f\u00f6rberedda flatkabeln och skruva fast. Klart.<\/p>\n<p><strong>Bluetooth 5.0<\/strong><br \/>\nQualcomm C3005<br \/>\nKodning: SBC, AAC<br \/>\nOmvandlare: PCM5102<br \/>\nFull MQA<br \/>\nAPT-X<\/p>\n<div class=\"border-bottom py-2\">\n<div class=\"row\"><strong>DAC<\/strong><br \/>\nChip: AK4432 och AK4118AEQ som \u00e4r en h\u00f6gpresterande omvandlare.<br \/>\nOversampling: S\/Pdif 24 bit\/192 kHz, Coaxial 24 bit\/192 kHz<br \/>\nDynamik: 104 dB<\/p>\n<p><strong>XLR<\/strong><br \/>\nS\u00e4kerst\u00e4ller ultral\u00e5g brusniv\u00e5 och h\u00f6g immunitet mot elektromagnetiska st\u00f6rningar.<\/div>\n<\/div>\n<p><strong>Phono-amp MM<\/strong><br \/>\nDen ger en precis RIAA-utj\u00e4mning, l\u00e5gbrusig elektronik och optimal ing\u00e5ngsimpedans f\u00f6r ett rik, detaljerat analogt ljud. Den \u00e4r idealisk f\u00f6r vinylentusiaster som vill f\u00f6rb\u00e4ttra sin lyssningsupplevelse med autentisk och dynamisk uppspelning och f\u00f6r att slippa en RIAA-extern enhet som kr\u00e4ver plats.<br \/>\nIng\u00e5ngsk\u00e4nslighet: 3, 25 mV<br \/>\nGain: 46 dB<br \/>\nSNR: &gt;90 dB<br \/>\nTHD: &lt;0,01 %<br \/>\nEqualiseringsfel: \u00b10, 5 dB<\/p>\n","protected":false},"excerpt":{"rendered":"<p>Insticksmoduler av h\u00f6g kvalitet.<\/p>\n","protected":false},"featured_media":1292,"template":"","meta":[],"product_brand":[274],"product_cat":[56],"product_tag":[60],"class_list":{"0":"post-1291","1":"product","2":"type-product","3":"status-publish","4":"has-post-thumbnail","6":"product_brand-fezz","7":"product_cat-hifi","8":"product_tag-kringutrustning","10":"first","11":"instock","12":"shipping-taxable","13":"purchasable","14":"product-type-variable"},"_links":{"self":[{"href":"https:\/\/thomasaudio.se\/index.php?rest_route=\/wp\/v2\/product\/1291","targetHints":{"allow":["GET"]}}],"collection":[{"href":"https:\/\/thomasaudio.se\/index.php?rest_route=\/wp\/v2\/product"}],"about":[{"href":"https:\/\/thomasaudio.se\/index.php?rest_route=\/wp\/v2\/types\/product"}],"wp:featuredmedia":[{"embeddable":true,"href":"https:\/\/thomasaudio.se\/index.php?rest_route=\/wp\/v2\/media\/1292"}],"wp:attachment":[{"href":"https:\/\/thomasaudio.se\/index.php?rest_route=%2Fwp%2Fv2%2Fmedia&parent=1291"}],"wp:term":[{"taxonomy":"product_brand","embeddable":true,"href":"https:\/\/thomasaudio.se\/index.php?rest_route=%2Fwp%2Fv2%2Fproduct_brand&post=1291"},{"taxonomy":"product_cat","embeddable":true,"href":"https:\/\/thomasaudio.se\/index.php?rest_route=%2Fwp%2Fv2%2Fproduct_cat&post=1291"},{"taxonomy":"product_tag","embeddable":true,"href":"https:\/\/thomasaudio.se\/index.php?rest_route=%2Fwp%2Fv2%2Fproduct_tag&post=1291"}],"curies":[{"name":"wp","href":"https:\/\/api.w.org\/{rel}","templated":true}]}}