{"id":1286,"date":"2026-04-11T16:05:23","date_gmt":"2026-04-11T16:05:23","guid":{"rendered":"https:\/\/thomasaudio.se\/?post_type=product&#038;p=1286"},"modified":"2026-04-25T12:29:53","modified_gmt":"2026-04-25T12:29:53","slug":"fezz-ovo-horlursforstarkare","status":"publish","type":"product","link":"https:\/\/thomasaudio.se\/?product=fezz-ovo-horlursforstarkare","title":{"rendered":"Fezz Ovo Evolution h\u00f6rlursf\u00f6rst\u00e4rkare"},"content":{"rendered":"<p>Fezz Ovo \u00e4r en premium h\u00f6rlursf\u00f6rst\u00e4rkare utvecklad f\u00f6r att driva alla h\u00f6rlurar p\u00e5 marknaden. Kopplingsbara impedansomr\u00e5den g\u00f6r det m\u00f6jligt att v\u00e4lja den mest l\u00e4mpliga k\u00e4nsligheten f\u00f6r en perfekt matchning.<\/p>\n<p>Noggrann design och de allra b\u00e4sta komponenterna som anv\u00e4nds, inklusive marknadens b\u00e4sta effekt- och utg\u00e5ngstransformatorer tillverkade av exklusiva Toroidy med \u00f6verl\u00e4gsen tonkvalitet och enast\u00e5ende prestanda. Trioddrift i ren klass-A s\u00e4kerst\u00e4ller ett fylligt, mjukt ljud med varje detalj n\u00e4rvarande.<\/p>\n<p>1 st 12AX7 (under dragluckan)<br \/>\nMax. output:1500 mW (THD = 2%)<br \/>\nImpedans: 16 &#8211; 600 Ohm (LOW, MID, HIGH)<br \/>\nTHD: &lt;1 %<br \/>\n16 Hz \u2013 120 kHz<br \/>\n2 st EL84, till f\u00f6r Autobias<br \/>\n355 x 380 x 100 mm<br \/>\n10,5 Kg<br \/>\n<a href=\"https:\/\/thomasaudio.se\/wp-admin\/post.php?post=1291&amp;action=edit\" target=\"_blank\" rel=\"noopener\">Extra tillbeh\u00f6r: XLR, DAC, Bluetooth, Phono-amp MM<\/a><\/p>\n","protected":false},"excerpt":{"rendered":"<p>Fezz Ovo \u00e4r en premium h\u00f6rlursf\u00f6rst\u00e4rkare utvecklad f\u00f6r att driva alla h\u00f6rlurar p\u00e5 marknaden. Kopplingsbara impedansomr\u00e5den g\u00f6r det m\u00f6jligt att v\u00e4lja den mest l\u00e4mpliga k\u00e4nsligheten f\u00f6r en perfekt matchning. Noggrann design och de allra b\u00e4sta komponenterna som anv\u00e4nds, inklusive marknadens b\u00e4sta effekt- och utg\u00e5ngstransformatorer tillverkade av exklusiva Toroidy med \u00f6verl\u00e4gsen tonkvalitet och enast\u00e5ende prestanda. Trioddrift&#8230;<\/p>\n","protected":false},"featured_media":1288,"template":"","meta":[],"product_brand":[274],"product_cat":[56],"product_tag":[79,73],"class_list":{"0":"post-1286","1":"product","2":"type-product","3":"status-publish","4":"has-post-thumbnail","6":"product_brand-fezz","7":"product_cat-hifi","8":"product_tag-forstarkare","9":"product_tag-horlursforstarkare","11":"first","12":"instock","13":"shipping-taxable","14":"purchasable","15":"product-type-variable"},"_links":{"self":[{"href":"https:\/\/thomasaudio.se\/index.php?rest_route=\/wp\/v2\/product\/1286","targetHints":{"allow":["GET"]}}],"collection":[{"href":"https:\/\/thomasaudio.se\/index.php?rest_route=\/wp\/v2\/product"}],"about":[{"href":"https:\/\/thomasaudio.se\/index.php?rest_route=\/wp\/v2\/types\/product"}],"wp:featuredmedia":[{"embeddable":true,"href":"https:\/\/thomasaudio.se\/index.php?rest_route=\/wp\/v2\/media\/1288"}],"wp:attachment":[{"href":"https:\/\/thomasaudio.se\/index.php?rest_route=%2Fwp%2Fv2%2Fmedia&parent=1286"}],"wp:term":[{"taxonomy":"product_brand","embeddable":true,"href":"https:\/\/thomasaudio.se\/index.php?rest_route=%2Fwp%2Fv2%2Fproduct_brand&post=1286"},{"taxonomy":"product_cat","embeddable":true,"href":"https:\/\/thomasaudio.se\/index.php?rest_route=%2Fwp%2Fv2%2Fproduct_cat&post=1286"},{"taxonomy":"product_tag","embeddable":true,"href":"https:\/\/thomasaudio.se\/index.php?rest_route=%2Fwp%2Fv2%2Fproduct_tag&post=1286"}],"curies":[{"name":"wp","href":"https:\/\/api.w.org\/{rel}","templated":true}]}}