{"id":1283,"date":"2026-04-11T12:20:59","date_gmt":"2026-04-11T12:20:59","guid":{"rendered":"https:\/\/thomasaudio.se\/?post_type=product&#038;p=1283"},"modified":"2026-04-27T19:39:17","modified_gmt":"2026-04-27T19:39:17","slug":"belari-pa555-forforstarkare","status":"publish","type":"product","link":"https:\/\/thomasaudio.se\/?product=belari-pa555-forforstarkare","title":{"rendered":"Belari PA555 F\u00f6rf\u00f6rst\u00e4rkare"},"content":{"rendered":"<p>HiFi-kvalitet beh\u00f6ver inte kosta s\u00e5 mycket.&#8221; Det \u00e4r en s\u00e5dan fras som f\u00e5r en att h\u00f6ja p\u00e5 \u00f6gonbrynet. Visst, det \u00e4r en komplimang \u2013 men med h\u00f6ga f\u00f6rv\u00e4ntningar. Det outtalade att det l\u00e5ter bra med tanke p\u00e5 den l\u00e5ga kostnaden. Men l\u00e5t oss vara tydliga: Bellari PA555 l\u00e5ter inte bara bra f\u00f6r vad den kostar \u2013 den l\u00e5ter riktigt bra oavsett prisklass.<\/p>\n<p>Ett 12AX7-r\u00f6r som arbetar i riktiga 220 volt \u2013 inget av det d\u00e4r sv\u00e4ltpl\u00e5ts-materialet man ibland ser i budgetutrustning. Insignalen g\u00e5r direkt till r\u00f6rets galler, och all f\u00f6rst\u00e4rkning kommer d\u00e4rifr\u00e5n. Det betyder att det du h\u00f6r \u00e4r en rik, varm och naturlig ljudkvalitet.<\/p>\n<p>Triod: 12AX7<br \/>\nIng\u00e5ngsimpedans: 10K ohm<br \/>\nMax utg\u00e5ngsf\u00f6rst\u00e4rkning: 11,1 dB<br \/>\nTHD: 0,1 %<br \/>\nS\/N-f\u00f6rh\u00e5llande: 103 db, oviktat<br \/>\nFrekvensrespons: n\u00e5r utanf\u00f6r det h\u00f6rbara omr\u00e5det<br \/>\nCrosstalk: -75 dB<br \/>\nUtg\u00e5ngsimpedans: 100 Ohm<br \/>\nStr\u00f6madapter 15 V. <span style=\"color: #ff0000;\">Tips!<\/span> Ta en titt p\u00e5 adaptern \u00a0<a href=\"https:\/\/thomasaudio.se\/produkt\/ifi-silentpower-ipowerx-stromadapter\/\" target=\"_blank\" rel=\"noopener\">ifi iPowerX<\/a><\/p>\n","protected":false},"excerpt":{"rendered":"<p>HiFi-kvalitet beh\u00f6ver inte kosta s\u00e5 mycket.&#8221; Det \u00e4r en s\u00e5dan fras som f\u00e5r en att h\u00f6ja p\u00e5 \u00f6gonbrynet. Visst, det \u00e4r en komplimang \u2013 men med h\u00f6ga f\u00f6rv\u00e4ntningar. Det outtalade att det l\u00e5ter bra med tanke p\u00e5 den l\u00e5ga kostnaden. Men l\u00e5t oss vara tydliga: Bellari PA555 l\u00e5ter inte bara bra f\u00f6r vad den kostar&#8230;<\/p>\n","protected":false},"featured_media":1285,"template":"","meta":[],"product_brand":[116],"product_cat":[56],"product_tag":[318,79],"class_list":{"0":"post-1283","1":"product","2":"type-product","3":"status-publish","4":"has-post-thumbnail","6":"product_brand-bellari","7":"product_cat-hifi","8":"product_tag-forforstarkare","9":"product_tag-forstarkare","11":"first","12":"instock","13":"shipping-taxable","14":"purchasable","15":"product-type-simple"},"_links":{"self":[{"href":"https:\/\/thomasaudio.se\/index.php?rest_route=\/wp\/v2\/product\/1283","targetHints":{"allow":["GET"]}}],"collection":[{"href":"https:\/\/thomasaudio.se\/index.php?rest_route=\/wp\/v2\/product"}],"about":[{"href":"https:\/\/thomasaudio.se\/index.php?rest_route=\/wp\/v2\/types\/product"}],"wp:featuredmedia":[{"embeddable":true,"href":"https:\/\/thomasaudio.se\/index.php?rest_route=\/wp\/v2\/media\/1285"}],"wp:attachment":[{"href":"https:\/\/thomasaudio.se\/index.php?rest_route=%2Fwp%2Fv2%2Fmedia&parent=1283"}],"wp:term":[{"taxonomy":"product_brand","embeddable":true,"href":"https:\/\/thomasaudio.se\/index.php?rest_route=%2Fwp%2Fv2%2Fproduct_brand&post=1283"},{"taxonomy":"product_cat","embeddable":true,"href":"https:\/\/thomasaudio.se\/index.php?rest_route=%2Fwp%2Fv2%2Fproduct_cat&post=1283"},{"taxonomy":"product_tag","embeddable":true,"href":"https:\/\/thomasaudio.se\/index.php?rest_route=%2Fwp%2Fv2%2Fproduct_tag&post=1283"}],"curies":[{"name":"wp","href":"https:\/\/api.w.org\/{rel}","templated":true}]}}