{"id":1276,"date":"2026-04-09T19:59:00","date_gmt":"2026-04-09T19:59:00","guid":{"rendered":"https:\/\/thomasaudio.se\/?post_type=product&#038;p=1276"},"modified":"2026-04-25T12:04:51","modified_gmt":"2026-04-25T12:04:51","slug":"marina-baranova-cosmic-calendar","status":"publish","type":"product","link":"https:\/\/thomasaudio.se\/?product=marina-baranova-cosmic-calendar","title":{"rendered":"Marina Baranova &#8211; Cosmic Calendar"},"content":{"rendered":"<p>Marina Baranova skapar l\u00e5tar som f\u00f6ljer stegen i den kosmiska kalendern fr\u00e5n Big Bang till den slutliga skapelsen av jorden. Hon presenterar egna kompositioner p\u00e5 piano, str\u00e4nginstrument, elektroniska inslag med mera.<\/p>\n<p>1 January &#8211; Particles of Freedom<br \/>\n2 February &#8211; Becoming Transparent<br \/>\n3 March &#8211; The Inner Gravity<br \/>\n4 April &#8211; And There Was Light<br \/>\n5 May &#8211; Gliding on the Milky Way<br \/>\nMarina Baranova (piano), Kara Sugimura (violin), Martha Bijlsma (cello)<br \/>\n6 June &#8211; Matter. Antimatter. What&#8217;s the Meter?<br \/>\n7 July &#8211; Requiem for a Supernova<br \/>\n8 August &#8211; Birth of the Sun<br \/>\n9 September &#8211; Stellar Barcarolle<br \/>\n10 October &#8211; Celestial Serenade<br \/>\n11 November &#8211; Air<br \/>\n12 December &#8211; You and Me and Everything Around Us<\/p>\n","protected":false},"excerpt":{"rendered":"<p>Marina Baranova skapar l\u00e5tar som f\u00f6ljer stegen i den kosmiska kalendern fr\u00e5n Big Bang till den slutliga skapelsen av jorden. Hon presenterar egna kompositioner p\u00e5 piano, str\u00e4nginstrument, elektroniska inslag med mera. 1 January &#8211; Particles of Freedom 2 February &#8211; Becoming Transparent 3 March &#8211; The Inner Gravity 4 April &#8211; And There Was Light&#8230;<\/p>\n","protected":false},"featured_media":1277,"template":"","meta":[],"product_brand":[29],"product_cat":[16],"product_tag":[18,20],"class_list":{"0":"post-1276","1":"product","2":"type-product","3":"status-publish","4":"has-post-thumbnail","6":"product_brand-neue-meister-musik","7":"product_cat-album","8":"product_tag-cd","9":"product_tag-upplevelsemusik","11":"first","12":"instock","13":"shipping-taxable","14":"purchasable","15":"product-type-simple"},"_links":{"self":[{"href":"https:\/\/thomasaudio.se\/index.php?rest_route=\/wp\/v2\/product\/1276","targetHints":{"allow":["GET"]}}],"collection":[{"href":"https:\/\/thomasaudio.se\/index.php?rest_route=\/wp\/v2\/product"}],"about":[{"href":"https:\/\/thomasaudio.se\/index.php?rest_route=\/wp\/v2\/types\/product"}],"wp:featuredmedia":[{"embeddable":true,"href":"https:\/\/thomasaudio.se\/index.php?rest_route=\/wp\/v2\/media\/1277"}],"wp:attachment":[{"href":"https:\/\/thomasaudio.se\/index.php?rest_route=%2Fwp%2Fv2%2Fmedia&parent=1276"}],"wp:term":[{"taxonomy":"product_brand","embeddable":true,"href":"https:\/\/thomasaudio.se\/index.php?rest_route=%2Fwp%2Fv2%2Fproduct_brand&post=1276"},{"taxonomy":"product_cat","embeddable":true,"href":"https:\/\/thomasaudio.se\/index.php?rest_route=%2Fwp%2Fv2%2Fproduct_cat&post=1276"},{"taxonomy":"product_tag","embeddable":true,"href":"https:\/\/thomasaudio.se\/index.php?rest_route=%2Fwp%2Fv2%2Fproduct_tag&post=1276"}],"curies":[{"name":"wp","href":"https:\/\/api.w.org\/{rel}","templated":true}]}}