{"id":1274,"date":"2026-04-09T19:35:16","date_gmt":"2026-04-09T19:35:16","guid":{"rendered":"https:\/\/thomasaudio.se\/?post_type=product&#038;p=1274"},"modified":"2026-04-25T12:05:08","modified_gmt":"2026-04-25T12:05:08","slug":"damian-marhulets-magic-madness-sadness","status":"publish","type":"product","link":"https:\/\/thomasaudio.se\/?product=damian-marhulets-magic-madness-sadness","title":{"rendered":"Damian Marhulets &#8211; Magic, Madness, Sadness"},"content":{"rendered":"<p>Damian Marhulets, den Minsk-f\u00f6dda komposit\u00f6ren bor i Hannover.<br \/>\nMagic, Madness, Sadness, ett extraordin\u00e4rt album som t\u00e4njer p\u00e5 gr\u00e4nserna och f\u00f6renar flera stilar. Hans verk, som k\u00e4nnetecknas av klassiska kompositionstekniker, kombineras med elektroniska och experimentella ljud p\u00e5 ett fascinerande s\u00e4tt. Varje verk f\u00f6r lyssnaren in i en k\u00e4nslom\u00e4ssig upplevelse som dr\u00f6jer sig kvar l\u00e4nge. En musikform som \u00f6ppnar nya inre landskap p\u00e5 ett s\u00e4tt som ber\u00f6r dig djupt.1<\/p>\n<p>1 Levania<br \/>\n2 Grindhouse<br \/>\n3 Black Rainbow<br \/>\n4 Dusk<br \/>\n5 Half Light<br \/>\n6 Badinage<br \/>\n7 Magic, Madness, Sadness<br \/>\n8 Revelry<br \/>\n9 Pan&#8217;s Lovers<br \/>\n10 Sleeping Nymph<\/p>\n","protected":false},"excerpt":{"rendered":"<p>Damian Marhulets, den Minsk-f\u00f6dda komposit\u00f6ren bor i Hannover. Magic, Madness, Sadness, ett extraordin\u00e4rt album som t\u00e4njer p\u00e5 gr\u00e4nserna och f\u00f6renar flera stilar. Hans verk, som k\u00e4nnetecknas av klassiska kompositionstekniker, kombineras med elektroniska och experimentella ljud p\u00e5 ett fascinerande s\u00e4tt. Varje verk f\u00f6r lyssnaren in i en k\u00e4nslom\u00e4ssig upplevelse som dr\u00f6jer sig kvar l\u00e4nge. En musikform&#8230;<\/p>\n","protected":false},"featured_media":1275,"template":"","meta":[],"product_brand":[29],"product_cat":[16],"product_tag":[18,20],"class_list":{"0":"post-1274","1":"product","2":"type-product","3":"status-publish","4":"has-post-thumbnail","6":"product_brand-neue-meister-musik","7":"product_cat-album","8":"product_tag-cd","9":"product_tag-upplevelsemusik","11":"first","12":"instock","13":"shipping-taxable","14":"purchasable","15":"product-type-simple"},"_links":{"self":[{"href":"https:\/\/thomasaudio.se\/index.php?rest_route=\/wp\/v2\/product\/1274","targetHints":{"allow":["GET"]}}],"collection":[{"href":"https:\/\/thomasaudio.se\/index.php?rest_route=\/wp\/v2\/product"}],"about":[{"href":"https:\/\/thomasaudio.se\/index.php?rest_route=\/wp\/v2\/types\/product"}],"wp:featuredmedia":[{"embeddable":true,"href":"https:\/\/thomasaudio.se\/index.php?rest_route=\/wp\/v2\/media\/1275"}],"wp:attachment":[{"href":"https:\/\/thomasaudio.se\/index.php?rest_route=%2Fwp%2Fv2%2Fmedia&parent=1274"}],"wp:term":[{"taxonomy":"product_brand","embeddable":true,"href":"https:\/\/thomasaudio.se\/index.php?rest_route=%2Fwp%2Fv2%2Fproduct_brand&post=1274"},{"taxonomy":"product_cat","embeddable":true,"href":"https:\/\/thomasaudio.se\/index.php?rest_route=%2Fwp%2Fv2%2Fproduct_cat&post=1274"},{"taxonomy":"product_tag","embeddable":true,"href":"https:\/\/thomasaudio.se\/index.php?rest_route=%2Fwp%2Fv2%2Fproduct_tag&post=1274"}],"curies":[{"name":"wp","href":"https:\/\/api.w.org\/{rel}","templated":true}]}}