{"id":1269,"date":"2026-04-08T19:48:49","date_gmt":"2026-04-08T19:48:49","guid":{"rendered":"https:\/\/thomasaudio.se\/?post_type=product&#038;p=1269"},"modified":"2026-04-27T19:49:21","modified_gmt":"2026-04-27T19:49:21","slug":"bellari-rpv565-dac-forforstarkare","status":"publish","type":"product","link":"https:\/\/thomasaudio.se\/?product=bellari-rpv565-dac-forforstarkare","title":{"rendered":"Bellari RPV565 DAC f\u00f6rf\u00f6rst\u00e4rkare"},"content":{"rendered":"<p>Multi-bit Delta-Sigma Modulator<br \/>\nIng\u00e5ngsimpedans: 10 KOhm<br \/>\nUtg\u00e5ngsimpedans: 100 Ohm<br \/>\nMax Output: 9,8 dB<br \/>\nTHD: 0,05%<br \/>\nSNR: 103 dB<br \/>\nCrosstalk: -75 dB<br \/>\nStr\u00f6madapter: 15 VDC, 500 mA;<\/p>\n","protected":false},"excerpt":{"rendered":"<p>24-bit \/192 kHz<\/p>\n","protected":false},"featured_media":1271,"template":"","meta":[],"product_brand":[116],"product_cat":[56],"product_tag":[72,318,81],"class_list":{"0":"post-1269","1":"product","2":"type-product","3":"status-publish","4":"has-post-thumbnail","6":"product_brand-bellari","7":"product_cat-hifi","8":"product_tag-dac","9":"product_tag-forforstarkare","10":"product_tag-omvandlare","12":"first","13":"instock","14":"shipping-taxable","15":"purchasable","16":"product-type-simple"},"_links":{"self":[{"href":"https:\/\/thomasaudio.se\/index.php?rest_route=\/wp\/v2\/product\/1269","targetHints":{"allow":["GET"]}}],"collection":[{"href":"https:\/\/thomasaudio.se\/index.php?rest_route=\/wp\/v2\/product"}],"about":[{"href":"https:\/\/thomasaudio.se\/index.php?rest_route=\/wp\/v2\/types\/product"}],"wp:featuredmedia":[{"embeddable":true,"href":"https:\/\/thomasaudio.se\/index.php?rest_route=\/wp\/v2\/media\/1271"}],"wp:attachment":[{"href":"https:\/\/thomasaudio.se\/index.php?rest_route=%2Fwp%2Fv2%2Fmedia&parent=1269"}],"wp:term":[{"taxonomy":"product_brand","embeddable":true,"href":"https:\/\/thomasaudio.se\/index.php?rest_route=%2Fwp%2Fv2%2Fproduct_brand&post=1269"},{"taxonomy":"product_cat","embeddable":true,"href":"https:\/\/thomasaudio.se\/index.php?rest_route=%2Fwp%2Fv2%2Fproduct_cat&post=1269"},{"taxonomy":"product_tag","embeddable":true,"href":"https:\/\/thomasaudio.se\/index.php?rest_route=%2Fwp%2Fv2%2Fproduct_tag&post=1269"}],"curies":[{"name":"wp","href":"https:\/\/api.w.org\/{rel}","templated":true}]}}