{"id":125,"date":"2026-02-16T20:15:02","date_gmt":"2026-02-16T20:15:02","guid":{"rendered":"https:\/\/thomasaudio.se\/?post_type=product&#038;p=125"},"modified":"2026-03-07T09:01:10","modified_gmt":"2026-03-07T09:01:10","slug":"charles-lloyd-voices-in-the-night","status":"publish","type":"product","link":"https:\/\/thomasaudio.se\/?product=charles-lloyd-voices-in-the-night","title":{"rendered":"Charles Lloyd &#8211; Voices in the night"},"content":{"rendered":"<p>Charles Lloyds sj\u00e4tte ECM-album \u00e4r b\u00e5de ett avsteg och en hemkomst f\u00f6r den Memphis-f\u00f6dde och Kalifornienbaserade tenoristen, d\u00e4r ny musik introduceras och arkivfavoriter \u00e5terbes\u00f6ks inklusive det episka &#8221;Forest Flower&#8221; och med en stj\u00e4rnsp\u00e4ckad upps\u00e4ttning. Med hans &#8221;skandinaviska&#8221; band f\u00f6r n\u00e4rvarande p\u00e5 paus \u00e4r detta Lloyds f\u00f6rsta helt amerikanska album p\u00e5 l\u00e4nge \u2013 Dave Holland kvalificerar sig nu som hedersamerikan \u2013 med alla de kulturella skillnader som detta inneb\u00e4r. ECM-veteranen John Abercrombie och den legendariske trummisen Billy Higgins \u00e4r i toppform genom hela spelningen n\u00e4r de tar sig an material som str\u00e4cker sig fr\u00e5n Billy Strayhorns &#8221;A Flower Is A Lovesome Thing&#8221; till Elvis Costello\/Burt Bacharach-skrivna &#8221;God Give Me Strength&#8221; men de gr\u00e4ver ocks\u00e5 djupt i roots-musiken med &#8221;Island Blues Suite&#8221;.<\/p>\n<p>En grupp jazzveteraner som vet hur ett samspel ska fungera.<\/p>\n<p>1 Voice In The Night<br \/>\n(Charles Lloyd)<br \/>\n2 God Give Me Strength<br \/>\n(Burt Bacharach, Elvis Costello)<br \/>\n3 Dorotea&#8217;s Studio<br \/>\n(Charles Lloyd)07:48<br \/>\n4 Requiem (Charles Lloyd)<br \/>\n5 Pocket Full of Blues: Island Blues \/ Little Sister&#8217;s Dance \/ Shade Tree \/ Mud Island<br \/>\n(Charles Lloyd)11:41<br \/>\n6 Homage (Charles Lloyd)<br \/>\n7 Forest Flower: Sunrise\/Sunset (Charles Lloyd)15:23<br \/>\n8 A Flower Is A Lovesome Thing (Billy Strayhorn)<\/p>\n","protected":false},"excerpt":{"rendered":"<p>Dubbelalbum<\/p>\n","protected":false},"featured_media":126,"template":"","meta":[],"product_brand":[26],"product_cat":[16],"product_tag":[226,19,23],"class_list":{"0":"post-125","1":"product","2":"type-product","3":"status-publish","4":"has-post-thumbnail","6":"product_brand-ecm","7":"product_cat-album","8":"product_tag-charles-lloyd","9":"product_tag-jazz","10":"product_tag-vinyl","12":"first","13":"instock","14":"shipping-taxable","15":"purchasable","16":"product-type-simple"},"_links":{"self":[{"href":"https:\/\/thomasaudio.se\/index.php?rest_route=\/wp\/v2\/product\/125","targetHints":{"allow":["GET"]}}],"collection":[{"href":"https:\/\/thomasaudio.se\/index.php?rest_route=\/wp\/v2\/product"}],"about":[{"href":"https:\/\/thomasaudio.se\/index.php?rest_route=\/wp\/v2\/types\/product"}],"wp:featuredmedia":[{"embeddable":true,"href":"https:\/\/thomasaudio.se\/index.php?rest_route=\/wp\/v2\/media\/126"}],"wp:attachment":[{"href":"https:\/\/thomasaudio.se\/index.php?rest_route=%2Fwp%2Fv2%2Fmedia&parent=125"}],"wp:term":[{"taxonomy":"product_brand","embeddable":true,"href":"https:\/\/thomasaudio.se\/index.php?rest_route=%2Fwp%2Fv2%2Fproduct_brand&post=125"},{"taxonomy":"product_cat","embeddable":true,"href":"https:\/\/thomasaudio.se\/index.php?rest_route=%2Fwp%2Fv2%2Fproduct_cat&post=125"},{"taxonomy":"product_tag","embeddable":true,"href":"https:\/\/thomasaudio.se\/index.php?rest_route=%2Fwp%2Fv2%2Fproduct_tag&post=125"}],"curies":[{"name":"wp","href":"https:\/\/api.w.org\/{rel}","templated":true}]}}